{"id":6963,"date":"2025-08-14T12:36:50","date_gmt":"2025-08-14T12:36:50","guid":{"rendered":"https:\/\/probiowellness.com.pe\/?post_type=product&#038;p=6963"},"modified":"2025-09-25T21:52:40","modified_gmt":"2025-09-25T21:52:40","slug":"gel-nb-2","status":"publish","type":"product","link":"https:\/\/laboratorioscolichon.com\/en\/product\/gel-nb-2\/","title":{"rendered":"NB GEL"},"content":{"rendered":"<p><span style=\"font-size: 14pt; color: #000000;\"><br \/>\n<strong><span style=\"font-size: 18pt;\">NB PROBIOTIC GEL<\/span><\/strong><br \/>\n<\/span> contains millions of <strong>Lactobacillus acidophilus<\/strong> and <strong>Lactobacillus bulgaricus<\/strong> live and active, in a culture medium based on <strong>hydrolyzed quinoa, soy, barley and carob<\/strong>, with a smooth texture and pleasant vanilla-cherry flavor.<\/p>\n<p>This liquid probiotic has been formulated to promote the <strong>balance of the intestinal microbiota<\/strong> and support digestive health, as part of a healthy lifestyle.<\/p>\n<p>\u2705 Contains <strong>2 live probiotic strains<\/strong><br \/>\n\u2705 Growing medium with natural ingredients (quinoa, soy, barley, carob)<br \/>\n\u2705 Supports intestinal and digestive health<br \/>\n\u2705 Health Registration: <strong>P2600524N\/NALBMD<\/strong><\/p>\n<p><strong style=\"background-color: black; color: white; padding: 2px 6px; display: inline-block;\">AVAILABLE PRESENTATIONS<\/strong><br \/>\n\u2022 Box per bottle of <strong>100 mL<\/strong> \u2013 S\/ 28<br \/>\n\u2022 Box per bottle of <strong>200 mL<\/strong> \u2013 S\/ 50  <\/p>\n<p><strong style=\"background-color: black; color: white; padding: 2px 6px; display: inline-block;\">HOW TO USE<\/strong><br \/>\n\u00bb <strong>Children:<\/strong> 2.5 mL, three times a day, for 7 days. One hour before or after meals.<br \/>\n\u00bb <strong>Adults:<\/strong> 5 mL, three times a day, for 7 days. One hour before or after meals.<br \/>\nOnce opened, consume all contents.<\/p>\n<p><strong style=\"background-color: black; color: white; padding: 2px 6px; display: inline-block;\">INGREDIENTS<\/strong><br \/>\nQuinoa, soy, barley, carob, sodium saccharin, carboxymethyl cellulose (INS 466), riboflavin, vanilla-cherry essence, water and millions of probiotic bacteria <em>(Lactobacillus acidophilus and Lactobacillus bulgaricus)<\/em>.<\/p>\n<p><strong style=\"background-color: black; color: white; padding: 2px 6px; display: inline-block;\">STORAGE CONDITIONS<\/strong><br \/>\nStore in a cool, dry place away from direct light. Does not require refrigeration.<\/p>\n<p><strong style=\"background-color: black; color: white; padding: 2px 6px; display: inline-block;\">WARNINGS<\/strong><br \/>\nThis product is not a medicine.<br \/>\nDo not consume if you are hypersensitive to any of its components.<br \/>\nKeep out of reach of children.<br \/>\nIts consumption is the responsibility of the person who recommends it and the person who uses it.<\/p>","protected":false},"excerpt":{"rendered":"<p><span style=\"font-size: 11pt; color: #000000;\"><br \/>\n<strong>Pro-biotic + 2 active strains (L. acidophilus, L. bulgaricus)<\/strong><br \/>\nPreservative-free \/ lactose-free \/ casein-free<br \/>\nPresentation: 100 mL bottle and 200 mL bottle<\/p>\n<p>DIGESA Health Registry: P2600524N\/NALBMD RUC: 20102106319<\/p>","protected":false},"featured_media":6966,"comment_status":"open","ping_status":"closed","template":"","meta":{"nf_dc_page":"","om_disable_all_campaigns":false,"_monsterinsights_skip_tracking":false,"_monsterinsights_sitenote_active":false,"_monsterinsights_sitenote_note":"","_monsterinsights_sitenote_category":0},"product_brand":[186],"product_cat":[159,160,155,158],"product_tag":[164,168,165,162,169,163,161,166,167],"class_list":{"0":"post-6963","1":"product","2":"type-product","3":"status-publish","4":"has-post-thumbnail","6":"product_brand-gel-nb","7":"product_cat-bienestar-integral","8":"product_cat-complementos-alimenticios","9":"product_cat-probioticos-prebioticos","10":"product_cat-sistema-inmunologico","11":"product_tag-bienestar-intestinal","12":"product_tag-biolactol","13":"product_tag-colichon","14":"product_tag-digestion","15":"product_tag-equilibrio-digestivo","16":"product_tag-microbiota","17":"product_tag-probioticos","18":"product_tag-salud-digestiva","19":"product_tag-sin-lactosa","21":"first","22":"instock","23":"taxable","24":"shipping-taxable","25":"purchasable","26":"product-type-variable"},"yoast_head":"<!-- This site is optimized with the Yoast SEO plugin v27.4 - https:\/\/yoast.com\/product\/yoast-seo-wordpress\/ -->\n<title>GEL NB - LaboratorioColichon<\/title>\n<meta name=\"robots\" content=\"index, follow, max-snippet:-1, max-image-preview:large, max-video-preview:-1\" \/>\n<link rel=\"canonical\" href=\"https:\/\/laboratorioscolichon.com\/en\/product\/gel-nb-2\/\" \/>\n<meta property=\"og:locale\" content=\"en_US\" \/>\n<meta property=\"og:type\" content=\"article\" \/>\n<meta property=\"og:title\" content=\"GEL NB - LaboratorioColichon\" \/>\n<meta property=\"og:description\" content=\"Pro-bi\u00f3tico + 2 cepas activas (L. acidophilus, L. bulgaricus) Libre de preservantes \/ libre de lactosa \/ libre de case\u00edna Presentaci\u00f3n: frasco de 100 mL y frasco de 200 mL  Registro Sanitario DIGESA: P2600524N\/NALBMD RUC: 20102106319\" \/>\n<meta property=\"og:url\" content=\"https:\/\/laboratorioscolichon.com\/en\/product\/gel-nb-2\/\" \/>\n<meta property=\"og:site_name\" content=\"LaboratorioColichon\" \/>\n<meta property=\"article:modified_time\" content=\"2025-09-25T21:52:40+00:00\" \/>\n<meta property=\"og:image\" content=\"https:\/\/laboratorioscolichon.com\/wp-content\/uploads\/2025\/08\/4_3_GEL_NB.jpg\" \/>\n\t<meta property=\"og:image:width\" content=\"1600\" \/>\n\t<meta property=\"og:image:height\" content=\"1600\" \/>\n\t<meta property=\"og:image:type\" content=\"image\/jpeg\" \/>\n<meta name=\"twitter:card\" content=\"summary_large_image\" \/>\n<meta name=\"twitter:label1\" content=\"Est. reading time\" \/>\n\t<meta name=\"twitter:data1\" content=\"2 minutes\" \/>\n<script type=\"application\/ld+json\" class=\"yoast-schema-graph\">{\"@context\":\"https:\\\/\\\/schema.org\",\"@graph\":[{\"@type\":\"WebPage\",\"@id\":\"https:\\\/\\\/laboratorioscolichon.com\\\/product\\\/gel-nb-2\\\/\",\"url\":\"https:\\\/\\\/laboratorioscolichon.com\\\/product\\\/gel-nb-2\\\/\",\"name\":\"GEL NB - LaboratorioColichon\",\"isPartOf\":{\"@id\":\"https:\\\/\\\/laboratorioscolichon.com\\\/#website\"},\"primaryImageOfPage\":{\"@id\":\"https:\\\/\\\/laboratorioscolichon.com\\\/product\\\/gel-nb-2\\\/#primaryimage\"},\"image\":{\"@id\":\"https:\\\/\\\/laboratorioscolichon.com\\\/product\\\/gel-nb-2\\\/#primaryimage\"},\"thumbnailUrl\":\"https:\\\/\\\/i0.wp.com\\\/laboratorioscolichon.com\\\/wp-content\\\/uploads\\\/2025\\\/08\\\/4_3_GEL_NB.jpg?fit=1600%2C1600&ssl=1\",\"datePublished\":\"2025-08-14T12:36:50+00:00\",\"dateModified\":\"2025-09-25T21:52:40+00:00\",\"breadcrumb\":{\"@id\":\"https:\\\/\\\/laboratorioscolichon.com\\\/product\\\/gel-nb-2\\\/#breadcrumb\"},\"inLanguage\":\"en-US\",\"potentialAction\":[{\"@type\":\"ReadAction\",\"target\":[\"https:\\\/\\\/laboratorioscolichon.com\\\/product\\\/gel-nb-2\\\/\"]}]},{\"@type\":\"ImageObject\",\"inLanguage\":\"en-US\",\"@id\":\"https:\\\/\\\/laboratorioscolichon.com\\\/product\\\/gel-nb-2\\\/#primaryimage\",\"url\":\"https:\\\/\\\/i0.wp.com\\\/laboratorioscolichon.com\\\/wp-content\\\/uploads\\\/2025\\\/08\\\/4_3_GEL_NB.jpg?fit=1600%2C1600&ssl=1\",\"contentUrl\":\"https:\\\/\\\/i0.wp.com\\\/laboratorioscolichon.com\\\/wp-content\\\/uploads\\\/2025\\\/08\\\/4_3_GEL_NB.jpg?fit=1600%2C1600&ssl=1\",\"width\":1600,\"height\":1600},{\"@type\":\"BreadcrumbList\",\"@id\":\"https:\\\/\\\/laboratorioscolichon.com\\\/product\\\/gel-nb-2\\\/#breadcrumb\",\"itemListElement\":[{\"@type\":\"ListItem\",\"position\":1,\"name\":\"Home\",\"item\":\"https:\\\/\\\/laboratorioscolichon.com\\\/\"},{\"@type\":\"ListItem\",\"position\":2,\"name\":\"SHOP\",\"item\":\"https:\\\/\\\/laboratorioscolichon.com\\\/shop-2\\\/\"},{\"@type\":\"ListItem\",\"position\":3,\"name\":\"GEL NB\"}]},{\"@type\":\"WebSite\",\"@id\":\"https:\\\/\\\/laboratorioscolichon.com\\\/#website\",\"url\":\"https:\\\/\\\/laboratorioscolichon.com\\\/\",\"name\":\"LaboratorioColichon\",\"description\":\"Laboratorios Colich\u00f3n: m\u00e1s de 65 a\u00f1os desarrollando PROBI\u00d3TICOS NATURALES Y VIVOS en Per\u00fa. Cepas de alta calidad para la salud intestinal, \u00edntima y familiar, libres de lactosa y gluten.\",\"publisher\":{\"@id\":\"https:\\\/\\\/laboratorioscolichon.com\\\/#organization\"},\"potentialAction\":[{\"@type\":\"SearchAction\",\"target\":{\"@type\":\"EntryPoint\",\"urlTemplate\":\"https:\\\/\\\/laboratorioscolichon.com\\\/?s={search_term_string}\"},\"query-input\":{\"@type\":\"PropertyValueSpecification\",\"valueRequired\":true,\"valueName\":\"search_term_string\"}}],\"inLanguage\":\"en-US\"},{\"@type\":\"Organization\",\"@id\":\"https:\\\/\\\/laboratorioscolichon.com\\\/#organization\",\"name\":\"LaboratorioColichon\",\"url\":\"https:\\\/\\\/laboratorioscolichon.com\\\/\",\"logo\":{\"@type\":\"ImageObject\",\"inLanguage\":\"en-US\",\"@id\":\"https:\\\/\\\/laboratorioscolichon.com\\\/#\\\/schema\\\/logo\\\/image\\\/\",\"url\":\"\",\"contentUrl\":\"\",\"caption\":\"LaboratorioColichon\"},\"image\":{\"@id\":\"https:\\\/\\\/laboratorioscolichon.com\\\/#\\\/schema\\\/logo\\\/image\\\/\"}}]}<\/script>\n<!-- \/ Yoast SEO plugin. -->","yoast_head_json":{"title":"GEL NB - LaboratorioColichon","robots":{"index":"index","follow":"follow","max-snippet":"max-snippet:-1","max-image-preview":"max-image-preview:large","max-video-preview":"max-video-preview:-1"},"canonical":"https:\/\/laboratorioscolichon.com\/en\/product\/gel-nb-2\/","og_locale":"en_US","og_type":"article","og_title":"GEL NB - LaboratorioColichon","og_description":"Pro-bi\u00f3tico + 2 cepas activas (L. acidophilus, L. bulgaricus) Libre de preservantes \/ libre de lactosa \/ libre de case\u00edna Presentaci\u00f3n: frasco de 100 mL y frasco de 200 mL  Registro Sanitario DIGESA: P2600524N\/NALBMD RUC: 20102106319","og_url":"https:\/\/laboratorioscolichon.com\/en\/product\/gel-nb-2\/","og_site_name":"LaboratorioColichon","article_modified_time":"2025-09-25T21:52:40+00:00","og_image":[{"width":1600,"height":1600,"url":"https:\/\/laboratorioscolichon.com\/wp-content\/uploads\/2025\/08\/4_3_GEL_NB.jpg","type":"image\/jpeg"}],"twitter_card":"summary_large_image","twitter_misc":{"Est. reading time":"2 minutes"},"schema":{"@context":"https:\/\/schema.org","@graph":[{"@type":"WebPage","@id":"https:\/\/laboratorioscolichon.com\/product\/gel-nb-2\/","url":"https:\/\/laboratorioscolichon.com\/product\/gel-nb-2\/","name":"GEL NB - LaboratorioColichon","isPartOf":{"@id":"https:\/\/laboratorioscolichon.com\/#website"},"primaryImageOfPage":{"@id":"https:\/\/laboratorioscolichon.com\/product\/gel-nb-2\/#primaryimage"},"image":{"@id":"https:\/\/laboratorioscolichon.com\/product\/gel-nb-2\/#primaryimage"},"thumbnailUrl":"https:\/\/i0.wp.com\/laboratorioscolichon.com\/wp-content\/uploads\/2025\/08\/4_3_GEL_NB.jpg?fit=1600%2C1600&ssl=1","datePublished":"2025-08-14T12:36:50+00:00","dateModified":"2025-09-25T21:52:40+00:00","breadcrumb":{"@id":"https:\/\/laboratorioscolichon.com\/product\/gel-nb-2\/#breadcrumb"},"inLanguage":"en-US","potentialAction":[{"@type":"ReadAction","target":["https:\/\/laboratorioscolichon.com\/product\/gel-nb-2\/"]}]},{"@type":"ImageObject","inLanguage":"en-US","@id":"https:\/\/laboratorioscolichon.com\/product\/gel-nb-2\/#primaryimage","url":"https:\/\/i0.wp.com\/laboratorioscolichon.com\/wp-content\/uploads\/2025\/08\/4_3_GEL_NB.jpg?fit=1600%2C1600&ssl=1","contentUrl":"https:\/\/i0.wp.com\/laboratorioscolichon.com\/wp-content\/uploads\/2025\/08\/4_3_GEL_NB.jpg?fit=1600%2C1600&ssl=1","width":1600,"height":1600},{"@type":"BreadcrumbList","@id":"https:\/\/laboratorioscolichon.com\/product\/gel-nb-2\/#breadcrumb","itemListElement":[{"@type":"ListItem","position":1,"name":"Home","item":"https:\/\/laboratorioscolichon.com\/"},{"@type":"ListItem","position":2,"name":"SHOP","item":"https:\/\/laboratorioscolichon.com\/shop-2\/"},{"@type":"ListItem","position":3,"name":"GEL NB"}]},{"@type":"WebSite","@id":"https:\/\/laboratorioscolichon.com\/#website","url":"https:\/\/laboratorioscolichon.com\/","name":"Laboratorio Colichon","description":"Colich\u00f3n Laboratories: Over 65 years developing natural, live probiotics in Peru. High-quality strains for intestinal, intimate, and family health, lactose and gluten free.","publisher":{"@id":"https:\/\/laboratorioscolichon.com\/#organization"},"potentialAction":[{"@type":"SearchAction","target":{"@type":"EntryPoint","urlTemplate":"https:\/\/laboratorioscolichon.com\/?s={search_term_string}"},"query-input":{"@type":"PropertyValueSpecification","valueRequired":true,"valueName":"search_term_string"}}],"inLanguage":"en-US"},{"@type":"Organization","@id":"https:\/\/laboratorioscolichon.com\/#organization","name":"Laboratorio Colichon","url":"https:\/\/laboratorioscolichon.com\/","logo":{"@type":"ImageObject","inLanguage":"en-US","@id":"https:\/\/laboratorioscolichon.com\/#\/schema\/logo\/image\/","url":"","contentUrl":"","caption":"LaboratorioColichon"},"image":{"@id":"https:\/\/laboratorioscolichon.com\/#\/schema\/logo\/image\/"}}]}},"jetpack_sharing_enabled":true,"_links":{"self":[{"href":"https:\/\/laboratorioscolichon.com\/en\/wp-json\/wp\/v2\/product\/6963","targetHints":{"allow":["GET"]}}],"collection":[{"href":"https:\/\/laboratorioscolichon.com\/en\/wp-json\/wp\/v2\/product"}],"about":[{"href":"https:\/\/laboratorioscolichon.com\/en\/wp-json\/wp\/v2\/types\/product"}],"replies":[{"embeddable":true,"href":"https:\/\/laboratorioscolichon.com\/en\/wp-json\/wp\/v2\/comments?post=6963"}],"wp:featuredmedia":[{"embeddable":true,"href":"https:\/\/laboratorioscolichon.com\/en\/wp-json\/wp\/v2\/media\/6966"}],"wp:attachment":[{"href":"https:\/\/laboratorioscolichon.com\/en\/wp-json\/wp\/v2\/media?parent=6963"}],"wp:term":[{"taxonomy":"product_brand","embeddable":true,"href":"https:\/\/laboratorioscolichon.com\/en\/wp-json\/wp\/v2\/product_brand?post=6963"},{"taxonomy":"product_cat","embeddable":true,"href":"https:\/\/laboratorioscolichon.com\/en\/wp-json\/wp\/v2\/product_cat?post=6963"},{"taxonomy":"product_tag","embeddable":true,"href":"https:\/\/laboratorioscolichon.com\/en\/wp-json\/wp\/v2\/product_tag?post=6963"}],"curies":[{"name":"wp","href":"https:\/\/api.w.org\/{rel}","templated":true}]}}