{"id":6959,"date":"2025-08-14T12:21:02","date_gmt":"2025-08-14T12:21:02","guid":{"rendered":"https:\/\/probiowellness.com.pe\/?post_type=product&#038;p=6959"},"modified":"2025-08-14T12:30:39","modified_gmt":"2025-08-14T12:30:39","slug":"colageno-hidrolizado-4-cepas-probioticas-camu-camu-liofilizado","status":"publish","type":"product","link":"https:\/\/laboratorioscolichon.com\/en\/product\/colageno-hidrolizado-4-cepas-probioticas-camu-camu-liofilizado\/","title":{"rendered":"HYDROLYZED COLLAGEN 4 PROBIOTIC STRAINS FREEZE-DRIED CAMU CAMU"},"content":{"rendered":"<p><span style=\"font-size: 14pt; color: #000000;\"><br \/>\n<strong><span style=\"font-size: 18pt;\">ProbioWellness Hydrolyzed Collagen + 4 Probiotic Strains + Freeze-Dried Camu Camu<\/span><\/strong><br \/>\n<\/span> It is a dietary supplement that combines <strong>hydrolyzed collagen<\/strong>, <strong>freeze-dried camu camu<\/strong> and <strong>4 active strains of probiotics<\/strong>, formulated to support comprehensive well-being and digestive health.<\/p>\n<p>He <strong>hydrolyzed collagen<\/strong> Provides key peptides that help maintain the elasticity and flexibility of skin, bones and cartilage.<br \/>\nHe <strong>camu camu<\/strong>, an Amazonian fruit, is recognized for its high concentration of natural vitamin C.<br \/>\nThe <strong>4 probiotic strains<\/strong> (Lactobacillus acidophilus, Lactobacillus casei, Bifidobacterium bifidum and Lactobacillus rhamnosus) promote the balance of the intestinal microbiota as part of a healthy lifestyle.<\/p>\n<p>\u2705 Contains <strong>hydrolyzed collagen + camu camu + 4 probiotic strains<\/strong><br \/>\n\u2705 Support the <strong>skin, bone and cartilage health<\/strong><br \/>\n\u2705 Promotes the <strong>digestive balance and intestinal microbiota<\/strong><br \/>\n\u2705 Natural source of <strong>vitamin C<\/strong><br \/>\n\u2705 Health Registration: <strong>N8304024N\/NALBMD<\/strong><\/p>\n<p><strong style=\"background-color: black; color: white; padding: 2px 6px; display: inline-block;\">PRESENTATION AVAILABLE<\/strong><br \/>\n\u2022 300g jar<\/p>\n<p><strong style=\"background-color: black; color: white; padding: 2px 6px; display: inline-block;\">HOW TO USE<\/strong><br \/>\nDissolve 1 measuring spoon (10 g) in water or your preferred beverage that is not hot.<\/p>\n<p><strong style=\"background-color: black; color: white; padding: 2px 6px; display: inline-block;\">INGREDIENTS<\/strong><br \/>\nHydrolyzed collagen, freeze-dried camu camu, mixture of probiotic cultures (Lactobacillus acidophilus, Lactobacillus casei, Bifidobacterium bifidum, Lactobacillus rhamnosus).<\/p>\n<p><strong style=\"background-color: black; color: white; padding: 2px 6px; display: inline-block;\">STORAGE CONDITIONS<\/strong><br \/>\nStore in a cool, dry place away from direct light. Does not require refrigeration.<\/p>\n<p><strong style=\"background-color: black; color: white; padding: 2px 6px; display: inline-block;\">WARNINGS<\/strong><br \/>\nThis product is not a medicine.<br \/>\nDo not consume if you are hypersensitive to any of its components.<br \/>\nKeep out of reach of children.<br \/>\nIts consumption is the responsibility of the person who recommends it and the person who uses it.<\/p>","protected":false},"excerpt":{"rendered":"<p>Advanced formula to support healthy skin, bones, cartilage, and gut microbiota.<br \/>\nContains hydrolyzed collagen, camu camu and a mixture of <strong>4 freeze-dried probiotic strains<\/strong>.<br \/>\nDIGESA Health Registry: N8304024N\/NALBMD<\/p>","protected":false},"featured_media":6955,"comment_status":"open","ping_status":"closed","template":"","meta":{"nf_dc_page":"","om_disable_all_campaigns":false,"_monsterinsights_skip_tracking":false,"_monsterinsights_sitenote_active":false,"_monsterinsights_sitenote_note":"","_monsterinsights_sitenote_category":0},"product_brand":[173],"product_cat":[225,159,160,226,155,228,227,158],"product_tag":[238,237,163,161,166,239],"class_list":{"0":"post-6959","1":"product","2":"type-product","3":"status-publish","4":"has-post-thumbnail","6":"product_brand-lacto-cereal","7":"product_cat-belleza-y-bienestar","8":"product_cat-bienestar-integral","9":"product_cat-complementos-alimenticios","10":"product_cat-cuidado-de-la-piel","11":"product_cat-probioticos-prebioticos","12":"product_cat-salud","13":"product_cat-sistema-digestivo","14":"product_cat-sistema-inmunologico","15":"product_tag-camu-camu","16":"product_tag-colageno-hidrolizado","17":"product_tag-microbiota","18":"product_tag-probioticos","19":"product_tag-salud-digestiva","20":"product_tag-vitamina-c","22":"first","23":"instock","24":"taxable","25":"shipping-taxable","26":"purchasable","27":"product-type-simple"},"yoast_head":"<!-- This site is optimized with the Yoast SEO plugin v27.4 - https:\/\/yoast.com\/product\/yoast-seo-wordpress\/ -->\n<title>COLAGENO HIDROLIZADO 4 CEPAS PROBI\u00d3TICAS CAMU CAMU LIOFILIZADO - LaboratorioColichon<\/title>\n<meta name=\"robots\" content=\"index, follow, max-snippet:-1, max-image-preview:large, max-video-preview:-1\" \/>\n<link rel=\"canonical\" href=\"https:\/\/laboratorioscolichon.com\/en\/product\/colageno-hidrolizado-4-cepas-probioticas-camu-camu-liofilizado\/\" \/>\n<meta property=\"og:locale\" content=\"en_US\" \/>\n<meta property=\"og:type\" content=\"article\" \/>\n<meta property=\"og:title\" content=\"COLAGENO HIDROLIZADO 4 CEPAS PROBI\u00d3TICAS CAMU CAMU LIOFILIZADO - LaboratorioColichon\" \/>\n<meta property=\"og:description\" content=\"F\u00f3rmula avanzada para apoyar la salud de piel, huesos, cart\u00edlagos y microbiota intestinal. Contiene Col\u00e1geno hidrolizado, Camu Camu y una mezcla de 4 cepas probi\u00f3ticas liofilizadas. Registro Sanitario DIGESA: N8304024N\/NALBMD\" \/>\n<meta property=\"og:url\" content=\"https:\/\/laboratorioscolichon.com\/en\/product\/colageno-hidrolizado-4-cepas-probioticas-camu-camu-liofilizado\/\" \/>\n<meta property=\"og:site_name\" content=\"LaboratorioColichon\" \/>\n<meta property=\"article:modified_time\" content=\"2025-08-14T12:30:39+00:00\" \/>\n<meta property=\"og:image\" content=\"https:\/\/i0.wp.com\/laboratorioscolichon.com\/wp-content\/uploads\/2025\/08\/14_3_COLAGENO1_1.jpg?fit=1600%2C1600&ssl=1\" \/>\n\t<meta property=\"og:image:width\" content=\"1600\" \/>\n\t<meta property=\"og:image:height\" content=\"1600\" \/>\n\t<meta property=\"og:image:type\" content=\"image\/jpeg\" \/>\n<meta name=\"twitter:card\" content=\"summary_large_image\" \/>\n<meta name=\"twitter:label1\" content=\"Est. reading time\" \/>\n\t<meta name=\"twitter:data1\" content=\"2 minutes\" \/>\n<script type=\"application\/ld+json\" class=\"yoast-schema-graph\">{\"@context\":\"https:\\\/\\\/schema.org\",\"@graph\":[{\"@type\":\"WebPage\",\"@id\":\"https:\\\/\\\/laboratorioscolichon.com\\\/product\\\/colageno-hidrolizado-4-cepas-probioticas-camu-camu-liofilizado\\\/\",\"url\":\"https:\\\/\\\/laboratorioscolichon.com\\\/product\\\/colageno-hidrolizado-4-cepas-probioticas-camu-camu-liofilizado\\\/\",\"name\":\"COLAGENO HIDROLIZADO 4 CEPAS PROBI\u00d3TICAS CAMU CAMU LIOFILIZADO - LaboratorioColichon\",\"isPartOf\":{\"@id\":\"https:\\\/\\\/laboratorioscolichon.com\\\/#website\"},\"primaryImageOfPage\":{\"@id\":\"https:\\\/\\\/laboratorioscolichon.com\\\/product\\\/colageno-hidrolizado-4-cepas-probioticas-camu-camu-liofilizado\\\/#primaryimage\"},\"image\":{\"@id\":\"https:\\\/\\\/laboratorioscolichon.com\\\/product\\\/colageno-hidrolizado-4-cepas-probioticas-camu-camu-liofilizado\\\/#primaryimage\"},\"thumbnailUrl\":\"https:\\\/\\\/i0.wp.com\\\/laboratorioscolichon.com\\\/wp-content\\\/uploads\\\/2025\\\/08\\\/14_3_COLAGENO1_1.jpg?fit=1600%2C1600&ssl=1\",\"datePublished\":\"2025-08-14T12:21:02+00:00\",\"dateModified\":\"2025-08-14T12:30:39+00:00\",\"breadcrumb\":{\"@id\":\"https:\\\/\\\/laboratorioscolichon.com\\\/product\\\/colageno-hidrolizado-4-cepas-probioticas-camu-camu-liofilizado\\\/#breadcrumb\"},\"inLanguage\":\"en-US\",\"potentialAction\":[{\"@type\":\"ReadAction\",\"target\":[\"https:\\\/\\\/laboratorioscolichon.com\\\/product\\\/colageno-hidrolizado-4-cepas-probioticas-camu-camu-liofilizado\\\/\"]}]},{\"@type\":\"ImageObject\",\"inLanguage\":\"en-US\",\"@id\":\"https:\\\/\\\/laboratorioscolichon.com\\\/product\\\/colageno-hidrolizado-4-cepas-probioticas-camu-camu-liofilizado\\\/#primaryimage\",\"url\":\"https:\\\/\\\/i0.wp.com\\\/laboratorioscolichon.com\\\/wp-content\\\/uploads\\\/2025\\\/08\\\/14_3_COLAGENO1_1.jpg?fit=1600%2C1600&ssl=1\",\"contentUrl\":\"https:\\\/\\\/i0.wp.com\\\/laboratorioscolichon.com\\\/wp-content\\\/uploads\\\/2025\\\/08\\\/14_3_COLAGENO1_1.jpg?fit=1600%2C1600&ssl=1\",\"width\":1600,\"height\":1600},{\"@type\":\"BreadcrumbList\",\"@id\":\"https:\\\/\\\/laboratorioscolichon.com\\\/product\\\/colageno-hidrolizado-4-cepas-probioticas-camu-camu-liofilizado\\\/#breadcrumb\",\"itemListElement\":[{\"@type\":\"ListItem\",\"position\":1,\"name\":\"Home\",\"item\":\"https:\\\/\\\/laboratorioscolichon.com\\\/\"},{\"@type\":\"ListItem\",\"position\":2,\"name\":\"SHOP\",\"item\":\"https:\\\/\\\/laboratorioscolichon.com\\\/shop-2\\\/\"},{\"@type\":\"ListItem\",\"position\":3,\"name\":\"COLAGENO HIDROLIZADO 4 CEPAS PROBI\u00d3TICAS CAMU CAMU LIOFILIZADO\"}]},{\"@type\":\"WebSite\",\"@id\":\"https:\\\/\\\/laboratorioscolichon.com\\\/#website\",\"url\":\"https:\\\/\\\/laboratorioscolichon.com\\\/\",\"name\":\"LaboratorioColichon\",\"description\":\"Laboratorios Colich\u00f3n: m\u00e1s de 65 a\u00f1os desarrollando PROBI\u00d3TICOS NATURALES Y VIVOS en Per\u00fa. Cepas de alta calidad para la salud intestinal, \u00edntima y familiar, libres de lactosa y gluten.\",\"publisher\":{\"@id\":\"https:\\\/\\\/laboratorioscolichon.com\\\/#organization\"},\"potentialAction\":[{\"@type\":\"SearchAction\",\"target\":{\"@type\":\"EntryPoint\",\"urlTemplate\":\"https:\\\/\\\/laboratorioscolichon.com\\\/?s={search_term_string}\"},\"query-input\":{\"@type\":\"PropertyValueSpecification\",\"valueRequired\":true,\"valueName\":\"search_term_string\"}}],\"inLanguage\":\"en-US\"},{\"@type\":\"Organization\",\"@id\":\"https:\\\/\\\/laboratorioscolichon.com\\\/#organization\",\"name\":\"LaboratorioColichon\",\"url\":\"https:\\\/\\\/laboratorioscolichon.com\\\/\",\"logo\":{\"@type\":\"ImageObject\",\"inLanguage\":\"en-US\",\"@id\":\"https:\\\/\\\/laboratorioscolichon.com\\\/#\\\/schema\\\/logo\\\/image\\\/\",\"url\":\"\",\"contentUrl\":\"\",\"caption\":\"LaboratorioColichon\"},\"image\":{\"@id\":\"https:\\\/\\\/laboratorioscolichon.com\\\/#\\\/schema\\\/logo\\\/image\\\/\"}}]}<\/script>\n<!-- \/ Yoast SEO plugin. -->","yoast_head_json":{"title":"COLAGENO HIDROLIZADO 4 CEPAS PROBI\u00d3TICAS CAMU CAMU LIOFILIZADO - LaboratorioColichon","robots":{"index":"index","follow":"follow","max-snippet":"max-snippet:-1","max-image-preview":"max-image-preview:large","max-video-preview":"max-video-preview:-1"},"canonical":"https:\/\/laboratorioscolichon.com\/en\/product\/colageno-hidrolizado-4-cepas-probioticas-camu-camu-liofilizado\/","og_locale":"en_US","og_type":"article","og_title":"COLAGENO HIDROLIZADO 4 CEPAS PROBI\u00d3TICAS CAMU CAMU LIOFILIZADO - LaboratorioColichon","og_description":"F\u00f3rmula avanzada para apoyar la salud de piel, huesos, cart\u00edlagos y microbiota intestinal. Contiene Col\u00e1geno hidrolizado, Camu Camu y una mezcla de 4 cepas probi\u00f3ticas liofilizadas. Registro Sanitario DIGESA: N8304024N\/NALBMD","og_url":"https:\/\/laboratorioscolichon.com\/en\/product\/colageno-hidrolizado-4-cepas-probioticas-camu-camu-liofilizado\/","og_site_name":"LaboratorioColichon","article_modified_time":"2025-08-14T12:30:39+00:00","og_image":[{"width":1600,"height":1600,"url":"https:\/\/i0.wp.com\/laboratorioscolichon.com\/wp-content\/uploads\/2025\/08\/14_3_COLAGENO1_1.jpg?fit=1600%2C1600&ssl=1","type":"image\/jpeg"}],"twitter_card":"summary_large_image","twitter_misc":{"Est. reading time":"2 minutes"},"schema":{"@context":"https:\/\/schema.org","@graph":[{"@type":"WebPage","@id":"https:\/\/laboratorioscolichon.com\/product\/colageno-hidrolizado-4-cepas-probioticas-camu-camu-liofilizado\/","url":"https:\/\/laboratorioscolichon.com\/product\/colageno-hidrolizado-4-cepas-probioticas-camu-camu-liofilizado\/","name":"COLAGENO HIDROLIZADO 4 CEPAS PROBI\u00d3TICAS CAMU CAMU LIOFILIZADO - LaboratorioColichon","isPartOf":{"@id":"https:\/\/laboratorioscolichon.com\/#website"},"primaryImageOfPage":{"@id":"https:\/\/laboratorioscolichon.com\/product\/colageno-hidrolizado-4-cepas-probioticas-camu-camu-liofilizado\/#primaryimage"},"image":{"@id":"https:\/\/laboratorioscolichon.com\/product\/colageno-hidrolizado-4-cepas-probioticas-camu-camu-liofilizado\/#primaryimage"},"thumbnailUrl":"https:\/\/i0.wp.com\/laboratorioscolichon.com\/wp-content\/uploads\/2025\/08\/14_3_COLAGENO1_1.jpg?fit=1600%2C1600&ssl=1","datePublished":"2025-08-14T12:21:02+00:00","dateModified":"2025-08-14T12:30:39+00:00","breadcrumb":{"@id":"https:\/\/laboratorioscolichon.com\/product\/colageno-hidrolizado-4-cepas-probioticas-camu-camu-liofilizado\/#breadcrumb"},"inLanguage":"en-US","potentialAction":[{"@type":"ReadAction","target":["https:\/\/laboratorioscolichon.com\/product\/colageno-hidrolizado-4-cepas-probioticas-camu-camu-liofilizado\/"]}]},{"@type":"ImageObject","inLanguage":"en-US","@id":"https:\/\/laboratorioscolichon.com\/product\/colageno-hidrolizado-4-cepas-probioticas-camu-camu-liofilizado\/#primaryimage","url":"https:\/\/i0.wp.com\/laboratorioscolichon.com\/wp-content\/uploads\/2025\/08\/14_3_COLAGENO1_1.jpg?fit=1600%2C1600&ssl=1","contentUrl":"https:\/\/i0.wp.com\/laboratorioscolichon.com\/wp-content\/uploads\/2025\/08\/14_3_COLAGENO1_1.jpg?fit=1600%2C1600&ssl=1","width":1600,"height":1600},{"@type":"BreadcrumbList","@id":"https:\/\/laboratorioscolichon.com\/product\/colageno-hidrolizado-4-cepas-probioticas-camu-camu-liofilizado\/#breadcrumb","itemListElement":[{"@type":"ListItem","position":1,"name":"Home","item":"https:\/\/laboratorioscolichon.com\/"},{"@type":"ListItem","position":2,"name":"SHOP","item":"https:\/\/laboratorioscolichon.com\/shop-2\/"},{"@type":"ListItem","position":3,"name":"COLAGENO HIDROLIZADO 4 CEPAS PROBI\u00d3TICAS CAMU CAMU LIOFILIZADO"}]},{"@type":"WebSite","@id":"https:\/\/laboratorioscolichon.com\/#website","url":"https:\/\/laboratorioscolichon.com\/","name":"Laboratorio Colichon","description":"Colich\u00f3n Laboratories: Over 65 years developing natural, live probiotics in Peru. High-quality strains for intestinal, intimate, and family health, lactose and gluten free.","publisher":{"@id":"https:\/\/laboratorioscolichon.com\/#organization"},"potentialAction":[{"@type":"SearchAction","target":{"@type":"EntryPoint","urlTemplate":"https:\/\/laboratorioscolichon.com\/?s={search_term_string}"},"query-input":{"@type":"PropertyValueSpecification","valueRequired":true,"valueName":"search_term_string"}}],"inLanguage":"en-US"},{"@type":"Organization","@id":"https:\/\/laboratorioscolichon.com\/#organization","name":"Laboratorio Colichon","url":"https:\/\/laboratorioscolichon.com\/","logo":{"@type":"ImageObject","inLanguage":"en-US","@id":"https:\/\/laboratorioscolichon.com\/#\/schema\/logo\/image\/","url":"","contentUrl":"","caption":"LaboratorioColichon"},"image":{"@id":"https:\/\/laboratorioscolichon.com\/#\/schema\/logo\/image\/"}}]}},"jetpack_sharing_enabled":true,"_links":{"self":[{"href":"https:\/\/laboratorioscolichon.com\/en\/wp-json\/wp\/v2\/product\/6959","targetHints":{"allow":["GET"]}}],"collection":[{"href":"https:\/\/laboratorioscolichon.com\/en\/wp-json\/wp\/v2\/product"}],"about":[{"href":"https:\/\/laboratorioscolichon.com\/en\/wp-json\/wp\/v2\/types\/product"}],"replies":[{"embeddable":true,"href":"https:\/\/laboratorioscolichon.com\/en\/wp-json\/wp\/v2\/comments?post=6959"}],"wp:featuredmedia":[{"embeddable":true,"href":"https:\/\/laboratorioscolichon.com\/en\/wp-json\/wp\/v2\/media\/6955"}],"wp:attachment":[{"href":"https:\/\/laboratorioscolichon.com\/en\/wp-json\/wp\/v2\/media?parent=6959"}],"wp:term":[{"taxonomy":"product_brand","embeddable":true,"href":"https:\/\/laboratorioscolichon.com\/en\/wp-json\/wp\/v2\/product_brand?post=6959"},{"taxonomy":"product_cat","embeddable":true,"href":"https:\/\/laboratorioscolichon.com\/en\/wp-json\/wp\/v2\/product_cat?post=6959"},{"taxonomy":"product_tag","embeddable":true,"href":"https:\/\/laboratorioscolichon.com\/en\/wp-json\/wp\/v2\/product_tag?post=6959"}],"curies":[{"name":"wp","href":"https:\/\/api.w.org\/{rel}","templated":true}]}}