{"id":6938,"date":"2025-08-07T15:29:14","date_gmt":"2025-08-07T15:29:14","guid":{"rendered":"https:\/\/probiowellness.com.pe\/?post_type=product&#038;p=6938"},"modified":"2026-04-10T21:20:37","modified_gmt":"2026-04-10T21:20:37","slug":"probiowellness-gummies","status":"publish","type":"product","link":"https:\/\/laboratorioscolichon.com\/en\/product\/probiowellness-gummies\/","title":{"rendered":"Probiowellness Gummies"},"content":{"rendered":"<p><span style=\"font-size: 14pt; color: #000000;\"><br \/>\n  <strong><span style=\"font-size: 18pt;\">Probiowellness Gummies<\/span><\/strong><br \/>\n<\/span> They are functional gummies formulated with a powerful combination of<br \/>\n<strong>6 active strains of probiotics<\/strong>, <strong>prebiotics<\/strong> (inulin) and <strong>vitamins C and B12<\/strong>.<br \/>\nDesigned to promote the <strong>digestive, immunological and energetic well-being<\/strong>, are ideal to incorporate into your daily routine.<\/p>\n<p>\u2705 <strong>Digestive balance:<\/strong> promote a healthy intestinal microbiota.<br \/>\n\u2705 <strong>Natural defenses:<\/strong> contribute to the functioning of the immune system.<br \/>\n\u2705 <strong>Energy and vitality:<\/strong> help reduce tiredness and fatigue.<br \/>\n<strong>\u2705 Preservative-free, gluten-free, lactose-free, and casein-free<\/strong><br \/>\n\u2705 Health Registration: <strong>G6606125N-NKCMAI<\/strong><\/p>\n<p><strong style=\"background-color: black; color: white; padding: 2px 6px; display: inline-block;\">PRESENTATION AVAILABLE<\/strong><br \/>\n\u2022 Jar of 90 gummies  <\/p>\n<p><strong style=\"background-color: black; color: white; padding: 2px 6px; display: inline-block;\">HOW TO USE<\/strong><br \/>\n\u00bb Consume 3 gummies a day.<br \/>\n\u00bb They can be taken directly as a functional snack.<\/p>\n<p><strong style=\"background-color: black; color: white; padding: 2px 6px; display: inline-block;\">INGREDIENTS<\/strong><br \/>\nWhite sugar, panela, stevia, glucose, gelatin, acidity regulators (citric acid INS 330 and sodium lactate INS 325), strawberry flavor, color (allura red AC INS 129), inulin, lyophilized probiotic cultures (Lactobacillus casei, Lactobacillus plantarum, Lactobacillus reuteri, Lactobacillus rhamnosus, Bifidobacterium lactis and Bacillus coagulans) and vitamins (C and B12).<\/p>\n<p><strong style=\"background-color: black; color: white; padding: 2px 6px; display: inline-block;\">RECOMMENDATIONS<\/strong><br \/>\n\u00bb Shake well before use.<br \/>\n\u00bb Consume directly without mixing.<br \/>\n\u00bb Close the bottle tightly after use.<br \/>\n\u00bb Once opened, use all contents.<br \/>\n\u00bb Store in a clean, cool, dry place.<\/p>\n<p><strong style=\"background-color: black; color: white; padding: 2px 6px; display: inline-block;\">WARNINGS<\/strong><br \/>\nThis product is not a medicine.<br \/>\nDo not consume if you are hypersensitive to any of its components.<br \/>\nKeep out of reach of children.<br \/>\nIts consumption is the responsibility of the person who recommends it and the person who uses it.<\/p>","protected":false},"excerpt":{"rendered":"<p><span style=\"font-size: 11 pt; color: #000000;\"><br \/>\n<strong>PROBIOTIC + PREBIOTIC with 6 active STRAINS + Inulin + Vitamins C and B12.<\/strong><br \/>\nFunctional gummies with six active probiotic strains, prebiotics (inulin), and vitamins C and B12. They support your digestion, strengthen your immune system, and energize you.<br \/>\nPreservative \/ lactose \/ casein \/ gluten free<br \/>\n<\/span><br \/>\nREG. SANITARY: G6606125N-NKCMAI<br \/>\nRUC: 20102106319<\/p>","protected":false},"featured_media":6941,"comment_status":"open","ping_status":"closed","template":"","meta":{"nf_dc_page":"","om_disable_all_campaigns":false,"_monsterinsights_skip_tracking":false,"_monsterinsights_sitenote_active":false,"_monsterinsights_sitenote_note":"","_monsterinsights_sitenote_category":0},"product_brand":[172],"product_cat":[159,160,184,155,156,158],"product_tag":[223,222,176,188,219,221],"class_list":{"0":"post-6938","1":"product","2":"type-product","3":"status-publish","4":"has-post-thumbnail","6":"product_brand-probiowellnes","7":"product_cat-bienestar-integral","8":"product_cat-complementos-alimenticios","9":"product_cat-infantil","10":"product_cat-probioticos-prebioticos","11":"product_cat-salud-infantil","12":"product_cat-sistema-inmunologico","13":"product_tag-bienestar","14":"product_tag-gomitas","15":"product_tag-prebiotico","16":"product_tag-probiotico","17":"product_tag-salud-intestinal","18":"product_tag-vitaminas","20":"first","21":"instock","22":"sale","23":"taxable","24":"shipping-taxable","25":"purchasable","26":"product-type-variable"},"yoast_head":"<!-- This site is optimized with the Yoast SEO plugin v27.4 - https:\/\/yoast.com\/product\/yoast-seo-wordpress\/ -->\n<title>PROBIOWELLNESS GUMMIES - LaboratorioColichon<\/title>\n<meta name=\"robots\" content=\"index, follow, max-snippet:-1, max-image-preview:large, max-video-preview:-1\" \/>\n<link rel=\"canonical\" href=\"https:\/\/laboratorioscolichon.com\/en\/product\/probiowellness-gummies\/\" \/>\n<meta property=\"og:locale\" content=\"en_US\" \/>\n<meta property=\"og:type\" content=\"article\" \/>\n<meta property=\"og:title\" content=\"PROBIOWELLNESS GUMMIES - LaboratorioColichon\" \/>\n<meta property=\"og:description\" content=\"PROBI\u00d3TICO + PREBI\u00d3TICO con 6 CEPAS activas + Inulina + Vitaminas C y B12. Gomitas funcionales con 6 cepas probi\u00f3ticas activas, prebi\u00f3ticos (inulina) y vitaminas C y B12. Apoyan tu digesti\u00f3n, fortalecen tus defensas y te llenan de energ\u00eda. Libre de preservantes \/ lactosa \/ case\u00edna \/ gluten  REG. SANITARIO: G6606125N-NKCMAI RUC: 20102106319\" \/>\n<meta property=\"og:url\" content=\"https:\/\/laboratorioscolichon.com\/en\/product\/probiowellness-gummies\/\" \/>\n<meta property=\"og:site_name\" content=\"LaboratorioColichon\" \/>\n<meta property=\"article:modified_time\" content=\"2026-04-10T21:20:37+00:00\" \/>\n<meta property=\"og:image\" content=\"https:\/\/laboratorioscolichon.com\/wp-content\/uploads\/2025\/08\/13_3_PROBIO_GUMMIESjpg.jpg\" \/>\n\t<meta property=\"og:image:width\" content=\"1600\" \/>\n\t<meta property=\"og:image:height\" content=\"1600\" \/>\n\t<meta property=\"og:image:type\" content=\"image\/jpeg\" \/>\n<meta name=\"twitter:card\" content=\"summary_large_image\" \/>\n<meta name=\"twitter:label1\" content=\"Est. reading time\" \/>\n\t<meta name=\"twitter:data1\" content=\"2 minutes\" \/>\n<script type=\"application\/ld+json\" class=\"yoast-schema-graph\">{\"@context\":\"https:\\\/\\\/schema.org\",\"@graph\":[{\"@type\":\"WebPage\",\"@id\":\"https:\\\/\\\/laboratorioscolichon.com\\\/product\\\/probiowellness-gummies\\\/\",\"url\":\"https:\\\/\\\/laboratorioscolichon.com\\\/product\\\/probiowellness-gummies\\\/\",\"name\":\"PROBIOWELLNESS GUMMIES - LaboratorioColichon\",\"isPartOf\":{\"@id\":\"https:\\\/\\\/laboratorioscolichon.com\\\/#website\"},\"primaryImageOfPage\":{\"@id\":\"https:\\\/\\\/laboratorioscolichon.com\\\/product\\\/probiowellness-gummies\\\/#primaryimage\"},\"image\":{\"@id\":\"https:\\\/\\\/laboratorioscolichon.com\\\/product\\\/probiowellness-gummies\\\/#primaryimage\"},\"thumbnailUrl\":\"https:\\\/\\\/i0.wp.com\\\/laboratorioscolichon.com\\\/wp-content\\\/uploads\\\/2025\\\/08\\\/13_3_PROBIO_GUMMIESjpg.jpg?fit=1600%2C1600&ssl=1\",\"datePublished\":\"2025-08-07T15:29:14+00:00\",\"dateModified\":\"2026-04-10T21:20:37+00:00\",\"breadcrumb\":{\"@id\":\"https:\\\/\\\/laboratorioscolichon.com\\\/product\\\/probiowellness-gummies\\\/#breadcrumb\"},\"inLanguage\":\"en-US\",\"potentialAction\":[{\"@type\":\"ReadAction\",\"target\":[\"https:\\\/\\\/laboratorioscolichon.com\\\/product\\\/probiowellness-gummies\\\/\"]}]},{\"@type\":\"ImageObject\",\"inLanguage\":\"en-US\",\"@id\":\"https:\\\/\\\/laboratorioscolichon.com\\\/product\\\/probiowellness-gummies\\\/#primaryimage\",\"url\":\"https:\\\/\\\/i0.wp.com\\\/laboratorioscolichon.com\\\/wp-content\\\/uploads\\\/2025\\\/08\\\/13_3_PROBIO_GUMMIESjpg.jpg?fit=1600%2C1600&ssl=1\",\"contentUrl\":\"https:\\\/\\\/i0.wp.com\\\/laboratorioscolichon.com\\\/wp-content\\\/uploads\\\/2025\\\/08\\\/13_3_PROBIO_GUMMIESjpg.jpg?fit=1600%2C1600&ssl=1\",\"width\":1600,\"height\":1600},{\"@type\":\"BreadcrumbList\",\"@id\":\"https:\\\/\\\/laboratorioscolichon.com\\\/product\\\/probiowellness-gummies\\\/#breadcrumb\",\"itemListElement\":[{\"@type\":\"ListItem\",\"position\":1,\"name\":\"Home\",\"item\":\"https:\\\/\\\/laboratorioscolichon.com\\\/\"},{\"@type\":\"ListItem\",\"position\":2,\"name\":\"SHOP\",\"item\":\"https:\\\/\\\/laboratorioscolichon.com\\\/shop-2\\\/\"},{\"@type\":\"ListItem\",\"position\":3,\"name\":\"PROBIOWELLNESS GUMMIES\"}]},{\"@type\":\"WebSite\",\"@id\":\"https:\\\/\\\/laboratorioscolichon.com\\\/#website\",\"url\":\"https:\\\/\\\/laboratorioscolichon.com\\\/\",\"name\":\"LaboratorioColichon\",\"description\":\"Laboratorios Colich\u00f3n: m\u00e1s de 65 a\u00f1os desarrollando PROBI\u00d3TICOS NATURALES Y VIVOS en Per\u00fa. Cepas de alta calidad para la salud intestinal, \u00edntima y familiar, libres de lactosa y gluten.\",\"publisher\":{\"@id\":\"https:\\\/\\\/laboratorioscolichon.com\\\/#organization\"},\"potentialAction\":[{\"@type\":\"SearchAction\",\"target\":{\"@type\":\"EntryPoint\",\"urlTemplate\":\"https:\\\/\\\/laboratorioscolichon.com\\\/?s={search_term_string}\"},\"query-input\":{\"@type\":\"PropertyValueSpecification\",\"valueRequired\":true,\"valueName\":\"search_term_string\"}}],\"inLanguage\":\"en-US\"},{\"@type\":\"Organization\",\"@id\":\"https:\\\/\\\/laboratorioscolichon.com\\\/#organization\",\"name\":\"LaboratorioColichon\",\"url\":\"https:\\\/\\\/laboratorioscolichon.com\\\/\",\"logo\":{\"@type\":\"ImageObject\",\"inLanguage\":\"en-US\",\"@id\":\"https:\\\/\\\/laboratorioscolichon.com\\\/#\\\/schema\\\/logo\\\/image\\\/\",\"url\":\"\",\"contentUrl\":\"\",\"caption\":\"LaboratorioColichon\"},\"image\":{\"@id\":\"https:\\\/\\\/laboratorioscolichon.com\\\/#\\\/schema\\\/logo\\\/image\\\/\"}}]}<\/script>\n<!-- \/ Yoast SEO plugin. -->","yoast_head_json":{"title":"PROBIOWELLNESS GUMMIES - LaboratorioColichon","robots":{"index":"index","follow":"follow","max-snippet":"max-snippet:-1","max-image-preview":"max-image-preview:large","max-video-preview":"max-video-preview:-1"},"canonical":"https:\/\/laboratorioscolichon.com\/en\/product\/probiowellness-gummies\/","og_locale":"en_US","og_type":"article","og_title":"PROBIOWELLNESS GUMMIES - LaboratorioColichon","og_description":"PROBI\u00d3TICO + PREBI\u00d3TICO con 6 CEPAS activas + Inulina + Vitaminas C y B12. Gomitas funcionales con 6 cepas probi\u00f3ticas activas, prebi\u00f3ticos (inulina) y vitaminas C y B12. Apoyan tu digesti\u00f3n, fortalecen tus defensas y te llenan de energ\u00eda. Libre de preservantes \/ lactosa \/ case\u00edna \/ gluten  REG. SANITARIO: G6606125N-NKCMAI RUC: 20102106319","og_url":"https:\/\/laboratorioscolichon.com\/en\/product\/probiowellness-gummies\/","og_site_name":"LaboratorioColichon","article_modified_time":"2026-04-10T21:20:37+00:00","og_image":[{"width":1600,"height":1600,"url":"https:\/\/laboratorioscolichon.com\/wp-content\/uploads\/2025\/08\/13_3_PROBIO_GUMMIESjpg.jpg","type":"image\/jpeg"}],"twitter_card":"summary_large_image","twitter_misc":{"Est. reading time":"2 minutes"},"schema":{"@context":"https:\/\/schema.org","@graph":[{"@type":"WebPage","@id":"https:\/\/laboratorioscolichon.com\/product\/probiowellness-gummies\/","url":"https:\/\/laboratorioscolichon.com\/product\/probiowellness-gummies\/","name":"PROBIOWELLNESS GUMMIES - LaboratorioColichon","isPartOf":{"@id":"https:\/\/laboratorioscolichon.com\/#website"},"primaryImageOfPage":{"@id":"https:\/\/laboratorioscolichon.com\/product\/probiowellness-gummies\/#primaryimage"},"image":{"@id":"https:\/\/laboratorioscolichon.com\/product\/probiowellness-gummies\/#primaryimage"},"thumbnailUrl":"https:\/\/i0.wp.com\/laboratorioscolichon.com\/wp-content\/uploads\/2025\/08\/13_3_PROBIO_GUMMIESjpg.jpg?fit=1600%2C1600&ssl=1","datePublished":"2025-08-07T15:29:14+00:00","dateModified":"2026-04-10T21:20:37+00:00","breadcrumb":{"@id":"https:\/\/laboratorioscolichon.com\/product\/probiowellness-gummies\/#breadcrumb"},"inLanguage":"en-US","potentialAction":[{"@type":"ReadAction","target":["https:\/\/laboratorioscolichon.com\/product\/probiowellness-gummies\/"]}]},{"@type":"ImageObject","inLanguage":"en-US","@id":"https:\/\/laboratorioscolichon.com\/product\/probiowellness-gummies\/#primaryimage","url":"https:\/\/i0.wp.com\/laboratorioscolichon.com\/wp-content\/uploads\/2025\/08\/13_3_PROBIO_GUMMIESjpg.jpg?fit=1600%2C1600&ssl=1","contentUrl":"https:\/\/i0.wp.com\/laboratorioscolichon.com\/wp-content\/uploads\/2025\/08\/13_3_PROBIO_GUMMIESjpg.jpg?fit=1600%2C1600&ssl=1","width":1600,"height":1600},{"@type":"BreadcrumbList","@id":"https:\/\/laboratorioscolichon.com\/product\/probiowellness-gummies\/#breadcrumb","itemListElement":[{"@type":"ListItem","position":1,"name":"Home","item":"https:\/\/laboratorioscolichon.com\/"},{"@type":"ListItem","position":2,"name":"SHOP","item":"https:\/\/laboratorioscolichon.com\/shop-2\/"},{"@type":"ListItem","position":3,"name":"PROBIOWELLNESS GUMMIES"}]},{"@type":"WebSite","@id":"https:\/\/laboratorioscolichon.com\/#website","url":"https:\/\/laboratorioscolichon.com\/","name":"Laboratorio Colichon","description":"Colich\u00f3n Laboratories: Over 65 years developing natural, live probiotics in Peru. High-quality strains for intestinal, intimate, and family health, lactose and gluten free.","publisher":{"@id":"https:\/\/laboratorioscolichon.com\/#organization"},"potentialAction":[{"@type":"SearchAction","target":{"@type":"EntryPoint","urlTemplate":"https:\/\/laboratorioscolichon.com\/?s={search_term_string}"},"query-input":{"@type":"PropertyValueSpecification","valueRequired":true,"valueName":"search_term_string"}}],"inLanguage":"en-US"},{"@type":"Organization","@id":"https:\/\/laboratorioscolichon.com\/#organization","name":"Laboratorio Colichon","url":"https:\/\/laboratorioscolichon.com\/","logo":{"@type":"ImageObject","inLanguage":"en-US","@id":"https:\/\/laboratorioscolichon.com\/#\/schema\/logo\/image\/","url":"","contentUrl":"","caption":"LaboratorioColichon"},"image":{"@id":"https:\/\/laboratorioscolichon.com\/#\/schema\/logo\/image\/"}}]}},"jetpack_sharing_enabled":true,"_links":{"self":[{"href":"https:\/\/laboratorioscolichon.com\/en\/wp-json\/wp\/v2\/product\/6938","targetHints":{"allow":["GET"]}}],"collection":[{"href":"https:\/\/laboratorioscolichon.com\/en\/wp-json\/wp\/v2\/product"}],"about":[{"href":"https:\/\/laboratorioscolichon.com\/en\/wp-json\/wp\/v2\/types\/product"}],"replies":[{"embeddable":true,"href":"https:\/\/laboratorioscolichon.com\/en\/wp-json\/wp\/v2\/comments?post=6938"}],"wp:featuredmedia":[{"embeddable":true,"href":"https:\/\/laboratorioscolichon.com\/en\/wp-json\/wp\/v2\/media\/6941"}],"wp:attachment":[{"href":"https:\/\/laboratorioscolichon.com\/en\/wp-json\/wp\/v2\/media?parent=6938"}],"wp:term":[{"taxonomy":"product_brand","embeddable":true,"href":"https:\/\/laboratorioscolichon.com\/en\/wp-json\/wp\/v2\/product_brand?post=6938"},{"taxonomy":"product_cat","embeddable":true,"href":"https:\/\/laboratorioscolichon.com\/en\/wp-json\/wp\/v2\/product_cat?post=6938"},{"taxonomy":"product_tag","embeddable":true,"href":"https:\/\/laboratorioscolichon.com\/en\/wp-json\/wp\/v2\/product_tag?post=6938"}],"curies":[{"name":"wp","href":"https:\/\/api.w.org\/{rel}","templated":true}]}}