{"id":6935,"date":"2025-08-07T15:18:46","date_gmt":"2025-08-07T15:18:46","guid":{"rendered":"https:\/\/probiowellness.com.pe\/?post_type=product&#038;p=6935"},"modified":"2025-09-25T22:02:53","modified_gmt":"2025-09-25T22:02:53","slug":"probiowellness-baby","status":"publish","type":"product","link":"https:\/\/laboratorioscolichon.com\/en\/product\/probiowellness-baby\/","title":{"rendered":"PROBIOWELLNESS BABY"},"content":{"rendered":"<p><span style=\"font-size: 14pt; color: #000000;\"><br \/>\n  <strong><span style=\"font-size: 18pt;\">PROBIOWELLNESS BABY<\/span><\/strong><br \/>\n<\/span> It is a nutritional supplement in drops, specially designed for **babies and young children**, formulated with a unique combination of <strong>Live prebiotics, postbiotics, and probiotics from Lactobacillus reuteri<\/strong>, which help strengthen the intestinal microbiota from the first months of life.<\/p>\n<p>Thanks to its natural and nutritious base, enriched with <strong>quinoa, peas and carob<\/strong>, PROBIOWELLNESS BABY promotes digestion, strengthens defenses and promotes healthy development of the digestive and immune systems.<\/p>\n<p>\u2705 Contains <strong>Live and active Lactobacillus reuteri<\/strong><br \/>\n\u2705 With <strong>prebiotic fiber (inulin)<\/strong> and natural nutrients<br \/>\n\u2705 Strengthens the microbiota from the first days of life<br \/>\n<strong>\u2705 Free of preservatives, lactose, casein and gluten<\/strong><br \/>\n\u2705 Health Registration: <strong>P2757024N\/NALBMD<\/strong><\/p>\n<p><strong style=\"background-color: black; color: white; padding: 2px 6px; display: inline-block;\">PRESENTATION AVAILABLE<\/strong><br \/>\n\u2022 Box with 10 mL dropper bottle<\/p>\n<p>Ideal for accompanying the most important stages of your baby&#039;s digestive and nutritional development.<\/p>\n<p><strong style=\"background-color: black; color: white; padding: 2px 6px; display: inline-block;\">HOW TO USE<\/strong><br \/>\n\u00bb Infants: 5 drops daily (\u2248100 million CFU of <em>Lactobacillus reuteri<\/em>)<br \/>\n\u00bb Younger children: 10 drops daily (\u2248200 million CFU of <em>Lactobacillus reuteri<\/em>)<\/p>\n<p>It can be administered directly with a spoon or mixed with a cold drink (milk, juice, etc.).<\/p>\n<p><strong style=\"background-color: black; color: white; padding: 2px 6px; display: inline-block;\">INGREDIENTS<\/strong><br \/>\n<em>Lactobacillus reuteri<\/em> in an enriched base of processed quinoa, carob, peas, inulin (prebiotic fiber), stevia, riboflavin, water and flavoring.<\/p>\n<p><strong style=\"background-color: black; color: white; padding: 2px 6px; display: inline-block;\">STORAGE CONDITIONS<\/strong><br \/>\nStore in a clean, cool, dry place. No refrigeration required.<br \/>\nAfter opening, use the entire contents. Close the bottle tightly after each use.<\/p>\n<p><strong style=\"background-color: black; color: white; padding: 2px 6px; display: inline-block;\">WARNINGS<\/strong><br \/>\nThis product is not a medicine.<br \/>\nDo not consume if you are allergic to any of its components.<br \/>\nKeep out of reach of children.<br \/>\nIts use is the responsibility of the person who recommends it and the person who consumes it.<br \/>\nShake well before use.<\/p>","protected":false},"excerpt":{"rendered":"<p><span style=\"font-size: 11 pt; color: #000000;\"><br \/>\n<strong>Prebiotic + 1 strain Probiotic + Postbiotics<\/strong><br \/>\nInfant probiotic drops with a unique formula that combines prebiotics, probiotics, and postbiotics, specially designed to strengthen your baby&#039;s microbiota in their first years of life.<\/strong>.<br \/>\nPreservative \/ lactose \/ casein \/ gluten free<br \/>\n<\/span><br \/>\nREG. SANITARY: P2757024N\/NALBMD<br \/>\nRUC: 20102106319<\/p>","protected":false},"featured_media":6936,"comment_status":"open","ping_status":"closed","template":"","meta":{"nf_dc_page":"","om_disable_all_campaigns":false,"_monsterinsights_skip_tracking":false,"_monsterinsights_sitenote_active":false,"_monsterinsights_sitenote_note":"","_monsterinsights_sitenote_category":0},"product_brand":[172],"product_cat":[159,160,184,155,156,158],"product_tag":[220,177,178,181,218,219,167,217],"class_list":{"0":"post-6935","1":"product","2":"type-product","3":"status-publish","4":"has-post-thumbnail","6":"product_brand-probiowellnes","7":"product_cat-bienestar-integral","8":"product_cat-complementos-alimenticios","9":"product_cat-infantil","10":"product_cat-probioticos-prebioticos","11":"product_cat-salud-infantil","12":"product_cat-sistema-inmunologico","13":"product_tag-cuidado-infantil","14":"product_tag-gotas-digestivas","15":"product_tag-lactobacillus-reuteri","16":"product_tag-libre-de-gluten","17":"product_tag-probioticos-para-bebes","18":"product_tag-salud-intestinal","19":"product_tag-sin-lactosa","20":"product_tag-suplementos-infantiles","22":"first","23":"instock","24":"taxable","25":"shipping-taxable","26":"purchasable","27":"product-type-simple"},"yoast_head":"<!-- This site is optimized with the Yoast SEO plugin v27.4 - https:\/\/yoast.com\/product\/yoast-seo-wordpress\/ -->\n<title>PROBIOWELLNESS BABY - LaboratorioColichon<\/title>\n<meta name=\"robots\" content=\"index, follow, max-snippet:-1, max-image-preview:large, max-video-preview:-1\" \/>\n<link rel=\"canonical\" href=\"https:\/\/laboratorioscolichon.com\/en\/product\/probiowellness-baby\/\" \/>\n<meta property=\"og:locale\" content=\"en_US\" \/>\n<meta property=\"og:type\" content=\"article\" \/>\n<meta property=\"og:title\" content=\"PROBIOWELLNESS BABY - LaboratorioColichon\" \/>\n<meta property=\"og:description\" content=\"Prebi\u00f3tico + 1 cepa Probi\u00f3tica + Postbi\u00f3ticos Probi\u00f3tico infantil en gotas con una f\u00f3rmula \u00fanica que combina prebi\u00f3ticos, probi\u00f3ticos y postbi\u00f3ticos, especialmente dise\u00f1ada para fortalecer la microbiota de tu beb\u00e9 en sus primeros a\u00f1os de vida.. Libre de preservantes \/ lactosa \/ case\u00edna \/ gluten  REG. SANITARIO: P2757024N\/NALBMD RUC: 20102106319\" \/>\n<meta property=\"og:url\" content=\"https:\/\/laboratorioscolichon.com\/en\/product\/probiowellness-baby\/\" \/>\n<meta property=\"og:site_name\" content=\"LaboratorioColichon\" \/>\n<meta property=\"article:modified_time\" content=\"2025-09-25T22:02:53+00:00\" \/>\n<meta property=\"og:image\" content=\"https:\/\/laboratorioscolichon.com\/wp-content\/uploads\/2025\/08\/12_3_PROBIO_BABY.jpg\" \/>\n\t<meta property=\"og:image:width\" content=\"1600\" \/>\n\t<meta property=\"og:image:height\" content=\"1600\" \/>\n\t<meta property=\"og:image:type\" content=\"image\/jpeg\" \/>\n<meta name=\"twitter:card\" content=\"summary_large_image\" \/>\n<meta name=\"twitter:label1\" content=\"Est. reading time\" \/>\n\t<meta name=\"twitter:data1\" content=\"2 minutes\" \/>\n<script type=\"application\/ld+json\" class=\"yoast-schema-graph\">{\"@context\":\"https:\\\/\\\/schema.org\",\"@graph\":[{\"@type\":\"WebPage\",\"@id\":\"https:\\\/\\\/laboratorioscolichon.com\\\/product\\\/probiowellness-baby\\\/\",\"url\":\"https:\\\/\\\/laboratorioscolichon.com\\\/product\\\/probiowellness-baby\\\/\",\"name\":\"PROBIOWELLNESS BABY - LaboratorioColichon\",\"isPartOf\":{\"@id\":\"https:\\\/\\\/laboratorioscolichon.com\\\/#website\"},\"primaryImageOfPage\":{\"@id\":\"https:\\\/\\\/laboratorioscolichon.com\\\/product\\\/probiowellness-baby\\\/#primaryimage\"},\"image\":{\"@id\":\"https:\\\/\\\/laboratorioscolichon.com\\\/product\\\/probiowellness-baby\\\/#primaryimage\"},\"thumbnailUrl\":\"https:\\\/\\\/i0.wp.com\\\/laboratorioscolichon.com\\\/wp-content\\\/uploads\\\/2025\\\/08\\\/12_3_PROBIO_BABY.jpg?fit=1600%2C1600&ssl=1\",\"datePublished\":\"2025-08-07T15:18:46+00:00\",\"dateModified\":\"2025-09-25T22:02:53+00:00\",\"breadcrumb\":{\"@id\":\"https:\\\/\\\/laboratorioscolichon.com\\\/product\\\/probiowellness-baby\\\/#breadcrumb\"},\"inLanguage\":\"en-US\",\"potentialAction\":[{\"@type\":\"ReadAction\",\"target\":[\"https:\\\/\\\/laboratorioscolichon.com\\\/product\\\/probiowellness-baby\\\/\"]}]},{\"@type\":\"ImageObject\",\"inLanguage\":\"en-US\",\"@id\":\"https:\\\/\\\/laboratorioscolichon.com\\\/product\\\/probiowellness-baby\\\/#primaryimage\",\"url\":\"https:\\\/\\\/i0.wp.com\\\/laboratorioscolichon.com\\\/wp-content\\\/uploads\\\/2025\\\/08\\\/12_3_PROBIO_BABY.jpg?fit=1600%2C1600&ssl=1\",\"contentUrl\":\"https:\\\/\\\/i0.wp.com\\\/laboratorioscolichon.com\\\/wp-content\\\/uploads\\\/2025\\\/08\\\/12_3_PROBIO_BABY.jpg?fit=1600%2C1600&ssl=1\",\"width\":1600,\"height\":1600},{\"@type\":\"BreadcrumbList\",\"@id\":\"https:\\\/\\\/laboratorioscolichon.com\\\/product\\\/probiowellness-baby\\\/#breadcrumb\",\"itemListElement\":[{\"@type\":\"ListItem\",\"position\":1,\"name\":\"Home\",\"item\":\"https:\\\/\\\/laboratorioscolichon.com\\\/\"},{\"@type\":\"ListItem\",\"position\":2,\"name\":\"SHOP\",\"item\":\"https:\\\/\\\/laboratorioscolichon.com\\\/shop-2\\\/\"},{\"@type\":\"ListItem\",\"position\":3,\"name\":\"PROBIOWELLNESS BABY\"}]},{\"@type\":\"WebSite\",\"@id\":\"https:\\\/\\\/laboratorioscolichon.com\\\/#website\",\"url\":\"https:\\\/\\\/laboratorioscolichon.com\\\/\",\"name\":\"LaboratorioColichon\",\"description\":\"Laboratorios Colich\u00f3n: m\u00e1s de 65 a\u00f1os desarrollando PROBI\u00d3TICOS NATURALES Y VIVOS en Per\u00fa. Cepas de alta calidad para la salud intestinal, \u00edntima y familiar, libres de lactosa y gluten.\",\"publisher\":{\"@id\":\"https:\\\/\\\/laboratorioscolichon.com\\\/#organization\"},\"potentialAction\":[{\"@type\":\"SearchAction\",\"target\":{\"@type\":\"EntryPoint\",\"urlTemplate\":\"https:\\\/\\\/laboratorioscolichon.com\\\/?s={search_term_string}\"},\"query-input\":{\"@type\":\"PropertyValueSpecification\",\"valueRequired\":true,\"valueName\":\"search_term_string\"}}],\"inLanguage\":\"en-US\"},{\"@type\":\"Organization\",\"@id\":\"https:\\\/\\\/laboratorioscolichon.com\\\/#organization\",\"name\":\"LaboratorioColichon\",\"url\":\"https:\\\/\\\/laboratorioscolichon.com\\\/\",\"logo\":{\"@type\":\"ImageObject\",\"inLanguage\":\"en-US\",\"@id\":\"https:\\\/\\\/laboratorioscolichon.com\\\/#\\\/schema\\\/logo\\\/image\\\/\",\"url\":\"\",\"contentUrl\":\"\",\"caption\":\"LaboratorioColichon\"},\"image\":{\"@id\":\"https:\\\/\\\/laboratorioscolichon.com\\\/#\\\/schema\\\/logo\\\/image\\\/\"}}]}<\/script>\n<!-- \/ Yoast SEO plugin. -->","yoast_head_json":{"title":"PROBIOWELLNESS BABY - LaboratorioColichon","robots":{"index":"index","follow":"follow","max-snippet":"max-snippet:-1","max-image-preview":"max-image-preview:large","max-video-preview":"max-video-preview:-1"},"canonical":"https:\/\/laboratorioscolichon.com\/en\/product\/probiowellness-baby\/","og_locale":"en_US","og_type":"article","og_title":"PROBIOWELLNESS BABY - LaboratorioColichon","og_description":"Prebi\u00f3tico + 1 cepa Probi\u00f3tica + Postbi\u00f3ticos Probi\u00f3tico infantil en gotas con una f\u00f3rmula \u00fanica que combina prebi\u00f3ticos, probi\u00f3ticos y postbi\u00f3ticos, especialmente dise\u00f1ada para fortalecer la microbiota de tu beb\u00e9 en sus primeros a\u00f1os de vida.. Libre de preservantes \/ lactosa \/ case\u00edna \/ gluten  REG. SANITARIO: P2757024N\/NALBMD RUC: 20102106319","og_url":"https:\/\/laboratorioscolichon.com\/en\/product\/probiowellness-baby\/","og_site_name":"LaboratorioColichon","article_modified_time":"2025-09-25T22:02:53+00:00","og_image":[{"width":1600,"height":1600,"url":"https:\/\/laboratorioscolichon.com\/wp-content\/uploads\/2025\/08\/12_3_PROBIO_BABY.jpg","type":"image\/jpeg"}],"twitter_card":"summary_large_image","twitter_misc":{"Est. reading time":"2 minutes"},"schema":{"@context":"https:\/\/schema.org","@graph":[{"@type":"WebPage","@id":"https:\/\/laboratorioscolichon.com\/product\/probiowellness-baby\/","url":"https:\/\/laboratorioscolichon.com\/product\/probiowellness-baby\/","name":"PROBIOWELLNESS BABY - LaboratorioColichon","isPartOf":{"@id":"https:\/\/laboratorioscolichon.com\/#website"},"primaryImageOfPage":{"@id":"https:\/\/laboratorioscolichon.com\/product\/probiowellness-baby\/#primaryimage"},"image":{"@id":"https:\/\/laboratorioscolichon.com\/product\/probiowellness-baby\/#primaryimage"},"thumbnailUrl":"https:\/\/i0.wp.com\/laboratorioscolichon.com\/wp-content\/uploads\/2025\/08\/12_3_PROBIO_BABY.jpg?fit=1600%2C1600&ssl=1","datePublished":"2025-08-07T15:18:46+00:00","dateModified":"2025-09-25T22:02:53+00:00","breadcrumb":{"@id":"https:\/\/laboratorioscolichon.com\/product\/probiowellness-baby\/#breadcrumb"},"inLanguage":"en-US","potentialAction":[{"@type":"ReadAction","target":["https:\/\/laboratorioscolichon.com\/product\/probiowellness-baby\/"]}]},{"@type":"ImageObject","inLanguage":"en-US","@id":"https:\/\/laboratorioscolichon.com\/product\/probiowellness-baby\/#primaryimage","url":"https:\/\/i0.wp.com\/laboratorioscolichon.com\/wp-content\/uploads\/2025\/08\/12_3_PROBIO_BABY.jpg?fit=1600%2C1600&ssl=1","contentUrl":"https:\/\/i0.wp.com\/laboratorioscolichon.com\/wp-content\/uploads\/2025\/08\/12_3_PROBIO_BABY.jpg?fit=1600%2C1600&ssl=1","width":1600,"height":1600},{"@type":"BreadcrumbList","@id":"https:\/\/laboratorioscolichon.com\/product\/probiowellness-baby\/#breadcrumb","itemListElement":[{"@type":"ListItem","position":1,"name":"Home","item":"https:\/\/laboratorioscolichon.com\/"},{"@type":"ListItem","position":2,"name":"SHOP","item":"https:\/\/laboratorioscolichon.com\/shop-2\/"},{"@type":"ListItem","position":3,"name":"PROBIOWELLNESS BABY"}]},{"@type":"WebSite","@id":"https:\/\/laboratorioscolichon.com\/#website","url":"https:\/\/laboratorioscolichon.com\/","name":"Laboratorio Colichon","description":"Colich\u00f3n Laboratories: Over 65 years developing natural, live probiotics in Peru. High-quality strains for intestinal, intimate, and family health, lactose and gluten free.","publisher":{"@id":"https:\/\/laboratorioscolichon.com\/#organization"},"potentialAction":[{"@type":"SearchAction","target":{"@type":"EntryPoint","urlTemplate":"https:\/\/laboratorioscolichon.com\/?s={search_term_string}"},"query-input":{"@type":"PropertyValueSpecification","valueRequired":true,"valueName":"search_term_string"}}],"inLanguage":"en-US"},{"@type":"Organization","@id":"https:\/\/laboratorioscolichon.com\/#organization","name":"Laboratorio Colichon","url":"https:\/\/laboratorioscolichon.com\/","logo":{"@type":"ImageObject","inLanguage":"en-US","@id":"https:\/\/laboratorioscolichon.com\/#\/schema\/logo\/image\/","url":"","contentUrl":"","caption":"LaboratorioColichon"},"image":{"@id":"https:\/\/laboratorioscolichon.com\/#\/schema\/logo\/image\/"}}]}},"jetpack_sharing_enabled":true,"_links":{"self":[{"href":"https:\/\/laboratorioscolichon.com\/en\/wp-json\/wp\/v2\/product\/6935","targetHints":{"allow":["GET"]}}],"collection":[{"href":"https:\/\/laboratorioscolichon.com\/en\/wp-json\/wp\/v2\/product"}],"about":[{"href":"https:\/\/laboratorioscolichon.com\/en\/wp-json\/wp\/v2\/types\/product"}],"replies":[{"embeddable":true,"href":"https:\/\/laboratorioscolichon.com\/en\/wp-json\/wp\/v2\/comments?post=6935"}],"wp:featuredmedia":[{"embeddable":true,"href":"https:\/\/laboratorioscolichon.com\/en\/wp-json\/wp\/v2\/media\/6936"}],"wp:attachment":[{"href":"https:\/\/laboratorioscolichon.com\/en\/wp-json\/wp\/v2\/media?parent=6935"}],"wp:term":[{"taxonomy":"product_brand","embeddable":true,"href":"https:\/\/laboratorioscolichon.com\/en\/wp-json\/wp\/v2\/product_brand?post=6935"},{"taxonomy":"product_cat","embeddable":true,"href":"https:\/\/laboratorioscolichon.com\/en\/wp-json\/wp\/v2\/product_cat?post=6935"},{"taxonomy":"product_tag","embeddable":true,"href":"https:\/\/laboratorioscolichon.com\/en\/wp-json\/wp\/v2\/product_tag?post=6935"}],"curies":[{"name":"wp","href":"https:\/\/api.w.org\/{rel}","templated":true}]}}