{"id":6931,"date":"2025-08-07T15:03:49","date_gmt":"2025-08-07T15:03:49","guid":{"rendered":"https:\/\/probiowellness.com.pe\/?post_type=product&#038;p=6931"},"modified":"2025-12-01T00:34:45","modified_gmt":"2025-12-01T00:34:45","slug":"probiowellness-femme","status":"publish","type":"product","link":"https:\/\/laboratorioscolichon.com\/en\/product\/probiowellness-femme\/","title":{"rendered":"PROBIOWELLNESS FEMME"},"content":{"rendered":"<p><span style=\"font-size: 14pt; color: #000000;\"><strong><span style=\"font-size: 18pt;\">PROBIOWELLNESS FEMME<\/span><\/strong><\/span> It is an advanced formula designed specifically for the <strong>women&#039;s intimate health<\/strong>. Combine <strong>Billions of live and active probiotic strains<\/strong> with <strong>cranberry<\/strong> and <strong>inulin<\/strong> in a natural and highly nutritious 100% medium.<\/p>\n<p>This powerful synergy of <strong>probiotics, prebiotics and postbiotics<\/strong> offers high efficiency in the <strong>prevention and treatment of vaginal pathologies<\/strong>, restoring the balance of the female microbiota in a natural and effective way.<\/p>\n<p>\u2705 Contains <strong>5 specific probiotic strains + prebiotic + postbiotic<\/strong><br \/>\n\u2705 Provides benefits in <strong>candidiasis, bacterial vaginosis, and vaginal imbalances<\/strong><br \/>\n\u2705 With <strong>cranberry extract<\/strong>, a natural ally for urinary health<br \/>\n\u2705 <strong>DIGESA Health Registry:<\/strong> P2735925N\/NALBMD<\/p>\n<p><strong style=\"background-color: black; color: white; padding: 2px 6px; display: inline-block;\">PRESENTATION<\/strong><br \/>\n\u2022 200 mL bottle<\/p>\n<p>Ideal for women who want to maintain a healthy intimate flora, especially in situations of stress, antibiotic use, hormonal changes, or recurrent infections.<\/p>\n<p><strong style=\"background-color: black; color: white; padding: 2px 6px; display: inline-block;\">HOW TO USE<\/strong><br \/>\n\u00bb Adults: Take <strong>5 mL, three times a day for 14 days<\/strong>.<br \/>\n\u00bb Take one hour before or after meals.<br \/>\n\u00bb Once opened, <strong>consume all content.<\/strong><\/p>\n<p><strong style=\"background-color: black; color: white; padding: 2px 6px; display: inline-block;\">INGREDIENTS<\/strong><br \/>\nLactobacillus crispatus, Lactobacillus acidophilus, Lactobacillus reuteri, Lactobacillus plantarum, Lactobacillus rhamnosus, Cranberry extract, Inulin.<\/p>\n<p><strong style=\"background-color: black; color: white; padding: 2px 6px; display: inline-block;\">STORAGE CONDITIONS<\/strong><br \/>\nStore in a cool, dry place away from direct light. No refrigeration required. Once opened, consume completely.<\/p>\n<p><strong style=\"background-color: black; color: white; padding: 2px 6px; display: inline-block;\">WARNINGS<\/strong><br \/>\nThis product is not a medicine.<br \/>\nDo not consume if you are hypersensitive to any of its components.<br \/>\nKeep out of reach of children.<br \/>\nIts consumption is the responsibility of the person who recommends it and the person who uses it.<\/p>","protected":false},"excerpt":{"rendered":"<p><span style=\"font-size: 11 pt; color: #000000;\"><br \/>\n<strong>Prebiotic + 5 Probiotic + Postbiotic strains<\/strong><br \/>\nformula designed for the <strong>women&#039;s intimate health<\/strong>.<br \/>\nPreservative \/ lactose \/ casein \/ gluten free<br \/>\n<\/span><br \/>\nDIGESA Health Registry: P2735925N\/NALBMD<br \/>\nRUC: 20102106319<\/p>","protected":false},"featured_media":6934,"comment_status":"open","ping_status":"closed","template":"","meta":{"nf_dc_page":"","om_disable_all_campaigns":false,"_monsterinsights_skip_tracking":false,"_monsterinsights_sitenote_active":false,"_monsterinsights_sitenote_note":"","_monsterinsights_sitenote_category":0},"product_brand":[172],"product_cat":[159,160,155,157,158],"product_tag":[204,201,165,209,200,216,213,210,208,203,206,205,214,161,212,207,215,199,211,202],"class_list":{"0":"post-6931","1":"product","2":"type-product","3":"status-publish","4":"has-post-thumbnail","6":"product_brand-probiowellnes","7":"product_cat-bienestar-integral","8":"product_cat-complementos-alimenticios","9":"product_cat-probioticos-prebioticos","10":"product_cat-salud-de-la-mujer","11":"product_cat-sistema-inmunologico","12":"product_tag-arandano-rojo","13":"product_tag-bienestar-femenino","14":"product_tag-colichon","15":"product_tag-equilibrio-intimo","16":"product_tag-flora-intima","17":"product_tag-formula-100-natural","18":"product_tag-formula-avanzada","19":"product_tag-lactobacillus","20":"product_tag-microbiota-vaginal","21":"product_tag-mujer","22":"product_tag-postbioticos","23":"product_tag-prebioticos","24":"product_tag-prevencion-infecciones-vaginales","25":"product_tag-probioticos","26":"product_tag-salud-femenina","27":"product_tag-salud-intima","28":"product_tag-salud-urinaria","29":"product_tag-salud-vaginal","30":"product_tag-suplemento-natural","31":"product_tag-suplemento-probiotico","33":"first","34":"instock","35":"taxable","36":"shipping-taxable","37":"purchasable","38":"product-type-simple"},"yoast_head":"<!-- This site is optimized with the Yoast SEO plugin v27.4 - https:\/\/yoast.com\/product\/yoast-seo-wordpress\/ -->\n<title>PROBIOWELLNESS FEMME - LaboratorioColichon<\/title>\n<meta name=\"robots\" content=\"index, follow, max-snippet:-1, max-image-preview:large, max-video-preview:-1\" \/>\n<link rel=\"canonical\" href=\"https:\/\/laboratorioscolichon.com\/en\/product\/probiowellness-femme\/\" \/>\n<meta property=\"og:locale\" content=\"en_US\" \/>\n<meta property=\"og:type\" content=\"article\" \/>\n<meta property=\"og:title\" content=\"PROBIOWELLNESS FEMME - LaboratorioColichon\" \/>\n<meta property=\"og:description\" content=\"Prebi\u00f3tico + 5 cepas Probi\u00f3ticas + Postbi\u00f3tico f\u00f3rmula dise\u00f1ada para la salud \u00edntima femenina. Libre de preservantes \/ lactosa \/ case\u00edna \/ gluten  Registro Sanitario DIGESA: P2735925N\/NALBMD RUC: 20102106319\" \/>\n<meta property=\"og:url\" content=\"https:\/\/laboratorioscolichon.com\/en\/product\/probiowellness-femme\/\" \/>\n<meta property=\"og:site_name\" content=\"LaboratorioColichon\" \/>\n<meta property=\"article:modified_time\" content=\"2025-12-01T00:34:45+00:00\" \/>\n<meta property=\"og:image\" content=\"https:\/\/laboratorioscolichon.com\/wp-content\/uploads\/2025\/08\/11_3_FEMME.jpg\" \/>\n\t<meta property=\"og:image:width\" content=\"1600\" \/>\n\t<meta property=\"og:image:height\" content=\"1600\" \/>\n\t<meta property=\"og:image:type\" content=\"image\/jpeg\" \/>\n<meta name=\"twitter:card\" content=\"summary_large_image\" \/>\n<meta name=\"twitter:label1\" content=\"Est. reading time\" \/>\n\t<meta name=\"twitter:data1\" content=\"2 minutes\" \/>\n<script type=\"application\/ld+json\" class=\"yoast-schema-graph\">{\"@context\":\"https:\\\/\\\/schema.org\",\"@graph\":[{\"@type\":\"WebPage\",\"@id\":\"https:\\\/\\\/laboratorioscolichon.com\\\/product\\\/probiowellness-femme\\\/\",\"url\":\"https:\\\/\\\/laboratorioscolichon.com\\\/product\\\/probiowellness-femme\\\/\",\"name\":\"PROBIOWELLNESS FEMME - LaboratorioColichon\",\"isPartOf\":{\"@id\":\"https:\\\/\\\/laboratorioscolichon.com\\\/#website\"},\"primaryImageOfPage\":{\"@id\":\"https:\\\/\\\/laboratorioscolichon.com\\\/product\\\/probiowellness-femme\\\/#primaryimage\"},\"image\":{\"@id\":\"https:\\\/\\\/laboratorioscolichon.com\\\/product\\\/probiowellness-femme\\\/#primaryimage\"},\"thumbnailUrl\":\"https:\\\/\\\/i0.wp.com\\\/laboratorioscolichon.com\\\/wp-content\\\/uploads\\\/2025\\\/08\\\/11_3_FEMME.jpg?fit=1600%2C1600&ssl=1\",\"datePublished\":\"2025-08-07T15:03:49+00:00\",\"dateModified\":\"2025-12-01T00:34:45+00:00\",\"breadcrumb\":{\"@id\":\"https:\\\/\\\/laboratorioscolichon.com\\\/product\\\/probiowellness-femme\\\/#breadcrumb\"},\"inLanguage\":\"en-US\",\"potentialAction\":[{\"@type\":\"ReadAction\",\"target\":[\"https:\\\/\\\/laboratorioscolichon.com\\\/product\\\/probiowellness-femme\\\/\"]}]},{\"@type\":\"ImageObject\",\"inLanguage\":\"en-US\",\"@id\":\"https:\\\/\\\/laboratorioscolichon.com\\\/product\\\/probiowellness-femme\\\/#primaryimage\",\"url\":\"https:\\\/\\\/i0.wp.com\\\/laboratorioscolichon.com\\\/wp-content\\\/uploads\\\/2025\\\/08\\\/11_3_FEMME.jpg?fit=1600%2C1600&ssl=1\",\"contentUrl\":\"https:\\\/\\\/i0.wp.com\\\/laboratorioscolichon.com\\\/wp-content\\\/uploads\\\/2025\\\/08\\\/11_3_FEMME.jpg?fit=1600%2C1600&ssl=1\",\"width\":1600,\"height\":1600},{\"@type\":\"BreadcrumbList\",\"@id\":\"https:\\\/\\\/laboratorioscolichon.com\\\/product\\\/probiowellness-femme\\\/#breadcrumb\",\"itemListElement\":[{\"@type\":\"ListItem\",\"position\":1,\"name\":\"Home\",\"item\":\"https:\\\/\\\/laboratorioscolichon.com\\\/\"},{\"@type\":\"ListItem\",\"position\":2,\"name\":\"SHOP\",\"item\":\"https:\\\/\\\/laboratorioscolichon.com\\\/shop-2\\\/\"},{\"@type\":\"ListItem\",\"position\":3,\"name\":\"PROBIOWELLNESS FEMME\"}]},{\"@type\":\"WebSite\",\"@id\":\"https:\\\/\\\/laboratorioscolichon.com\\\/#website\",\"url\":\"https:\\\/\\\/laboratorioscolichon.com\\\/\",\"name\":\"LaboratorioColichon\",\"description\":\"Laboratorios Colich\u00f3n: m\u00e1s de 65 a\u00f1os desarrollando PROBI\u00d3TICOS NATURALES Y VIVOS en Per\u00fa. Cepas de alta calidad para la salud intestinal, \u00edntima y familiar, libres de lactosa y gluten.\",\"publisher\":{\"@id\":\"https:\\\/\\\/laboratorioscolichon.com\\\/#organization\"},\"potentialAction\":[{\"@type\":\"SearchAction\",\"target\":{\"@type\":\"EntryPoint\",\"urlTemplate\":\"https:\\\/\\\/laboratorioscolichon.com\\\/?s={search_term_string}\"},\"query-input\":{\"@type\":\"PropertyValueSpecification\",\"valueRequired\":true,\"valueName\":\"search_term_string\"}}],\"inLanguage\":\"en-US\"},{\"@type\":\"Organization\",\"@id\":\"https:\\\/\\\/laboratorioscolichon.com\\\/#organization\",\"name\":\"LaboratorioColichon\",\"url\":\"https:\\\/\\\/laboratorioscolichon.com\\\/\",\"logo\":{\"@type\":\"ImageObject\",\"inLanguage\":\"en-US\",\"@id\":\"https:\\\/\\\/laboratorioscolichon.com\\\/#\\\/schema\\\/logo\\\/image\\\/\",\"url\":\"\",\"contentUrl\":\"\",\"caption\":\"LaboratorioColichon\"},\"image\":{\"@id\":\"https:\\\/\\\/laboratorioscolichon.com\\\/#\\\/schema\\\/logo\\\/image\\\/\"}}]}<\/script>\n<!-- \/ Yoast SEO plugin. -->","yoast_head_json":{"title":"PROBIOWELLNESS FEMME - LaboratorioColichon","robots":{"index":"index","follow":"follow","max-snippet":"max-snippet:-1","max-image-preview":"max-image-preview:large","max-video-preview":"max-video-preview:-1"},"canonical":"https:\/\/laboratorioscolichon.com\/en\/product\/probiowellness-femme\/","og_locale":"en_US","og_type":"article","og_title":"PROBIOWELLNESS FEMME - LaboratorioColichon","og_description":"Prebi\u00f3tico + 5 cepas Probi\u00f3ticas + Postbi\u00f3tico f\u00f3rmula dise\u00f1ada para la salud \u00edntima femenina. Libre de preservantes \/ lactosa \/ case\u00edna \/ gluten  Registro Sanitario DIGESA: P2735925N\/NALBMD RUC: 20102106319","og_url":"https:\/\/laboratorioscolichon.com\/en\/product\/probiowellness-femme\/","og_site_name":"LaboratorioColichon","article_modified_time":"2025-12-01T00:34:45+00:00","og_image":[{"width":1600,"height":1600,"url":"https:\/\/laboratorioscolichon.com\/wp-content\/uploads\/2025\/08\/11_3_FEMME.jpg","type":"image\/jpeg"}],"twitter_card":"summary_large_image","twitter_misc":{"Est. reading time":"2 minutes"},"schema":{"@context":"https:\/\/schema.org","@graph":[{"@type":"WebPage","@id":"https:\/\/laboratorioscolichon.com\/product\/probiowellness-femme\/","url":"https:\/\/laboratorioscolichon.com\/product\/probiowellness-femme\/","name":"PROBIOWELLNESS FEMME - LaboratorioColichon","isPartOf":{"@id":"https:\/\/laboratorioscolichon.com\/#website"},"primaryImageOfPage":{"@id":"https:\/\/laboratorioscolichon.com\/product\/probiowellness-femme\/#primaryimage"},"image":{"@id":"https:\/\/laboratorioscolichon.com\/product\/probiowellness-femme\/#primaryimage"},"thumbnailUrl":"https:\/\/i0.wp.com\/laboratorioscolichon.com\/wp-content\/uploads\/2025\/08\/11_3_FEMME.jpg?fit=1600%2C1600&ssl=1","datePublished":"2025-08-07T15:03:49+00:00","dateModified":"2025-12-01T00:34:45+00:00","breadcrumb":{"@id":"https:\/\/laboratorioscolichon.com\/product\/probiowellness-femme\/#breadcrumb"},"inLanguage":"en-US","potentialAction":[{"@type":"ReadAction","target":["https:\/\/laboratorioscolichon.com\/product\/probiowellness-femme\/"]}]},{"@type":"ImageObject","inLanguage":"en-US","@id":"https:\/\/laboratorioscolichon.com\/product\/probiowellness-femme\/#primaryimage","url":"https:\/\/i0.wp.com\/laboratorioscolichon.com\/wp-content\/uploads\/2025\/08\/11_3_FEMME.jpg?fit=1600%2C1600&ssl=1","contentUrl":"https:\/\/i0.wp.com\/laboratorioscolichon.com\/wp-content\/uploads\/2025\/08\/11_3_FEMME.jpg?fit=1600%2C1600&ssl=1","width":1600,"height":1600},{"@type":"BreadcrumbList","@id":"https:\/\/laboratorioscolichon.com\/product\/probiowellness-femme\/#breadcrumb","itemListElement":[{"@type":"ListItem","position":1,"name":"Home","item":"https:\/\/laboratorioscolichon.com\/"},{"@type":"ListItem","position":2,"name":"SHOP","item":"https:\/\/laboratorioscolichon.com\/shop-2\/"},{"@type":"ListItem","position":3,"name":"PROBIOWELLNESS FEMME"}]},{"@type":"WebSite","@id":"https:\/\/laboratorioscolichon.com\/#website","url":"https:\/\/laboratorioscolichon.com\/","name":"Laboratorio Colichon","description":"Colich\u00f3n Laboratories: Over 65 years developing natural, live probiotics in Peru. High-quality strains for intestinal, intimate, and family health, lactose and gluten free.","publisher":{"@id":"https:\/\/laboratorioscolichon.com\/#organization"},"potentialAction":[{"@type":"SearchAction","target":{"@type":"EntryPoint","urlTemplate":"https:\/\/laboratorioscolichon.com\/?s={search_term_string}"},"query-input":{"@type":"PropertyValueSpecification","valueRequired":true,"valueName":"search_term_string"}}],"inLanguage":"en-US"},{"@type":"Organization","@id":"https:\/\/laboratorioscolichon.com\/#organization","name":"Laboratorio Colichon","url":"https:\/\/laboratorioscolichon.com\/","logo":{"@type":"ImageObject","inLanguage":"en-US","@id":"https:\/\/laboratorioscolichon.com\/#\/schema\/logo\/image\/","url":"","contentUrl":"","caption":"LaboratorioColichon"},"image":{"@id":"https:\/\/laboratorioscolichon.com\/#\/schema\/logo\/image\/"}}]}},"jetpack_sharing_enabled":true,"_links":{"self":[{"href":"https:\/\/laboratorioscolichon.com\/en\/wp-json\/wp\/v2\/product\/6931","targetHints":{"allow":["GET"]}}],"collection":[{"href":"https:\/\/laboratorioscolichon.com\/en\/wp-json\/wp\/v2\/product"}],"about":[{"href":"https:\/\/laboratorioscolichon.com\/en\/wp-json\/wp\/v2\/types\/product"}],"replies":[{"embeddable":true,"href":"https:\/\/laboratorioscolichon.com\/en\/wp-json\/wp\/v2\/comments?post=6931"}],"wp:featuredmedia":[{"embeddable":true,"href":"https:\/\/laboratorioscolichon.com\/en\/wp-json\/wp\/v2\/media\/6934"}],"wp:attachment":[{"href":"https:\/\/laboratorioscolichon.com\/en\/wp-json\/wp\/v2\/media?parent=6931"}],"wp:term":[{"taxonomy":"product_brand","embeddable":true,"href":"https:\/\/laboratorioscolichon.com\/en\/wp-json\/wp\/v2\/product_brand?post=6931"},{"taxonomy":"product_cat","embeddable":true,"href":"https:\/\/laboratorioscolichon.com\/en\/wp-json\/wp\/v2\/product_cat?post=6931"},{"taxonomy":"product_tag","embeddable":true,"href":"https:\/\/laboratorioscolichon.com\/en\/wp-json\/wp\/v2\/product_tag?post=6931"}],"curies":[{"name":"wp","href":"https:\/\/api.w.org\/{rel}","templated":true}]}}