{"id":6905,"date":"2025-08-07T12:02:38","date_gmt":"2025-08-07T12:02:38","guid":{"rendered":"https:\/\/probiowellness.com.pe\/?post_type=product&#038;p=6905"},"modified":"2025-08-14T12:49:46","modified_gmt":"2025-08-14T12:49:46","slug":"gel-nb-plus","status":"publish","type":"product","link":"https:\/\/laboratorioscolichon.com\/en\/product\/gel-nb-plus\/","title":{"rendered":"NB PLUS GEL"},"content":{"rendered":"<p><span style=\"font-size: 14pt; color: #000000;\"><strong><span style=\"font-size: 18pt;\">NB PLUS GEL<\/span><\/strong><\/span> It is a new generation symbiotic supplement that combines <strong>prebiotics, 5 live and active probiotic strains<\/strong>, and <strong>postbiotics<\/strong> in a natural 100% nutrient medium, ideal for intestinal balance and digestive health.<\/p>\n<p>Its improved formula incorporates <strong>inulin<\/strong> and an exclusive plant extract based on quinoa, peas and carob, which serves as a support for a healthy microbiota.<\/p>\n<p>\u2705 Contains <strong>5 live probiotic strains + prebiotics + postbiotics<\/strong><br \/>\n\u2705 With a natural 100% base from <strong>vegetable extracts<\/strong><br \/>\n\u2705 Promotes the <strong>intestinal microbiota balance<\/strong><br \/>\n\u2705 Ideal for <strong>children and adults<\/strong><br \/>\n<strong>\u2705 Free of lactose, gluten, casein and preservatives<\/strong><br \/>\n\u2705 Health Registration: <strong>P2600524N\/NALBM<\/strong><\/p>\n<p><strong style=\"background-color: black; color: white; padding: 2px 6px; display: inline-block;\">PRESENTATION AVAILABLE<\/strong><br \/>\n\u2022 Box with 100 mL bottle<br \/>\n\u2022 Box with 200 mL bottle<\/p>\n<p>Ideal for people who require digestive support or are looking to improve their gut health naturally.<\/p>\n<p><strong style=\"background-color: black; color: white; padding: 2px 6px; display: inline-block;\">HOW TO USE<\/strong><br \/>\n<strong>Children:<\/strong> 2.5 mL, three times a day, for 7 days.<br \/>\n<strong>Adults:<\/strong> 5 mL, three times a day, for 7 days.<br \/>\nTake one hour before or after meals.<br \/>\n<strong>Once opened, use all contents.<\/strong><\/p>\n<p><strong style=\"background-color: black; color: white; padding: 2px 6px; display: inline-block;\">INGREDIENTS<\/strong><br \/>\nExtract of quinoa, pea, carob, inulin and riboflavin.<br \/>\nProbiotic strains: <em>Lactobacillus acidophilus, Lactobacillus bulgaricus, Lactobacillus rhamnosus, Lactobacillus plantarum<\/em> and <em>Bifidobacterium bifidum<\/em>.<\/p>\n<p><strong style=\"background-color: black; color: white; padding: 2px 6px; display: inline-block;\">STORAGE CONDITIONS<\/strong><br \/>\nKeep in a cool, dry place.<br \/>\nKeep away from direct light.<br \/>\nNo refrigeration required.<\/p>\n<p><strong style=\"background-color: black; color: white; padding: 2px 6px; display: inline-block;\">WARNINGS<\/strong><br \/>\nThis product is not a medicine.<br \/>\nDo not consume if you are hypersensitive to any of its components.<br \/>\nKeep out of reach of children.<br \/>\nIts consumption is the responsibility of the person who recommends it and the person who uses it.<\/p>","protected":false},"excerpt":{"rendered":"<p><span style=\"font-size: 11pt; color: #000000;\"><br \/>\n<strong>Prebiotic + 5 Probiotic strains (L. acidophillus, L. bulgaricus, L. rhamnosus, L. plantarum, B. bifidum) + Postbiotic<\/strong><br \/>\nPreservative-free \/ lactose-free \/ casein-free \/ gluten-free<br \/>\nPresentation: 100 mL bottle and 200 mL bottle<br \/>\nDIGESA Health Registry: P2600524N\/NALBM RUC: 20102106319<br \/>\n<\/span><\/p>","protected":false},"featured_media":6911,"comment_status":"open","ping_status":"closed","template":"","meta":{"nf_dc_page":"","om_disable_all_campaigns":false,"_monsterinsights_skip_tracking":false,"_monsterinsights_sitenote_active":false,"_monsterinsights_sitenote_note":"","_monsterinsights_sitenote_category":0},"product_brand":[186],"product_cat":[159,160,155,158],"product_tag":[164,165,162,169,240,163,161,166,167],"class_list":{"0":"post-6905","1":"product","2":"type-product","3":"status-publish","4":"has-post-thumbnail","6":"product_brand-gel-nb","7":"product_cat-bienestar-integral","8":"product_cat-complementos-alimenticios","9":"product_cat-probioticos-prebioticos","10":"product_cat-sistema-inmunologico","11":"product_tag-bienestar-intestinal","12":"product_tag-colichon","13":"product_tag-digestion","14":"product_tag-equilibrio-digestivo","15":"product_tag-gel-nb-plus","16":"product_tag-microbiota","17":"product_tag-probioticos","18":"product_tag-salud-digestiva","19":"product_tag-sin-lactosa","21":"first","22":"instock","23":"taxable","24":"shipping-taxable","25":"purchasable","26":"product-type-variable"},"yoast_head":"<!-- This site is optimized with the Yoast SEO plugin v27.4 - https:\/\/yoast.com\/product\/yoast-seo-wordpress\/ -->\n<title>GEL NB PLUS - LaboratorioColichon<\/title>\n<meta name=\"robots\" content=\"index, follow, max-snippet:-1, max-image-preview:large, max-video-preview:-1\" \/>\n<link rel=\"canonical\" href=\"https:\/\/laboratorioscolichon.com\/en\/product\/gel-nb-plus\/\" \/>\n<meta property=\"og:locale\" content=\"en_US\" \/>\n<meta property=\"og:type\" content=\"article\" \/>\n<meta property=\"og:title\" content=\"GEL NB PLUS - LaboratorioColichon\" \/>\n<meta property=\"og:description\" content=\"Prebi\u00f3tico + 5 cepas Probi\u00f3ticas (L. acidophillus, L. bulgaricus, L. rhamnosus, L. plantarum, B. bifidum) + Postbi\u00f3tico Libre de preservantes \/ libre de lactosa \/ libre de case\u00edna \/ libre de gluten Presentaci\u00f3n: frasco de 100 mL y frasco de 200 mL Registro Sanitario DIGESA: P2600524N\/NALBM RUC: 20102106319\" \/>\n<meta property=\"og:url\" content=\"https:\/\/laboratorioscolichon.com\/en\/product\/gel-nb-plus\/\" \/>\n<meta property=\"og:site_name\" content=\"LaboratorioColichon\" \/>\n<meta property=\"article:modified_time\" content=\"2025-08-14T12:49:46+00:00\" \/>\n<meta property=\"og:image\" content=\"https:\/\/i0.wp.com\/laboratorioscolichon.com\/wp-content\/uploads\/2025\/08\/3_3_GEL_NB_PLUS.jpg?fit=1600%2C1600&ssl=1\" \/>\n\t<meta property=\"og:image:width\" content=\"1600\" \/>\n\t<meta property=\"og:image:height\" content=\"1600\" \/>\n\t<meta property=\"og:image:type\" content=\"image\/jpeg\" \/>\n<meta name=\"twitter:card\" content=\"summary_large_image\" \/>\n<meta name=\"twitter:label1\" content=\"Est. reading time\" \/>\n\t<meta name=\"twitter:data1\" content=\"2 minutes\" \/>\n<script type=\"application\/ld+json\" class=\"yoast-schema-graph\">{\"@context\":\"https:\\\/\\\/schema.org\",\"@graph\":[{\"@type\":\"WebPage\",\"@id\":\"https:\\\/\\\/laboratorioscolichon.com\\\/product\\\/gel-nb-plus\\\/\",\"url\":\"https:\\\/\\\/laboratorioscolichon.com\\\/product\\\/gel-nb-plus\\\/\",\"name\":\"GEL NB PLUS - LaboratorioColichon\",\"isPartOf\":{\"@id\":\"https:\\\/\\\/laboratorioscolichon.com\\\/#website\"},\"primaryImageOfPage\":{\"@id\":\"https:\\\/\\\/laboratorioscolichon.com\\\/product\\\/gel-nb-plus\\\/#primaryimage\"},\"image\":{\"@id\":\"https:\\\/\\\/laboratorioscolichon.com\\\/product\\\/gel-nb-plus\\\/#primaryimage\"},\"thumbnailUrl\":\"https:\\\/\\\/i0.wp.com\\\/laboratorioscolichon.com\\\/wp-content\\\/uploads\\\/2025\\\/08\\\/3_3_GEL_NB_PLUS.jpg?fit=1600%2C1600&ssl=1\",\"datePublished\":\"2025-08-07T12:02:38+00:00\",\"dateModified\":\"2025-08-14T12:49:46+00:00\",\"breadcrumb\":{\"@id\":\"https:\\\/\\\/laboratorioscolichon.com\\\/product\\\/gel-nb-plus\\\/#breadcrumb\"},\"inLanguage\":\"en-US\",\"potentialAction\":[{\"@type\":\"ReadAction\",\"target\":[\"https:\\\/\\\/laboratorioscolichon.com\\\/product\\\/gel-nb-plus\\\/\"]}]},{\"@type\":\"ImageObject\",\"inLanguage\":\"en-US\",\"@id\":\"https:\\\/\\\/laboratorioscolichon.com\\\/product\\\/gel-nb-plus\\\/#primaryimage\",\"url\":\"https:\\\/\\\/i0.wp.com\\\/laboratorioscolichon.com\\\/wp-content\\\/uploads\\\/2025\\\/08\\\/3_3_GEL_NB_PLUS.jpg?fit=1600%2C1600&ssl=1\",\"contentUrl\":\"https:\\\/\\\/i0.wp.com\\\/laboratorioscolichon.com\\\/wp-content\\\/uploads\\\/2025\\\/08\\\/3_3_GEL_NB_PLUS.jpg?fit=1600%2C1600&ssl=1\",\"width\":1600,\"height\":1600},{\"@type\":\"BreadcrumbList\",\"@id\":\"https:\\\/\\\/laboratorioscolichon.com\\\/product\\\/gel-nb-plus\\\/#breadcrumb\",\"itemListElement\":[{\"@type\":\"ListItem\",\"position\":1,\"name\":\"Home\",\"item\":\"https:\\\/\\\/laboratorioscolichon.com\\\/\"},{\"@type\":\"ListItem\",\"position\":2,\"name\":\"SHOP\",\"item\":\"https:\\\/\\\/laboratorioscolichon.com\\\/shop-2\\\/\"},{\"@type\":\"ListItem\",\"position\":3,\"name\":\"GEL NB PLUS\"}]},{\"@type\":\"WebSite\",\"@id\":\"https:\\\/\\\/laboratorioscolichon.com\\\/#website\",\"url\":\"https:\\\/\\\/laboratorioscolichon.com\\\/\",\"name\":\"LaboratorioColichon\",\"description\":\"Laboratorios Colich\u00f3n: m\u00e1s de 65 a\u00f1os desarrollando PROBI\u00d3TICOS NATURALES Y VIVOS en Per\u00fa. Cepas de alta calidad para la salud intestinal, \u00edntima y familiar, libres de lactosa y gluten.\",\"publisher\":{\"@id\":\"https:\\\/\\\/laboratorioscolichon.com\\\/#organization\"},\"potentialAction\":[{\"@type\":\"SearchAction\",\"target\":{\"@type\":\"EntryPoint\",\"urlTemplate\":\"https:\\\/\\\/laboratorioscolichon.com\\\/?s={search_term_string}\"},\"query-input\":{\"@type\":\"PropertyValueSpecification\",\"valueRequired\":true,\"valueName\":\"search_term_string\"}}],\"inLanguage\":\"en-US\"},{\"@type\":\"Organization\",\"@id\":\"https:\\\/\\\/laboratorioscolichon.com\\\/#organization\",\"name\":\"LaboratorioColichon\",\"url\":\"https:\\\/\\\/laboratorioscolichon.com\\\/\",\"logo\":{\"@type\":\"ImageObject\",\"inLanguage\":\"en-US\",\"@id\":\"https:\\\/\\\/laboratorioscolichon.com\\\/#\\\/schema\\\/logo\\\/image\\\/\",\"url\":\"\",\"contentUrl\":\"\",\"caption\":\"LaboratorioColichon\"},\"image\":{\"@id\":\"https:\\\/\\\/laboratorioscolichon.com\\\/#\\\/schema\\\/logo\\\/image\\\/\"}}]}<\/script>\n<!-- \/ Yoast SEO plugin. -->","yoast_head_json":{"title":"GEL NB PLUS - LaboratorioColichon","robots":{"index":"index","follow":"follow","max-snippet":"max-snippet:-1","max-image-preview":"max-image-preview:large","max-video-preview":"max-video-preview:-1"},"canonical":"https:\/\/laboratorioscolichon.com\/en\/product\/gel-nb-plus\/","og_locale":"en_US","og_type":"article","og_title":"GEL NB PLUS - LaboratorioColichon","og_description":"Prebi\u00f3tico + 5 cepas Probi\u00f3ticas (L. acidophillus, L. bulgaricus, L. rhamnosus, L. plantarum, B. bifidum) + Postbi\u00f3tico Libre de preservantes \/ libre de lactosa \/ libre de case\u00edna \/ libre de gluten Presentaci\u00f3n: frasco de 100 mL y frasco de 200 mL Registro Sanitario DIGESA: P2600524N\/NALBM RUC: 20102106319","og_url":"https:\/\/laboratorioscolichon.com\/en\/product\/gel-nb-plus\/","og_site_name":"LaboratorioColichon","article_modified_time":"2025-08-14T12:49:46+00:00","og_image":[{"width":1600,"height":1600,"url":"https:\/\/i0.wp.com\/laboratorioscolichon.com\/wp-content\/uploads\/2025\/08\/3_3_GEL_NB_PLUS.jpg?fit=1600%2C1600&ssl=1","type":"image\/jpeg"}],"twitter_card":"summary_large_image","twitter_misc":{"Est. reading time":"2 minutes"},"schema":{"@context":"https:\/\/schema.org","@graph":[{"@type":"WebPage","@id":"https:\/\/laboratorioscolichon.com\/product\/gel-nb-plus\/","url":"https:\/\/laboratorioscolichon.com\/product\/gel-nb-plus\/","name":"GEL NB PLUS - LaboratorioColichon","isPartOf":{"@id":"https:\/\/laboratorioscolichon.com\/#website"},"primaryImageOfPage":{"@id":"https:\/\/laboratorioscolichon.com\/product\/gel-nb-plus\/#primaryimage"},"image":{"@id":"https:\/\/laboratorioscolichon.com\/product\/gel-nb-plus\/#primaryimage"},"thumbnailUrl":"https:\/\/i0.wp.com\/laboratorioscolichon.com\/wp-content\/uploads\/2025\/08\/3_3_GEL_NB_PLUS.jpg?fit=1600%2C1600&ssl=1","datePublished":"2025-08-07T12:02:38+00:00","dateModified":"2025-08-14T12:49:46+00:00","breadcrumb":{"@id":"https:\/\/laboratorioscolichon.com\/product\/gel-nb-plus\/#breadcrumb"},"inLanguage":"en-US","potentialAction":[{"@type":"ReadAction","target":["https:\/\/laboratorioscolichon.com\/product\/gel-nb-plus\/"]}]},{"@type":"ImageObject","inLanguage":"en-US","@id":"https:\/\/laboratorioscolichon.com\/product\/gel-nb-plus\/#primaryimage","url":"https:\/\/i0.wp.com\/laboratorioscolichon.com\/wp-content\/uploads\/2025\/08\/3_3_GEL_NB_PLUS.jpg?fit=1600%2C1600&ssl=1","contentUrl":"https:\/\/i0.wp.com\/laboratorioscolichon.com\/wp-content\/uploads\/2025\/08\/3_3_GEL_NB_PLUS.jpg?fit=1600%2C1600&ssl=1","width":1600,"height":1600},{"@type":"BreadcrumbList","@id":"https:\/\/laboratorioscolichon.com\/product\/gel-nb-plus\/#breadcrumb","itemListElement":[{"@type":"ListItem","position":1,"name":"Home","item":"https:\/\/laboratorioscolichon.com\/"},{"@type":"ListItem","position":2,"name":"SHOP","item":"https:\/\/laboratorioscolichon.com\/shop-2\/"},{"@type":"ListItem","position":3,"name":"GEL NB PLUS"}]},{"@type":"WebSite","@id":"https:\/\/laboratorioscolichon.com\/#website","url":"https:\/\/laboratorioscolichon.com\/","name":"Laboratorio Colichon","description":"Colich\u00f3n Laboratories: Over 65 years developing natural, live probiotics in Peru. High-quality strains for intestinal, intimate, and family health, lactose and gluten free.","publisher":{"@id":"https:\/\/laboratorioscolichon.com\/#organization"},"potentialAction":[{"@type":"SearchAction","target":{"@type":"EntryPoint","urlTemplate":"https:\/\/laboratorioscolichon.com\/?s={search_term_string}"},"query-input":{"@type":"PropertyValueSpecification","valueRequired":true,"valueName":"search_term_string"}}],"inLanguage":"en-US"},{"@type":"Organization","@id":"https:\/\/laboratorioscolichon.com\/#organization","name":"Laboratorio Colichon","url":"https:\/\/laboratorioscolichon.com\/","logo":{"@type":"ImageObject","inLanguage":"en-US","@id":"https:\/\/laboratorioscolichon.com\/#\/schema\/logo\/image\/","url":"","contentUrl":"","caption":"LaboratorioColichon"},"image":{"@id":"https:\/\/laboratorioscolichon.com\/#\/schema\/logo\/image\/"}}]}},"jetpack_sharing_enabled":true,"_links":{"self":[{"href":"https:\/\/laboratorioscolichon.com\/en\/wp-json\/wp\/v2\/product\/6905","targetHints":{"allow":["GET"]}}],"collection":[{"href":"https:\/\/laboratorioscolichon.com\/en\/wp-json\/wp\/v2\/product"}],"about":[{"href":"https:\/\/laboratorioscolichon.com\/en\/wp-json\/wp\/v2\/types\/product"}],"replies":[{"embeddable":true,"href":"https:\/\/laboratorioscolichon.com\/en\/wp-json\/wp\/v2\/comments?post=6905"}],"wp:featuredmedia":[{"embeddable":true,"href":"https:\/\/laboratorioscolichon.com\/en\/wp-json\/wp\/v2\/media\/6911"}],"wp:attachment":[{"href":"https:\/\/laboratorioscolichon.com\/en\/wp-json\/wp\/v2\/media?parent=6905"}],"wp:term":[{"taxonomy":"product_brand","embeddable":true,"href":"https:\/\/laboratorioscolichon.com\/en\/wp-json\/wp\/v2\/product_brand?post=6905"},{"taxonomy":"product_cat","embeddable":true,"href":"https:\/\/laboratorioscolichon.com\/en\/wp-json\/wp\/v2\/product_cat?post=6905"},{"taxonomy":"product_tag","embeddable":true,"href":"https:\/\/laboratorioscolichon.com\/en\/wp-json\/wp\/v2\/product_tag?post=6905"}],"curies":[{"name":"wp","href":"https:\/\/api.w.org\/{rel}","templated":true}]}}