{"id":6802,"date":"2025-07-31T13:43:16","date_gmt":"2025-07-31T13:43:16","guid":{"rendered":"https:\/\/probiowellness.com.pe\/?post_type=product&#038;p=6802"},"modified":"2025-09-25T23:03:31","modified_gmt":"2025-09-25T23:03:31","slug":"biolactol","status":"publish","type":"product","link":"https:\/\/laboratorioscolichon.com\/en\/product\/biolactol\/","title":{"rendered":"BIOLACTOL"},"content":{"rendered":"<p><span style=\"font-size: 14pt; color: #000000;\"><strong><span style=\"font-size: 18pt;\">Biolactol Probiotic<\/span><\/strong><\/span> It is a crop of <strong>Live and active Lactobacillus acidophilus<\/strong> formulated in a natural environment based on <strong>quinoa, soy, barley and carob<\/strong>, designed to contribute to the intestinal balance of children and adults.<\/p>\n<p>Thanks to its concentration of beneficial microorganisms, Biolactol helps to strengthen the <strong>intestinal flora<\/strong>, promote digestion and improve the body&#039;s response to intestinal imbalances.<\/p>\n<p>\u2705 Contains <strong>Live Lactobacillus acidophilus<\/strong><br \/>\n\u2705 Natural base: quinoa, soy, barley and carob<br \/>\n\u2705 Suitable for <strong>children and adults<\/strong><br \/>\n\u2705 Health Registration: <strong>P2600524N\/NALBMD<\/strong><\/p>\n<p><strong style=\"background-color: black; color: white; padding: 2px 6px; display: inline-block;\">PRESENTATION AVAILABLE<\/strong><br \/>\n\u2022 Box with <strong>25 drinkable bottles<\/strong> 10 mL<\/p>\n<p>Ideal for those looking for a natural alternative to safely care for their digestive system.<\/p>\n<p><strong style=\"background-color: black; color: white; padding: 2px 6px; display: inline-block;\">HOW TO USE<\/strong><br \/>\n\u00bb <strong>Children:<\/strong> 1 bottle daily, one hour before or after meals, for 5 days.<br \/>\n\u00bb <strong>Adults:<\/strong> 1 bottle every 12 hours, one hour before or after meals, for 5 days.<br \/>\n\u00bb Once opened, consume all contents.<\/p>\n<p><strong style=\"background-color: black; color: white; padding: 2px 6px; display: inline-block;\">INGREDIENTS<\/strong><br \/>\nQuinoa, soy, barley, carob, sodium saccharin, vanilla essence, <strong>Live Lactobacillus acidophilus<\/strong> (min. 10\u2075 CFU\/mL).<\/p>\n<p><strong style=\"background-color: black; color: white; padding: 2px 6px; display: inline-block;\">STORAGE CONDITIONS<\/strong><br \/>\nStore in a cool, dry place. No refrigeration required. Do not expose to direct light.<\/p>\n<p><strong style=\"background-color: black; color: white; padding: 2px 6px; display: inline-block;\">WARNINGS<\/strong><br \/>\nThis product is not a medicine.<br \/>\nDo not consume if you are hypersensitive to any of its components.<br \/>\nKeep out of reach of children.<br \/>\nIts consumption is the responsibility of the person who recommends it and the person who uses it.<\/p>","protected":false},"excerpt":{"rendered":"<p><span style=\"font-size: 11 pt; color: #000000;\"><br \/>\n<strong>Probiotic + 1 strain (Lactobacillus acidophilus)<\/strong><br \/>\nPreservative \/ lactose \/ casein \/ gluten free<br \/>\nPresentation: 10 mL drinkable bottle<br \/>\n<\/span><br \/>\nREG. SANITARY: P2600524N\/NALBMD<br \/>\nRUC: 20102106319<\/p>","protected":false},"featured_media":6809,"comment_status":"open","ping_status":"closed","template":"","meta":{"nf_dc_page":"","om_disable_all_campaigns":false,"_monsterinsights_skip_tracking":false,"_monsterinsights_sitenote_active":false,"_monsterinsights_sitenote_note":"","_monsterinsights_sitenote_category":0},"product_brand":[170],"product_cat":[159,160,155,158],"product_tag":[164,168,165,162,169,163,161,166,167],"class_list":{"0":"post-6802","1":"product","2":"type-product","3":"status-publish","4":"has-post-thumbnail","6":"product_brand-biolactol","7":"product_cat-bienestar-integral","8":"product_cat-complementos-alimenticios","9":"product_cat-probioticos-prebioticos","10":"product_cat-sistema-inmunologico","11":"product_tag-bienestar-intestinal","12":"product_tag-biolactol","13":"product_tag-colichon","14":"product_tag-digestion","15":"product_tag-equilibrio-digestivo","16":"product_tag-microbiota","17":"product_tag-probioticos","18":"product_tag-salud-digestiva","19":"product_tag-sin-lactosa","21":"first","22":"instock","23":"taxable","24":"shipping-taxable","25":"purchasable","26":"product-type-simple"},"yoast_head":"<!-- This site is optimized with the Yoast SEO plugin v27.4 - https:\/\/yoast.com\/product\/yoast-seo-wordpress\/ -->\n<title>BIOLACTOL - LaboratorioColichon<\/title>\n<meta name=\"robots\" content=\"index, follow, max-snippet:-1, max-image-preview:large, max-video-preview:-1\" \/>\n<link rel=\"canonical\" href=\"https:\/\/laboratorioscolichon.com\/en\/product\/biolactol\/\" \/>\n<meta property=\"og:locale\" content=\"en_US\" \/>\n<meta property=\"og:type\" content=\"article\" \/>\n<meta property=\"og:title\" content=\"BIOLACTOL - LaboratorioColichon\" \/>\n<meta property=\"og:description\" content=\"Probi\u00f3tico + 1 cepa (Lactobacillus acidophilus) Libre de preservantes \/ lactosa \/ case\u00edna \/ gluten Presentaci\u00f3n: frasco bebible de 10 mL  REG. SANITARIO: P2600524N\/NALBMD RUC: 20102106319\" \/>\n<meta property=\"og:url\" content=\"https:\/\/laboratorioscolichon.com\/en\/product\/biolactol\/\" \/>\n<meta property=\"og:site_name\" content=\"LaboratorioColichon\" \/>\n<meta property=\"article:modified_time\" content=\"2025-09-25T23:03:31+00:00\" \/>\n<meta property=\"og:image\" content=\"https:\/\/laboratorioscolichon.com\/wp-content\/uploads\/2025\/07\/2_3_BIOLACTOL_700x700_1.png\" \/>\n\t<meta property=\"og:image:width\" content=\"700\" \/>\n\t<meta property=\"og:image:height\" content=\"700\" \/>\n\t<meta property=\"og:image:type\" content=\"image\/png\" \/>\n<meta name=\"twitter:card\" content=\"summary_large_image\" \/>\n<meta name=\"twitter:label1\" content=\"Est. reading time\" \/>\n\t<meta name=\"twitter:data1\" content=\"2 minutes\" \/>\n<script type=\"application\/ld+json\" class=\"yoast-schema-graph\">{\"@context\":\"https:\\\/\\\/schema.org\",\"@graph\":[{\"@type\":\"WebPage\",\"@id\":\"https:\\\/\\\/laboratorioscolichon.com\\\/product\\\/biolactol\\\/\",\"url\":\"https:\\\/\\\/laboratorioscolichon.com\\\/product\\\/biolactol\\\/\",\"name\":\"BIOLACTOL - LaboratorioColichon\",\"isPartOf\":{\"@id\":\"https:\\\/\\\/laboratorioscolichon.com\\\/#website\"},\"primaryImageOfPage\":{\"@id\":\"https:\\\/\\\/laboratorioscolichon.com\\\/product\\\/biolactol\\\/#primaryimage\"},\"image\":{\"@id\":\"https:\\\/\\\/laboratorioscolichon.com\\\/product\\\/biolactol\\\/#primaryimage\"},\"thumbnailUrl\":\"https:\\\/\\\/i0.wp.com\\\/laboratorioscolichon.com\\\/wp-content\\\/uploads\\\/2025\\\/07\\\/2_3_BIOLACTOL_700x700_1.png?fit=700%2C700&ssl=1\",\"datePublished\":\"2025-07-31T13:43:16+00:00\",\"dateModified\":\"2025-09-25T23:03:31+00:00\",\"breadcrumb\":{\"@id\":\"https:\\\/\\\/laboratorioscolichon.com\\\/product\\\/biolactol\\\/#breadcrumb\"},\"inLanguage\":\"en-US\",\"potentialAction\":[{\"@type\":\"ReadAction\",\"target\":[\"https:\\\/\\\/laboratorioscolichon.com\\\/product\\\/biolactol\\\/\"]}]},{\"@type\":\"ImageObject\",\"inLanguage\":\"en-US\",\"@id\":\"https:\\\/\\\/laboratorioscolichon.com\\\/product\\\/biolactol\\\/#primaryimage\",\"url\":\"https:\\\/\\\/i0.wp.com\\\/laboratorioscolichon.com\\\/wp-content\\\/uploads\\\/2025\\\/07\\\/2_3_BIOLACTOL_700x700_1.png?fit=700%2C700&ssl=1\",\"contentUrl\":\"https:\\\/\\\/i0.wp.com\\\/laboratorioscolichon.com\\\/wp-content\\\/uploads\\\/2025\\\/07\\\/2_3_BIOLACTOL_700x700_1.png?fit=700%2C700&ssl=1\",\"width\":700,\"height\":700},{\"@type\":\"BreadcrumbList\",\"@id\":\"https:\\\/\\\/laboratorioscolichon.com\\\/product\\\/biolactol\\\/#breadcrumb\",\"itemListElement\":[{\"@type\":\"ListItem\",\"position\":1,\"name\":\"Home\",\"item\":\"https:\\\/\\\/laboratorioscolichon.com\\\/\"},{\"@type\":\"ListItem\",\"position\":2,\"name\":\"SHOP\",\"item\":\"https:\\\/\\\/laboratorioscolichon.com\\\/shop-2\\\/\"},{\"@type\":\"ListItem\",\"position\":3,\"name\":\"BIOLACTOL\"}]},{\"@type\":\"WebSite\",\"@id\":\"https:\\\/\\\/laboratorioscolichon.com\\\/#website\",\"url\":\"https:\\\/\\\/laboratorioscolichon.com\\\/\",\"name\":\"LaboratorioColichon\",\"description\":\"Laboratorios Colich\u00f3n: m\u00e1s de 65 a\u00f1os desarrollando PROBI\u00d3TICOS NATURALES Y VIVOS en Per\u00fa. Cepas de alta calidad para la salud intestinal, \u00edntima y familiar, libres de lactosa y gluten.\",\"publisher\":{\"@id\":\"https:\\\/\\\/laboratorioscolichon.com\\\/#organization\"},\"potentialAction\":[{\"@type\":\"SearchAction\",\"target\":{\"@type\":\"EntryPoint\",\"urlTemplate\":\"https:\\\/\\\/laboratorioscolichon.com\\\/?s={search_term_string}\"},\"query-input\":{\"@type\":\"PropertyValueSpecification\",\"valueRequired\":true,\"valueName\":\"search_term_string\"}}],\"inLanguage\":\"en-US\"},{\"@type\":\"Organization\",\"@id\":\"https:\\\/\\\/laboratorioscolichon.com\\\/#organization\",\"name\":\"LaboratorioColichon\",\"url\":\"https:\\\/\\\/laboratorioscolichon.com\\\/\",\"logo\":{\"@type\":\"ImageObject\",\"inLanguage\":\"en-US\",\"@id\":\"https:\\\/\\\/laboratorioscolichon.com\\\/#\\\/schema\\\/logo\\\/image\\\/\",\"url\":\"\",\"contentUrl\":\"\",\"caption\":\"LaboratorioColichon\"},\"image\":{\"@id\":\"https:\\\/\\\/laboratorioscolichon.com\\\/#\\\/schema\\\/logo\\\/image\\\/\"}}]}<\/script>\n<!-- \/ Yoast SEO plugin. -->","yoast_head_json":{"title":"BIOLACTOL - LaboratorioColichon","robots":{"index":"index","follow":"follow","max-snippet":"max-snippet:-1","max-image-preview":"max-image-preview:large","max-video-preview":"max-video-preview:-1"},"canonical":"https:\/\/laboratorioscolichon.com\/en\/product\/biolactol\/","og_locale":"en_US","og_type":"article","og_title":"BIOLACTOL - LaboratorioColichon","og_description":"Probi\u00f3tico + 1 cepa (Lactobacillus acidophilus) Libre de preservantes \/ lactosa \/ case\u00edna \/ gluten Presentaci\u00f3n: frasco bebible de 10 mL  REG. SANITARIO: P2600524N\/NALBMD RUC: 20102106319","og_url":"https:\/\/laboratorioscolichon.com\/en\/product\/biolactol\/","og_site_name":"LaboratorioColichon","article_modified_time":"2025-09-25T23:03:31+00:00","og_image":[{"width":700,"height":700,"url":"https:\/\/laboratorioscolichon.com\/wp-content\/uploads\/2025\/07\/2_3_BIOLACTOL_700x700_1.png","type":"image\/png"}],"twitter_card":"summary_large_image","twitter_misc":{"Est. reading time":"2 minutes"},"schema":{"@context":"https:\/\/schema.org","@graph":[{"@type":"WebPage","@id":"https:\/\/laboratorioscolichon.com\/product\/biolactol\/","url":"https:\/\/laboratorioscolichon.com\/product\/biolactol\/","name":"BIOLACTOL - LaboratorioColichon","isPartOf":{"@id":"https:\/\/laboratorioscolichon.com\/#website"},"primaryImageOfPage":{"@id":"https:\/\/laboratorioscolichon.com\/product\/biolactol\/#primaryimage"},"image":{"@id":"https:\/\/laboratorioscolichon.com\/product\/biolactol\/#primaryimage"},"thumbnailUrl":"https:\/\/i0.wp.com\/laboratorioscolichon.com\/wp-content\/uploads\/2025\/07\/2_3_BIOLACTOL_700x700_1.png?fit=700%2C700&ssl=1","datePublished":"2025-07-31T13:43:16+00:00","dateModified":"2025-09-25T23:03:31+00:00","breadcrumb":{"@id":"https:\/\/laboratorioscolichon.com\/product\/biolactol\/#breadcrumb"},"inLanguage":"en-US","potentialAction":[{"@type":"ReadAction","target":["https:\/\/laboratorioscolichon.com\/product\/biolactol\/"]}]},{"@type":"ImageObject","inLanguage":"en-US","@id":"https:\/\/laboratorioscolichon.com\/product\/biolactol\/#primaryimage","url":"https:\/\/i0.wp.com\/laboratorioscolichon.com\/wp-content\/uploads\/2025\/07\/2_3_BIOLACTOL_700x700_1.png?fit=700%2C700&ssl=1","contentUrl":"https:\/\/i0.wp.com\/laboratorioscolichon.com\/wp-content\/uploads\/2025\/07\/2_3_BIOLACTOL_700x700_1.png?fit=700%2C700&ssl=1","width":700,"height":700},{"@type":"BreadcrumbList","@id":"https:\/\/laboratorioscolichon.com\/product\/biolactol\/#breadcrumb","itemListElement":[{"@type":"ListItem","position":1,"name":"Home","item":"https:\/\/laboratorioscolichon.com\/"},{"@type":"ListItem","position":2,"name":"SHOP","item":"https:\/\/laboratorioscolichon.com\/shop-2\/"},{"@type":"ListItem","position":3,"name":"BIOLACTOL"}]},{"@type":"WebSite","@id":"https:\/\/laboratorioscolichon.com\/#website","url":"https:\/\/laboratorioscolichon.com\/","name":"Laboratorio Colichon","description":"Colich\u00f3n Laboratories: Over 65 years developing natural, live probiotics in Peru. High-quality strains for intestinal, intimate, and family health, lactose and gluten free.","publisher":{"@id":"https:\/\/laboratorioscolichon.com\/#organization"},"potentialAction":[{"@type":"SearchAction","target":{"@type":"EntryPoint","urlTemplate":"https:\/\/laboratorioscolichon.com\/?s={search_term_string}"},"query-input":{"@type":"PropertyValueSpecification","valueRequired":true,"valueName":"search_term_string"}}],"inLanguage":"en-US"},{"@type":"Organization","@id":"https:\/\/laboratorioscolichon.com\/#organization","name":"Laboratorio Colichon","url":"https:\/\/laboratorioscolichon.com\/","logo":{"@type":"ImageObject","inLanguage":"en-US","@id":"https:\/\/laboratorioscolichon.com\/#\/schema\/logo\/image\/","url":"","contentUrl":"","caption":"LaboratorioColichon"},"image":{"@id":"https:\/\/laboratorioscolichon.com\/#\/schema\/logo\/image\/"}}]}},"jetpack_sharing_enabled":true,"_links":{"self":[{"href":"https:\/\/laboratorioscolichon.com\/en\/wp-json\/wp\/v2\/product\/6802","targetHints":{"allow":["GET"]}}],"collection":[{"href":"https:\/\/laboratorioscolichon.com\/en\/wp-json\/wp\/v2\/product"}],"about":[{"href":"https:\/\/laboratorioscolichon.com\/en\/wp-json\/wp\/v2\/types\/product"}],"replies":[{"embeddable":true,"href":"https:\/\/laboratorioscolichon.com\/en\/wp-json\/wp\/v2\/comments?post=6802"}],"wp:featuredmedia":[{"embeddable":true,"href":"https:\/\/laboratorioscolichon.com\/en\/wp-json\/wp\/v2\/media\/6809"}],"wp:attachment":[{"href":"https:\/\/laboratorioscolichon.com\/en\/wp-json\/wp\/v2\/media?parent=6802"}],"wp:term":[{"taxonomy":"product_brand","embeddable":true,"href":"https:\/\/laboratorioscolichon.com\/en\/wp-json\/wp\/v2\/product_brand?post=6802"},{"taxonomy":"product_cat","embeddable":true,"href":"https:\/\/laboratorioscolichon.com\/en\/wp-json\/wp\/v2\/product_cat?post=6802"},{"taxonomy":"product_tag","embeddable":true,"href":"https:\/\/laboratorioscolichon.com\/en\/wp-json\/wp\/v2\/product_tag?post=6802"}],"curies":[{"name":"wp","href":"https:\/\/api.w.org\/{rel}","templated":true}]}}