{"id":7014,"date":"2025-08-16T12:30:21","date_gmt":"2025-08-16T12:30:21","guid":{"rendered":"https:\/\/probiowellness.com.pe\/?page_id=7014"},"modified":"2026-01-12T15:50:37","modified_gmt":"2026-01-12T15:50:37","slug":"servicios","status":"publish","type":"page","link":"https:\/\/laboratorioscolichon.com\/en\/servicios\/","title":{"rendered":"Services"},"content":{"rendered":"<div class=\"wpb-content-wrapper\"><div data-g5element-full-width=\"true\" class=\"vc_row wpb_row vc_row-fluid vc_custom_1755772561622 vc_row-has-fill\"><div class=\"wpb_column vc_column_container vc_col-sm-12\"><div class=\"vc_column-inner vc_custom_1562290634396\"><div class=\"wpb_wrapper\"><div class=\"gel-space gel-5c2098b22fb4f19c054dea60a86cbd42\"><\/div><div class=\"gel-page-title gel-page-title-style-02 vc_custom_1755772389654 vc_custom_1755772389654\">\n    <div class=\"page-title-wrap\">\n        <div class=\"page-title-content\">\n                            <h1 class=\"page-main-title gel-c30d9b50a96e433b5c17183cebba5084\"><\/h1>\n                                <\/div>\n    <\/div>\n<\/div>\n\n\n\n\n\n\n<div class=\"gel-space gel-ff17b10c049db4a453f4a469ae432618\"><\/div><\/div><\/div><\/div><\/div><div class=\"vc_row-full-width vc_clearfix\"><\/div><div class=\"vc_row wpb_row vc_row-fluid\"><div class=\"wpb_column vc_column_container vc_col-sm-12\"><div class=\"vc_column-inner\"><div class=\"wpb_wrapper\"><div class=\"gel-space gel-54ffac5fb7e837a1170ce9e3eae6d650\"><\/div><\/div><\/div><\/div><div class=\"wpb_column vc_column_container vc_col-sm-12 vc_col-md-6\"><div class=\"vc_column-inner\"><div class=\"wpb_wrapper\">\t<div class=\"gel-banner gel-banner-style-04  custom-banner-size-xs-150 gel-image-effectr-wrap gel-69ea4005ccbf5\">\n\t\t<div class=\"gel-effect-bg-image gel-image-effect flash-effect\">\n\t\t\t<div class=\"gel-banner-bg gel-effect-content\">\n\t\t\t\t\t\t\t<\/div>\n\t\t<\/div>\n\t\t\t\t\t<div class=\"gel-banner-content\">\n\t\t\t\t\t\t\t\t\t\t\t\t\t\t\t<\/div>\n\t\t\t<\/div>\n<\/div><\/div><\/div><div class=\"wpb_column vc_column_container vc_col-sm-12 vc_col-lg-offset-1 vc_col-lg-5 vc_col-md-6\"><div class=\"vc_column-inner\"><div class=\"wpb_wrapper\"><div class=\"gel-space gel-19314860204a14c831fa2d38c475b0c1\"><\/div><div class=\"gel-heading gel-heading-style-01  custom-heading-05 vc_custom_1755739628869 text-left\">\n\t\t<h2 class=\"gel-heading-title\">\n\t\tSolutions <mark>Natural<\/mark> for Health\t<\/h2>\n\t<\/div><div class=\"gel-space gel-81b9ac42c067310d8ee256522b6d4ab3\"><\/div>\n\t<div class=\"wpb_text_column wpb_content_element fs-1rem\" >\n\t\t<div class=\"wpb_wrapper\">\n\t\t\t<p><span style=\"font-size: 14pt;\">With more than six decades of experience, we develop natural products with <strong>probiotic, prebiotic and postbiotic strains<\/strong> for comprehensive well-being.<\/span><br \/>\n<span style=\"font-size: 14pt;\">Our strains guarantee <strong>stability, efficacy and high bioavailability<\/strong>, creating premium solutions for today&#039;s consumer.<\/span><\/p>\n\n\t\t<\/div>\n\t<\/div>\n<\/div><\/div><\/div><\/div><div class=\"vc_row wpb_row vc_row-fluid\"><div class=\"wpb_column vc_column_container vc_col-sm-12\"><div class=\"vc_column-inner\"><div class=\"wpb_wrapper\">\n\t<div class=\"wpb_text_column wpb_content_element\" >\n\t\t<div class=\"wpb_wrapper\">\n\t\t\t\n\t\t<\/div>\n\t<\/div>\n<\/div><\/div><\/div><\/div><div data-g5element-full-width=\"true\" data-g5element-stretch-content=\"true\" class=\"vc_row wpb_row vc_row-fluid vc_custom_32003 vc_row-has-fill\"><div class=\"wpb_column vc_column_container vc_col-sm-1\/5\"><div class=\"vc_column-inner\"><div class=\"wpb_wrapper\"><\/div><\/div><\/div><div class=\"wpb_column vc_column_container vc_col-sm-1\/5\"><div class=\"vc_column-inner vc_custom_1755773369331\"><div class=\"wpb_wrapper\"><div class=\"vc_icon_element vc_icon_element-outer vc_do_icon vc_icon_element-align-center vc_icon_element-have-style\"><div class=\"vc_icon_element-inner vc_icon_element-color-custom vc_icon_element-have-style-inner vc_icon_element-size-lg vc_icon_element-style-rounded vc_icon_element-background vc_icon_element-background-color-grey\" ><span class=\"vc_icon_element-icon fas fa-bong\" style=\"color:#94d110 !important\"><\/span><\/div><\/div><h3 style=\"text-align: center\" class=\"vc_custom_heading vc_do_custom_heading vc_custom_32004\" >Custom Development<\/h3>\n\t<div class=\"wpb_text_column wpb_content_element\" >\n\t\t<div class=\"wpb_wrapper\">\n\t\t\t<ul style=\"list-style: none; padding: 0; margin: 0; line-height: 1.8; font-size: 15px; color: #333;\">\n<li style=\"text-align: left;\"><span style=\"color: #94d110; font-weight: bold; margin-right: 8px;\">\u2714<\/span>Tailor-made formulas, optimized for maximum effectiveness<\/li>\n<li style=\"text-align: left;\"><span style=\"color: #94d110; font-weight: bold; margin-right: 8px;\">\u2714<\/span>100% natural ingredients<\/li>\n<li style=\"text-align: left;\"><span style=\"color: #94d110; font-weight: bold; margin-right: 8px;\">\u2714<\/span>Adaptation to customer needs<\/li>\n<li style=\"text-align: left;\"><span style=\"color: #94d110; font-weight: bold; margin-right: 8px;\">\u2714<\/span>Scalability for large volumes<\/li>\n<\/ul>\n\n\t\t<\/div>\n\t<\/div>\n<\/div><\/div><\/div><div class=\"wpb_column vc_column_container vc_col-sm-1\/5\"><div class=\"vc_column-inner\"><div class=\"wpb_wrapper\"><div class=\"vc_icon_element vc_icon_element-outer vc_do_icon vc_icon_element-align-center vc_icon_element-have-style\"><div class=\"vc_icon_element-inner vc_icon_element-color-custom vc_icon_element-have-style-inner vc_icon_element-size-lg vc_icon_element-style-rounded vc_icon_element-background vc_icon_element-background-color-grey\" ><span class=\"vc_icon_element-icon fas fa-bacteria\" style=\"color:#94d110 !important\"><\/span><\/div><\/div><h3 style=\"text-align: center\" class=\"vc_custom_heading vc_do_custom_heading vc_custom_32006\" >Freeze drying<\/h3>\n\t<div class=\"wpb_text_column wpb_content_element\" >\n\t\t<div class=\"wpb_wrapper\">\n\t\t\t<p style=\"margin: 0 0 10px; font-size: 15px; color: #333;\">We freeze-dry fruits, vegetables and spices, straight from the laboratory.<\/p>\n<ul style=\"list-style: none; padding: 0; margin: 0; line-height: 1.8; font-size: 15px; color: #333;\">\n<li style=\"text-align: left;\"><span style=\"color: #94d110; font-weight: bold; margin-right: 8px;\">\u2714<\/span>Property conservation<\/li>\n<li style=\"text-align: left;\"><span style=\"color: #94d110; font-weight: bold; margin-right: 8px;\">\u2714<\/span>Applications in food and supplements<\/li>\n<li style=\"text-align: left;\"><span style=\"color: #94d110; font-weight: bold; margin-right: 8px;\">\u2714<\/span>Certified processes<\/li>\n<\/ul>\n\n\t\t<\/div>\n\t<\/div>\n<\/div><\/div><\/div><div class=\"wpb_column vc_column_container vc_col-sm-1\/5\"><div class=\"vc_column-inner vc_custom_1755773347230\"><div class=\"wpb_wrapper\"><div class=\"vc_icon_element vc_icon_element-outer vc_do_icon vc_icon_element-align-center vc_icon_element-have-style\"><div class=\"vc_icon_element-inner vc_icon_element-color-custom vc_icon_element-have-style-inner vc_icon_element-size-lg vc_icon_element-style-rounded vc_icon_element-background vc_icon_element-background-color-grey\" ><span class=\"vc_icon_element-icon fas fa-microscope\" style=\"color:#94d110 !important\"><\/span><\/div><\/div><h3 style=\"text-align: center\" class=\"vc_custom_heading vc_do_custom_heading vc_custom_32008\" >Research &amp; Science<\/h3>\n\t<div class=\"wpb_text_column wpb_content_element\" >\n\t\t<div class=\"wpb_wrapper\">\n\t\t\t<ul style=\"list-style: none; padding: 0; margin: 0; line-height: 1.8; font-size: 15px; color: #333;\">\n<li style=\"text-align: left;\"><span style=\"color: #94d110; font-weight: bold; margin-right: 8px;\">\u2714<\/span>Development of new strains<\/li>\n<li style=\"text-align: left;\"><span style=\"color: #94d110; font-weight: bold; margin-right: 8px;\">\u2714<\/span>Product studies<\/li>\n<li style=\"text-align: left;\"><span style=\"color: #94d110; font-weight: bold; margin-right: 8px;\">\u2714<\/span>Constant innovation<\/li>\n<\/ul>\n\n\t\t<\/div>\n\t<\/div>\n<\/div><\/div><\/div><div class=\"wpb_column vc_column_container vc_col-sm-1\/5\"><div class=\"vc_column-inner\"><div class=\"wpb_wrapper\"><\/div><\/div><\/div><\/div><div class=\"vc_row-full-width vc_clearfix\"><\/div><div data-g5element-full-width=\"true\" class=\"vc_row wpb_row vc_row-fluid vc-col-no-pt vc_custom_1758905277250 vc_row-has-fill position-relative\"><div class=\"g5element-bg-overlay g5element-bg-full\" style=\"background-color: #E4EEF0;opacity: 0.5\"><\/div><div class=\"custom-mailchimp-02 wpb_column vc_column_container vc_col-sm-12 vc_col-has-fill\"><div class=\"vc_column-inner vc_custom_1755644530922\"><div class=\"wpb_wrapper\"><div class=\"gel-space gel-d03812b2cd59c0c545008fd58e5ef7e1\"><\/div>\n\t<div class=\"wpb_text_column wpb_content_element vc_custom_1755742665789\" >\n\t\t<div class=\"wpb_wrapper\">\n\t\t\t<h3 class=\"mailchimp-heading\">Do you want us to work together on your next project? <span class=\"btn btn-link black-text-color\">PRODUCT<\/span>?<\/h3>\n\n\t\t<\/div>\n\t<\/div>\n<div class=\"vc_row wpb_row vc_inner vc_row-fluid\"><div class=\"wpb_column vc_column_container vc_col-sm-8 vc_col-sm-offset-2\"><div class=\"vc_column-inner\"><div class=\"wpb_wrapper\"><div class=\"gel-btn gel-btn-inline\">\n\t<a href=\"https:\/\/laboratorioscolichon.com\/en\/contactos\/\" class=\"btn btn-lg btn-square btn-accent\" title=\"Contact us\">\tContact us\t<\/a><\/div>\n<\/div><\/div><\/div><\/div><div class=\"gel-space gel-03185f19d3737f4c77552efd81b04924\"><\/div><\/div><\/div><\/div><\/div><div class=\"vc_row-full-width vc_clearfix\"><\/div>\n<\/div>","protected":false},"excerpt":{"rendered":"Soluciones Naturales para la Salud Con m\u00e1s de seis d\u00e9cadas de experiencia, desarrollamos productos naturales con cepas probi\u00f3ticas, prebi\u00f3ticas y postbi\u00f3ticas para el bienestar integral. Nuestras cepas garantizan estabilidad, eficacia y alta biodisponibilidad, creando soluciones premium para el consumidor actual. Desarrollo Personalizado \u2714F\u00f3rmulas a medida, optimizadas para m\u00e1xima eficacia \u2714Ingredientes 100% naturales \u2714Adaptaci\u00f3n a las [...]","protected":false},"author":1,"featured_media":0,"parent":0,"menu_order":0,"comment_status":"closed","ping_status":"closed","template":"","meta":{"nf_dc_page":"","om_disable_all_campaigns":false,"_monsterinsights_skip_tracking":false,"_monsterinsights_sitenote_active":false,"_monsterinsights_sitenote_note":"","_monsterinsights_sitenote_category":0,"footnotes":""},"class_list":["post-7014","page","type-page","status-publish","hentry"],"yoast_head":"<!-- This site is optimized with the Yoast SEO plugin v27.4 - https:\/\/yoast.com\/product\/yoast-seo-wordpress\/ -->\n<title>Servicios - LaboratorioColichon<\/title>\n<meta name=\"description\" content=\"Conoce los servicios de salud integral en Per\u00fa de Laboratorios Colich\u00f3n: pediatr\u00eda, nutrici\u00f3n, psicolog\u00eda y bienestar familiar.\" \/>\n<meta name=\"robots\" content=\"index, follow, max-snippet:-1, max-image-preview:large, max-video-preview:-1\" \/>\n<link rel=\"canonical\" href=\"https:\/\/laboratorioscolichon.com\/en\/servicios\/\" \/>\n<meta property=\"og:locale\" content=\"en_US\" \/>\n<meta property=\"og:type\" content=\"article\" \/>\n<meta property=\"og:title\" content=\"Servicios - LaboratorioColichon\" \/>\n<meta property=\"og:description\" content=\"Conoce los servicios de salud integral en Per\u00fa de Laboratorios Colich\u00f3n: pediatr\u00eda, nutrici\u00f3n, psicolog\u00eda y bienestar familiar.\" \/>\n<meta property=\"og:url\" content=\"https:\/\/laboratorioscolichon.com\/en\/servicios\/\" \/>\n<meta property=\"og:site_name\" content=\"LaboratorioColichon\" \/>\n<meta property=\"article:modified_time\" content=\"2026-01-12T15:50:37+00:00\" \/>\n<meta name=\"twitter:card\" content=\"summary_large_image\" \/>\n<meta name=\"twitter:label1\" content=\"Est. reading time\" \/>\n\t<meta name=\"twitter:data1\" content=\"2 minutes\" \/>\n<script type=\"application\/ld+json\" class=\"yoast-schema-graph\">{\"@context\":\"https:\\\/\\\/schema.org\",\"@graph\":[{\"@type\":\"WebPage\",\"@id\":\"https:\\\/\\\/laboratorioscolichon.com\\\/servicios\\\/\",\"url\":\"https:\\\/\\\/laboratorioscolichon.com\\\/servicios\\\/\",\"name\":\"Servicios - LaboratorioColichon\",\"isPartOf\":{\"@id\":\"https:\\\/\\\/laboratorioscolichon.com\\\/#website\"},\"datePublished\":\"2025-08-16T12:30:21+00:00\",\"dateModified\":\"2026-01-12T15:50:37+00:00\",\"description\":\"Conoce los servicios de salud integral en Per\u00fa de Laboratorios Colich\u00f3n: pediatr\u00eda, nutrici\u00f3n, psicolog\u00eda y bienestar familiar.\",\"breadcrumb\":{\"@id\":\"https:\\\/\\\/laboratorioscolichon.com\\\/servicios\\\/#breadcrumb\"},\"inLanguage\":\"en-US\",\"potentialAction\":[{\"@type\":\"ReadAction\",\"target\":[\"https:\\\/\\\/laboratorioscolichon.com\\\/servicios\\\/\"]}]},{\"@type\":\"BreadcrumbList\",\"@id\":\"https:\\\/\\\/laboratorioscolichon.com\\\/servicios\\\/#breadcrumb\",\"itemListElement\":[{\"@type\":\"ListItem\",\"position\":1,\"name\":\"Home\",\"item\":\"https:\\\/\\\/laboratorioscolichon.com\\\/\"},{\"@type\":\"ListItem\",\"position\":2,\"name\":\"Servicios\"}]},{\"@type\":\"WebSite\",\"@id\":\"https:\\\/\\\/laboratorioscolichon.com\\\/#website\",\"url\":\"https:\\\/\\\/laboratorioscolichon.com\\\/\",\"name\":\"LaboratorioColichon\",\"description\":\"Laboratorios Colich\u00f3n: m\u00e1s de 65 a\u00f1os desarrollando PROBI\u00d3TICOS NATURALES Y VIVOS en Per\u00fa. Cepas de alta calidad para la salud intestinal, \u00edntima y familiar, libres de lactosa y gluten.\",\"publisher\":{\"@id\":\"https:\\\/\\\/laboratorioscolichon.com\\\/#organization\"},\"potentialAction\":[{\"@type\":\"SearchAction\",\"target\":{\"@type\":\"EntryPoint\",\"urlTemplate\":\"https:\\\/\\\/laboratorioscolichon.com\\\/?s={search_term_string}\"},\"query-input\":{\"@type\":\"PropertyValueSpecification\",\"valueRequired\":true,\"valueName\":\"search_term_string\"}}],\"inLanguage\":\"en-US\"},{\"@type\":\"Organization\",\"@id\":\"https:\\\/\\\/laboratorioscolichon.com\\\/#organization\",\"name\":\"LaboratorioColichon\",\"url\":\"https:\\\/\\\/laboratorioscolichon.com\\\/\",\"logo\":{\"@type\":\"ImageObject\",\"inLanguage\":\"en-US\",\"@id\":\"https:\\\/\\\/laboratorioscolichon.com\\\/#\\\/schema\\\/logo\\\/image\\\/\",\"url\":\"\",\"contentUrl\":\"\",\"caption\":\"LaboratorioColichon\"},\"image\":{\"@id\":\"https:\\\/\\\/laboratorioscolichon.com\\\/#\\\/schema\\\/logo\\\/image\\\/\"}}]}<\/script>\n<!-- \/ Yoast SEO plugin. -->","yoast_head_json":{"title":"Services - Colichon Laboratory","description":"Discover the comprehensive health services in Peru offered by Laboratorios Colich\u00f3n: pediatrics, nutrition, psychology, and family wellness.","robots":{"index":"index","follow":"follow","max-snippet":"max-snippet:-1","max-image-preview":"max-image-preview:large","max-video-preview":"max-video-preview:-1"},"canonical":"https:\/\/laboratorioscolichon.com\/en\/servicios\/","og_locale":"en_US","og_type":"article","og_title":"Servicios - LaboratorioColichon","og_description":"Conoce los servicios de salud integral en Per\u00fa de Laboratorios Colich\u00f3n: pediatr\u00eda, nutrici\u00f3n, psicolog\u00eda y bienestar familiar.","og_url":"https:\/\/laboratorioscolichon.com\/en\/servicios\/","og_site_name":"LaboratorioColichon","article_modified_time":"2026-01-12T15:50:37+00:00","twitter_card":"summary_large_image","twitter_misc":{"Est. reading time":"2 minutes"},"schema":{"@context":"https:\/\/schema.org","@graph":[{"@type":"WebPage","@id":"https:\/\/laboratorioscolichon.com\/servicios\/","url":"https:\/\/laboratorioscolichon.com\/servicios\/","name":"Services - Colichon Laboratory","isPartOf":{"@id":"https:\/\/laboratorioscolichon.com\/#website"},"datePublished":"2025-08-16T12:30:21+00:00","dateModified":"2026-01-12T15:50:37+00:00","description":"Discover the comprehensive health services in Peru offered by Laboratorios Colich\u00f3n: pediatrics, nutrition, psychology, and family wellness.","breadcrumb":{"@id":"https:\/\/laboratorioscolichon.com\/servicios\/#breadcrumb"},"inLanguage":"en-US","potentialAction":[{"@type":"ReadAction","target":["https:\/\/laboratorioscolichon.com\/servicios\/"]}]},{"@type":"BreadcrumbList","@id":"https:\/\/laboratorioscolichon.com\/servicios\/#breadcrumb","itemListElement":[{"@type":"ListItem","position":1,"name":"Home","item":"https:\/\/laboratorioscolichon.com\/"},{"@type":"ListItem","position":2,"name":"Servicios"}]},{"@type":"WebSite","@id":"https:\/\/laboratorioscolichon.com\/#website","url":"https:\/\/laboratorioscolichon.com\/","name":"Laboratorio Colichon","description":"Colich\u00f3n Laboratories: Over 65 years developing natural, live probiotics in Peru. High-quality strains for intestinal, intimate, and family health, lactose and gluten free.","publisher":{"@id":"https:\/\/laboratorioscolichon.com\/#organization"},"potentialAction":[{"@type":"SearchAction","target":{"@type":"EntryPoint","urlTemplate":"https:\/\/laboratorioscolichon.com\/?s={search_term_string}"},"query-input":{"@type":"PropertyValueSpecification","valueRequired":true,"valueName":"search_term_string"}}],"inLanguage":"en-US"},{"@type":"Organization","@id":"https:\/\/laboratorioscolichon.com\/#organization","name":"Laboratorio Colichon","url":"https:\/\/laboratorioscolichon.com\/","logo":{"@type":"ImageObject","inLanguage":"en-US","@id":"https:\/\/laboratorioscolichon.com\/#\/schema\/logo\/image\/","url":"","contentUrl":"","caption":"LaboratorioColichon"},"image":{"@id":"https:\/\/laboratorioscolichon.com\/#\/schema\/logo\/image\/"}}]}},"jetpack_sharing_enabled":true,"_links":{"self":[{"href":"https:\/\/laboratorioscolichon.com\/en\/wp-json\/wp\/v2\/pages\/7014","targetHints":{"allow":["GET"]}}],"collection":[{"href":"https:\/\/laboratorioscolichon.com\/en\/wp-json\/wp\/v2\/pages"}],"about":[{"href":"https:\/\/laboratorioscolichon.com\/en\/wp-json\/wp\/v2\/types\/page"}],"author":[{"embeddable":true,"href":"https:\/\/laboratorioscolichon.com\/en\/wp-json\/wp\/v2\/users\/1"}],"replies":[{"embeddable":true,"href":"https:\/\/laboratorioscolichon.com\/en\/wp-json\/wp\/v2\/comments?post=7014"}],"version-history":[{"count":5,"href":"https:\/\/laboratorioscolichon.com\/en\/wp-json\/wp\/v2\/pages\/7014\/revisions"}],"predecessor-version":[{"id":7254,"href":"https:\/\/laboratorioscolichon.com\/en\/wp-json\/wp\/v2\/pages\/7014\/revisions\/7254"}],"wp:attachment":[{"href":"https:\/\/laboratorioscolichon.com\/en\/wp-json\/wp\/v2\/media?parent=7014"}],"curies":[{"name":"wp","href":"https:\/\/api.w.org\/{rel}","templated":true}]}}