{"id":6581,"date":"2025-04-09T15:22:05","date_gmt":"2025-04-09T15:22:05","guid":{"rendered":"https:\/\/probiowellness.com.pe\/?page_id=6581"},"modified":"2026-01-12T15:16:17","modified_gmt":"2026-01-12T15:16:17","slug":"contactos","status":"publish","type":"page","link":"https:\/\/laboratorioscolichon.com\/en\/contactos\/","title":{"rendered":"Contact"},"content":{"rendered":"<div class=\"wpb-content-wrapper\"><div data-g5element-full-width=\"true\" data-g5element-stretch-content=\"true\" class=\"vc_row wpb_row vc_row-fluid vc_row-no-padding\"><div class=\"wpb_column vc_column_container vc_col-sm-12\"><div class=\"vc_column-inner\"><div class=\"wpb_wrapper\"><div class=\"gel-google-map gel69ea40199e0c1\"\n\t data-marker='[{&quot;address&quot;:&quot;-12.126425, -76.979339&quot;,&quot;data&quot;:&quot;&lt;div class=\\&quot;gel-map-marker-wrap\\&quot;&gt;&lt;img class=\\&quot;gel-map-marker-image\\&quot; src=\\&quot;https:\\\/\\\/i0.wp.com\\\/laboratorioscolichon.com\\\/wp-content\\\/uploads\\\/2025\\\/04\\\/LABORATORIO_ED.jpg?fit=2048%2C835&#038;ssl=1\\&quot; alt=\\&quot;Laboratorios LMB Colichon\\&quot;&gt;&lt;h5 class=\\&quot;gel-map-marker-title\\&quot;&gt;Laboratorios LMB Colichon&lt;\\\/h5&gt;&lt;div class=\\&quot;gel-map-marker-description\\&quot;&gt;Jr.Batalla de San Juan 190      Monterrico, Lima, Per\\u00fa &lt;br\\\/&gt;colichon@laboratorioscolichon.com&lt;br\\\/&gt; 123-456-789&lt;\\\/div&gt;&lt;\\\/div&gt;&quot;,&quot;options&quot;:{&quot;icon&quot;:&quot;&quot;}}]'\n\t data-overlay='[]'\n\t data-map-style='[{&quot;elementType&quot;:&quot;geometry&quot;,&quot;stylers&quot;:[{&quot;color&quot;:&quot;#f5f5f5&quot;}]},{&quot;elementType&quot;:&quot;labels.icon&quot;,&quot;stylers&quot;:[{&quot;visibility&quot;:&quot;off&quot;}]},{&quot;elementType&quot;:&quot;labels.text.fill&quot;,&quot;stylers&quot;:[{&quot;color&quot;:&quot;#616161&quot;}]},{&quot;elementType&quot;:&quot;labels.text.stroke&quot;,&quot;stylers&quot;:[{&quot;color&quot;:&quot;#f5f5f5&quot;}]},{&quot;featureType&quot;:&quot;administrative.land_parcel&quot;,&quot;elementType&quot;:&quot;labels.text.fill&quot;,&quot;stylers&quot;:[{&quot;color&quot;:&quot;#bdbdbd&quot;}]},{&quot;featureType&quot;:&quot;poi&quot;,&quot;elementType&quot;:&quot;geometry&quot;,&quot;stylers&quot;:[{&quot;color&quot;:&quot;#eeeeee&quot;}]},{&quot;featureType&quot;:&quot;poi&quot;,&quot;elementType&quot;:&quot;labels.text.fill&quot;,&quot;stylers&quot;:[{&quot;color&quot;:&quot;#757575&quot;}]},{&quot;featureType&quot;:&quot;poi.park&quot;,&quot;elementType&quot;:&quot;geometry&quot;,&quot;stylers&quot;:[{&quot;color&quot;:&quot;#e5e5e5&quot;}]},{&quot;featureType&quot;:&quot;poi.park&quot;,&quot;elementType&quot;:&quot;labels.text.fill&quot;,&quot;stylers&quot;:[{&quot;color&quot;:&quot;#9e9e9e&quot;}]},{&quot;featureType&quot;:&quot;road&quot;,&quot;elementType&quot;:&quot;geometry&quot;,&quot;stylers&quot;:[{&quot;color&quot;:&quot;#ffffff&quot;}]},{&quot;featureType&quot;:&quot;road.arterial&quot;,&quot;elementType&quot;:&quot;labels.text.fill&quot;,&quot;stylers&quot;:[{&quot;color&quot;:&quot;#757575&quot;}]},{&quot;featureType&quot;:&quot;road.highway&quot;,&quot;elementType&quot;:&quot;geometry&quot;,&quot;stylers&quot;:[{&quot;color&quot;:&quot;#dadada&quot;}]},{&quot;featureType&quot;:&quot;road.highway&quot;,&quot;elementType&quot;:&quot;labels.text.fill&quot;,&quot;stylers&quot;:[{&quot;color&quot;:&quot;#616161&quot;}]},{&quot;featureType&quot;:&quot;road.local&quot;,&quot;elementType&quot;:&quot;labels.text.fill&quot;,&quot;stylers&quot;:[{&quot;color&quot;:&quot;#9e9e9e&quot;}]},{&quot;featureType&quot;:&quot;transit.line&quot;,&quot;elementType&quot;:&quot;geometry&quot;,&quot;stylers&quot;:[{&quot;color&quot;:&quot;#e5e5e5&quot;}]},{&quot;featureType&quot;:&quot;transit.station&quot;,&quot;elementType&quot;:&quot;geometry&quot;,&quot;stylers&quot;:[{&quot;color&quot;:&quot;#eeeeee&quot;}]},{&quot;featureType&quot;:&quot;water&quot;,&quot;elementType&quot;:&quot;geometry&quot;,&quot;stylers&quot;:[{&quot;color&quot;:&quot;#c9c9c9&quot;}]},{&quot;featureType&quot;:&quot;water&quot;,&quot;elementType&quot;:&quot;labels.text.fill&quot;,&quot;stylers&quot;:[{&quot;color&quot;:&quot;#9e9e9e&quot;}]}]'\n\t data-map-zoom='16'\n\t data-zoom-mouse-wheel='false'>\n<\/div>\n\n\n<\/div><\/div><\/div><\/div><div class=\"vc_row-full-width vc_clearfix\"><\/div><div class=\"vc_row wpb_row vc_row-fluid\"><div class=\"wpb_column vc_column_container vc_col-sm-12\"><div class=\"vc_column-inner\"><div class=\"wpb_wrapper\"><div class=\"gel-space gel-cc6b2a9795848a9d5012e19369987ae7\"><\/div><\/div><\/div><\/div><\/div><div class=\"vc_row wpb_row vc_row-fluid vc-col-no-pt\"><div class=\"wpb_column vc_column_container vc_col-sm-7 vc_col-md-6 vc_col-xs-12 vc_col-has-fill\"><div class=\"vc_column-inner vc_custom_1744214147748\"><div class=\"wpb_wrapper\"><div class=\"gel-space gel-175a2e530cdce4d620843f875ec806a1\"><\/div>\n\t<div class=\"wpb_text_column wpb_content_element vc_custom_1744212531879\" >\n\t\t<div class=\"wpb_wrapper\">\n\t\t\t<p class=\"xxl-text white-text-color\" style=\"font-weight: 300; letter-spacing: 1.2px;\">ENV\u00cdANOS UN <strong style=\"font-weight: 600;\">MENSAJE<\/strong><\/p>\n\n\t\t<\/div>\n\t<\/div>\n\n<div class=\"wpcf7 no-js\" id=\"wpcf7-f6-o1\" lang=\"en-US\" dir=\"ltr\" data-wpcf7-id=\"6\">\n<div class=\"screen-reader-response\"><p role=\"status\" aria-live=\"polite\" aria-atomic=\"true\"><\/p> <ul><\/ul><\/div>\n<form action=\"\/en\/wp-json\/wp\/v2\/pages\/6581#wpcf7-f6-o1\" method=\"post\" class=\"wpcf7-form init\" aria-label=\"Contact form\" novalidate=\"novalidate\" data-status=\"init\">\n<fieldset class=\"hidden-fields-container\"><input type=\"hidden\" name=\"_wpcf7\" value=\"6\" \/><input type=\"hidden\" name=\"_wpcf7_version\" value=\"6.1.5\" \/><input type=\"hidden\" name=\"_wpcf7_locale\" value=\"en_US\" \/><input type=\"hidden\" name=\"_wpcf7_unit_tag\" value=\"wpcf7-f6-o1\" \/><input type=\"hidden\" name=\"_wpcf7_container_post\" value=\"0\" \/><input type=\"hidden\" name=\"_wpcf7_posted_data_hash\" value=\"\" \/>\n<\/fieldset>\n<p><label>Nombre y Apellido<br \/>\n<span class=\"wpcf7-form-control-wrap\" data-name=\"Name\"><input size=\"40\" maxlength=\"400\" class=\"wpcf7-form-control wpcf7-text wpcf7-validates-as-required\" aria-required=\"true\" aria-invalid=\"false\" placeholder=\"Nombre y Apellido\" value=\"\" type=\"text\" name=\"Name\" \/><\/span><br \/>\n<\/label>\n<\/p>\n<p><label>Email<br \/>\n<span class=\"wpcf7-form-control-wrap\" data-name=\"Mail\"><input size=\"40\" maxlength=\"400\" class=\"wpcf7-form-control wpcf7-email wpcf7-validates-as-required wpcf7-text wpcf7-validates-as-email\" aria-required=\"true\" aria-invalid=\"false\" placeholder=\"Correo electr\u00f3nico\" value=\"\" type=\"email\" name=\"Mail\" \/><\/span><br \/>\n<\/label>\n<\/p>\n<p><label>Asunto<br \/>\n<span class=\"wpcf7-form-control-wrap\" data-name=\"Subject\"><input size=\"40\" maxlength=\"400\" class=\"wpcf7-form-control wpcf7-text\" aria-invalid=\"false\" placeholder=\"Asunto\" value=\"\" type=\"text\" name=\"Subject\" \/><\/span><br \/>\n<\/label>\n<\/p>\n<p><label>Comentario<br \/>\n<span class=\"wpcf7-form-control-wrap\" data-name=\"Comment\"><textarea cols=\"40\" rows=\"10\" maxlength=\"2000\" class=\"wpcf7-form-control wpcf7-textarea wpcf7-validates-as-required\" aria-required=\"true\" aria-invalid=\"false\" placeholder=\"Escribe tu mensaje\" name=\"Comment\"><\/textarea><\/span><br \/>\n<\/label>\n<\/p>\n<div class=\"btn-submit\">\n\t<p><input class=\"wpcf7-form-control wpcf7-submit has-spinner btn btn-outline btn-light\" type=\"submit\" value=\"Enviar mensaje\" \/>\n\t<\/p>\n<\/div><div class=\"wpcf7-response-output\" aria-hidden=\"true\"><\/div>\n<\/form>\n<\/div>\n<div class=\"gel-space gel-175a2e530cdce4d620843f875ec806a1\"><\/div><\/div><\/div><\/div><div class=\"wpb_column vc_column_container vc_col-sm-5 vc_col-md-offset-1 vc_col-md-5 vc_col-sm-offset-0 vc_col-xs-12\"><div class=\"vc_column-inner\"><div class=\"wpb_wrapper\"><div class=\"gel-space gel-e7a8a498fccb43dbc0945b23f250f5f5\"><\/div><div class=\"gel-heading gel-heading-style-01 vc_custom_1744212605594 text-left\">\n\t\t<h2 class=\"gel-heading-title gel-3390e7e8d9035ca08bc4ac119521d684\">\n\t\tLaboratorio\t<\/h2>\n\t<\/div>\n\t<div class=\"wpb_text_column wpb_content_element vc_custom_1744569428285\" >\n\t\t<div class=\"wpb_wrapper\">\n\t\t\t<p>Jr.Batalla de San Juan 190<br \/>\nSantiago de Surco &#8211; Lima &#8211; Per\u00fa<\/p>\n\n\t\t<\/div>\n\t<\/div>\n\n\t<div class=\"wpb_text_column wpb_content_element vc_custom_1760374829877\" >\n\t\t<div class=\"wpb_wrapper\">\n\t\t\t<p class=\"black-text-color xl-text-md\" style=\"font-size: 2.125rem; font-weight: 600;\"><span class=\"accent-text-color\" style=\"font-weight: 300; margin-right: 6px;\">+<\/span>51 993 544 244<\/p>\n\n\t\t<\/div>\n\t<\/div>\n\n\t<div class=\"wpb_text_column wpb_content_element vc_custom_1768230873520\" >\n\t\t<div class=\"wpb_wrapper\">\n\t\t\t<p class=\"black-text-color xl-text-md\" style=\"font-size: 2.125rem; font-weight: 600;\"><span class=\"accent-text-color\" style=\"font-weight: 300; margin-right: 6px;\">+<\/span>51 01 275 4951<\/p>\n\n\t\t<\/div>\n\t<\/div>\n<div class=\"gel-list gel-list-style-01 gel-69ea40199f8b8\">\n    <ul class=\"content-list icon_list\">\n                                                            <li class=\"item-list gel-list-item gel-1784534c723de0a36a67b45be930e6e7\">\n                                            <span class=\"list-type\"><i class=\"fas fa-envelope\"><\/i><\/span>\n                                                            colichon@laboratorioscolichon.com                                    <\/li>\n                        <\/ul>\n<\/div>\n<div class=\"gel-social-icons vc_custom_1578306572520\">\n\t<ul class=\"list-si si-small si-left si-classic gel-69ea40199fa15\">\n\t\t\t\t\t\t\t\t<li class=\"social-facebook \">\n\t\t\t\t<a target=\"_blank\"\n\t\t\t\t   title=\"Facebook\"\n\t\t\t\t   href=\"https:\/\/www.facebook.com\/Laboratorioscolichon\/\">\n\t\t\t\t\t<span>\n\t\t\t\t\t\t<i class=\"fab fa-facebook-f\"><\/i>\n\t\t\t\t\t\t<span>Facebook<\/span>\n\t\t\t\t\t<\/span>\n\t\t\t\t<\/a>\n\t\t\t<\/li>\n\t\t\t\t\t\t\t\t<li class=\"social-twitter \">\n\t\t\t\t<a target=\"_blank\"\n\t\t\t\t   title=\"Twitter\"\n\t\t\t\t   href=\"#\">\n\t\t\t\t\t<span>\n\t\t\t\t\t\t<i class=\"fab fa-twitter\"><\/i>\n\t\t\t\t\t\t<span>Twitter<\/span>\n\t\t\t\t\t<\/span>\n\t\t\t\t<\/a>\n\t\t\t<\/li>\n\t\t\t\t\t\t\t\t<li class=\"social-linkedin \">\n\t\t\t\t<a target=\"_blank\"\n\t\t\t\t   title=\"LinkedIn\"\n\t\t\t\t   href=\"https:\/\/www.linkedin.com\/company\/laboratorios-lmb-h.-colichon\">\n\t\t\t\t\t<span>\n\t\t\t\t\t\t<i class=\"fab fa-linkedin\"><\/i>\n\t\t\t\t\t\t<span>LinkedIn<\/span>\n\t\t\t\t\t<\/span>\n\t\t\t\t<\/a>\n\t\t\t<\/li>\n\t\t\t\t\t\t\t\t<li class=\"social-instagram \">\n\t\t\t\t<a target=\"_blank\"\n\t\t\t\t   title=\"Instagram\"\n\t\t\t\t   href=\"https:\/\/www.instagram.com\/laboratorios.colichon\/\">\n\t\t\t\t\t<span>\n\t\t\t\t\t\t<i class=\"fab fa-instagram\"><\/i>\n\t\t\t\t\t\t<span>Instagram<\/span>\n\t\t\t\t\t<\/span>\n\t\t\t\t<\/a>\n\t\t\t<\/li>\n\t\t\t<\/ul>\n<\/div><div class=\"gel-space gel-adcc09e7d1e931f7cab86a76b82cfac3\"><\/div><\/div><\/div><\/div><div class=\"wpb_column vc_column_container vc_col-sm-12\"><div class=\"vc_column-inner\"><div class=\"wpb_wrapper\"><div class=\"gel-space gel-d03812b2cd59c0c545008fd58e5ef7e1\"><\/div><\/div><\/div><\/div><\/div>\n<\/div>","protected":false},"excerpt":{"rendered":"ENV\u00cdANOS UN MENSAJE Nombre y Apellido Email Asunto Comentario Laboratorio Jr.Batalla de San Juan 190 Santiago de Surco - Lima - Per\u00fa +51 993 544 244 +51 01 275 4951 colichon@laboratorioscolichon.com Facebook Twitter LinkedIn Instagram","protected":false},"author":1,"featured_media":0,"parent":0,"menu_order":0,"comment_status":"closed","ping_status":"closed","template":"","meta":{"nf_dc_page":"","om_disable_all_campaigns":false,"_monsterinsights_skip_tracking":false,"_monsterinsights_sitenote_active":false,"_monsterinsights_sitenote_note":"","_monsterinsights_sitenote_category":0,"footnotes":""},"class_list":["post-6581","page","type-page","status-publish","hentry"],"yoast_head":"<!-- This site is optimized with the Yoast SEO plugin v27.4 - https:\/\/yoast.com\/product\/yoast-seo-wordpress\/ -->\n<title>Contacto - LaboratorioColichon<\/title>\n<meta name=\"description\" content=\"Comun\u00edcate con Laboratorios Colich\u00f3n en Per\u00fa. Escr\u00edbenos para consultas, productos y servicios probi\u00f3ticos. Estamos aqu\u00ed para ayudarte.\" \/>\n<meta name=\"robots\" content=\"index, follow, max-snippet:-1, max-image-preview:large, max-video-preview:-1\" \/>\n<link rel=\"canonical\" href=\"https:\/\/laboratorioscolichon.com\/en\/contactos\/\" \/>\n<meta property=\"og:locale\" content=\"en_US\" \/>\n<meta property=\"og:type\" content=\"article\" \/>\n<meta property=\"og:title\" content=\"Contacto - LaboratorioColichon\" \/>\n<meta property=\"og:description\" content=\"Comun\u00edcate con Laboratorios Colich\u00f3n en Per\u00fa. Escr\u00edbenos para consultas, productos y servicios probi\u00f3ticos. Estamos aqu\u00ed para ayudarte.\" \/>\n<meta property=\"og:url\" content=\"https:\/\/laboratorioscolichon.com\/en\/contactos\/\" \/>\n<meta property=\"og:site_name\" content=\"LaboratorioColichon\" \/>\n<meta property=\"article:modified_time\" content=\"2026-01-12T15:16:17+00:00\" \/>\n<meta name=\"twitter:card\" content=\"summary_large_image\" \/>\n<meta name=\"twitter:label1\" content=\"Est. reading time\" \/>\n\t<meta name=\"twitter:data1\" content=\"1 minute\" \/>\n<script type=\"application\/ld+json\" class=\"yoast-schema-graph\">{\"@context\":\"https:\\\/\\\/schema.org\",\"@graph\":[{\"@type\":\"WebPage\",\"@id\":\"https:\\\/\\\/laboratorioscolichon.com\\\/contactos\\\/\",\"url\":\"https:\\\/\\\/laboratorioscolichon.com\\\/contactos\\\/\",\"name\":\"Contacto - LaboratorioColichon\",\"isPartOf\":{\"@id\":\"https:\\\/\\\/laboratorioscolichon.com\\\/#website\"},\"datePublished\":\"2025-04-09T15:22:05+00:00\",\"dateModified\":\"2026-01-12T15:16:17+00:00\",\"description\":\"Comun\u00edcate con Laboratorios Colich\u00f3n en Per\u00fa. Escr\u00edbenos para consultas, productos y servicios probi\u00f3ticos. Estamos aqu\u00ed para ayudarte.\",\"breadcrumb\":{\"@id\":\"https:\\\/\\\/laboratorioscolichon.com\\\/contactos\\\/#breadcrumb\"},\"inLanguage\":\"en-US\",\"potentialAction\":[{\"@type\":\"ReadAction\",\"target\":[\"https:\\\/\\\/laboratorioscolichon.com\\\/contactos\\\/\"]}]},{\"@type\":\"BreadcrumbList\",\"@id\":\"https:\\\/\\\/laboratorioscolichon.com\\\/contactos\\\/#breadcrumb\",\"itemListElement\":[{\"@type\":\"ListItem\",\"position\":1,\"name\":\"Home\",\"item\":\"https:\\\/\\\/laboratorioscolichon.com\\\/\"},{\"@type\":\"ListItem\",\"position\":2,\"name\":\"Contacto\"}]},{\"@type\":\"WebSite\",\"@id\":\"https:\\\/\\\/laboratorioscolichon.com\\\/#website\",\"url\":\"https:\\\/\\\/laboratorioscolichon.com\\\/\",\"name\":\"LaboratorioColichon\",\"description\":\"Laboratorios Colich\u00f3n: m\u00e1s de 65 a\u00f1os desarrollando PROBI\u00d3TICOS NATURALES Y VIVOS en Per\u00fa. Cepas de alta calidad para la salud intestinal, \u00edntima y familiar, libres de lactosa y gluten.\",\"publisher\":{\"@id\":\"https:\\\/\\\/laboratorioscolichon.com\\\/#organization\"},\"potentialAction\":[{\"@type\":\"SearchAction\",\"target\":{\"@type\":\"EntryPoint\",\"urlTemplate\":\"https:\\\/\\\/laboratorioscolichon.com\\\/?s={search_term_string}\"},\"query-input\":{\"@type\":\"PropertyValueSpecification\",\"valueRequired\":true,\"valueName\":\"search_term_string\"}}],\"inLanguage\":\"en-US\"},{\"@type\":\"Organization\",\"@id\":\"https:\\\/\\\/laboratorioscolichon.com\\\/#organization\",\"name\":\"LaboratorioColichon\",\"url\":\"https:\\\/\\\/laboratorioscolichon.com\\\/\",\"logo\":{\"@type\":\"ImageObject\",\"inLanguage\":\"en-US\",\"@id\":\"https:\\\/\\\/laboratorioscolichon.com\\\/#\\\/schema\\\/logo\\\/image\\\/\",\"url\":\"\",\"contentUrl\":\"\",\"caption\":\"LaboratorioColichon\"},\"image\":{\"@id\":\"https:\\\/\\\/laboratorioscolichon.com\\\/#\\\/schema\\\/logo\\\/image\\\/\"}}]}<\/script>\n<!-- \/ Yoast SEO plugin. -->","yoast_head_json":{"title":"Contacto - LaboratorioColichon","description":"Comun\u00edcate con Laboratorios Colich\u00f3n en Per\u00fa. Escr\u00edbenos para consultas, productos y servicios probi\u00f3ticos. Estamos aqu\u00ed para ayudarte.","robots":{"index":"index","follow":"follow","max-snippet":"max-snippet:-1","max-image-preview":"max-image-preview:large","max-video-preview":"max-video-preview:-1"},"canonical":"https:\/\/laboratorioscolichon.com\/en\/contactos\/","og_locale":"en_US","og_type":"article","og_title":"Contacto - LaboratorioColichon","og_description":"Comun\u00edcate con Laboratorios Colich\u00f3n en Per\u00fa. Escr\u00edbenos para consultas, productos y servicios probi\u00f3ticos. Estamos aqu\u00ed para ayudarte.","og_url":"https:\/\/laboratorioscolichon.com\/en\/contactos\/","og_site_name":"LaboratorioColichon","article_modified_time":"2026-01-12T15:16:17+00:00","twitter_card":"summary_large_image","twitter_misc":{"Est. reading time":"1 minute"},"schema":{"@context":"https:\/\/schema.org","@graph":[{"@type":"WebPage","@id":"https:\/\/laboratorioscolichon.com\/contactos\/","url":"https:\/\/laboratorioscolichon.com\/contactos\/","name":"Contacto - LaboratorioColichon","isPartOf":{"@id":"https:\/\/laboratorioscolichon.com\/#website"},"datePublished":"2025-04-09T15:22:05+00:00","dateModified":"2026-01-12T15:16:17+00:00","description":"Comun\u00edcate con Laboratorios Colich\u00f3n en Per\u00fa. Escr\u00edbenos para consultas, productos y servicios probi\u00f3ticos. Estamos aqu\u00ed para ayudarte.","breadcrumb":{"@id":"https:\/\/laboratorioscolichon.com\/contactos\/#breadcrumb"},"inLanguage":"en-US","potentialAction":[{"@type":"ReadAction","target":["https:\/\/laboratorioscolichon.com\/contactos\/"]}]},{"@type":"BreadcrumbList","@id":"https:\/\/laboratorioscolichon.com\/contactos\/#breadcrumb","itemListElement":[{"@type":"ListItem","position":1,"name":"Home","item":"https:\/\/laboratorioscolichon.com\/"},{"@type":"ListItem","position":2,"name":"Contacto"}]},{"@type":"WebSite","@id":"https:\/\/laboratorioscolichon.com\/#website","url":"https:\/\/laboratorioscolichon.com\/","name":"Laboratorio Colichon","description":"Colich\u00f3n Laboratories: Over 65 years developing natural, live probiotics in Peru. High-quality strains for intestinal, intimate, and family health, lactose and gluten free.","publisher":{"@id":"https:\/\/laboratorioscolichon.com\/#organization"},"potentialAction":[{"@type":"SearchAction","target":{"@type":"EntryPoint","urlTemplate":"https:\/\/laboratorioscolichon.com\/?s={search_term_string}"},"query-input":{"@type":"PropertyValueSpecification","valueRequired":true,"valueName":"search_term_string"}}],"inLanguage":"en-US"},{"@type":"Organization","@id":"https:\/\/laboratorioscolichon.com\/#organization","name":"Laboratorio Colichon","url":"https:\/\/laboratorioscolichon.com\/","logo":{"@type":"ImageObject","inLanguage":"en-US","@id":"https:\/\/laboratorioscolichon.com\/#\/schema\/logo\/image\/","url":"","contentUrl":"","caption":"LaboratorioColichon"},"image":{"@id":"https:\/\/laboratorioscolichon.com\/#\/schema\/logo\/image\/"}}]}},"jetpack_sharing_enabled":true,"_links":{"self":[{"href":"https:\/\/laboratorioscolichon.com\/en\/wp-json\/wp\/v2\/pages\/6581","targetHints":{"allow":["GET"]}}],"collection":[{"href":"https:\/\/laboratorioscolichon.com\/en\/wp-json\/wp\/v2\/pages"}],"about":[{"href":"https:\/\/laboratorioscolichon.com\/en\/wp-json\/wp\/v2\/types\/page"}],"author":[{"embeddable":true,"href":"https:\/\/laboratorioscolichon.com\/en\/wp-json\/wp\/v2\/users\/1"}],"replies":[{"embeddable":true,"href":"https:\/\/laboratorioscolichon.com\/en\/wp-json\/wp\/v2\/comments?post=6581"}],"version-history":[{"count":5,"href":"https:\/\/laboratorioscolichon.com\/en\/wp-json\/wp\/v2\/pages\/6581\/revisions"}],"predecessor-version":[{"id":7256,"href":"https:\/\/laboratorioscolichon.com\/en\/wp-json\/wp\/v2\/pages\/6581\/revisions\/7256"}],"wp:attachment":[{"href":"https:\/\/laboratorioscolichon.com\/en\/wp-json\/wp\/v2\/media?parent=6581"}],"curies":[{"name":"wp","href":"https:\/\/api.w.org\/{rel}","templated":true}]}}