{"id":6559,"date":"2025-04-09T12:37:27","date_gmt":"2025-04-09T12:37:27","guid":{"rendered":"https:\/\/probiowellness.com.pe\/?page_id=6559"},"modified":"2025-10-03T16:18:54","modified_gmt":"2025-10-03T16:18:54","slug":"home-2","status":"publish","type":"page","link":"https:\/\/laboratorioscolichon.com\/en\/","title":{"rendered":"Home"},"content":{"rendered":"<div class=\"wpb-content-wrapper\"><div id=\"home\" data-g5element-full-width=\"true\" data-g5element-stretch-content=\"true\" class=\"vc_row wpb_row vc_row-fluid vc_row-no-padding\"><div class=\"wpb_column vc_column_container vc_col-sm-12\"><div class=\"vc_column-inner\"><div class=\"wpb_wrapper\">\n\t\t\t\t<p class=\"rs-p-wp-fix\"><\/p>\n\t\t\t\t<sr7-module data-alias=\"home-sport-1\" data-id=\"2\" id=\"SR7_2_1\" class=\"rs-ov-hidden\" data-version=\"6.7.28\">\n\t\t\t\t\t<sr7-adjuster><\/sr7-adjuster>\n\t\t\t\t\t<sr7-content>\n\t\t\t\t\t\t<sr7-slide id=\"SR7_2_1-4\" data-key=\"4\">\n\t\t\t\t\t\t\t<sr7-bg id=\"SR7_2_1-4-12\" class=\"sr7-layer\"><noscript><img data-recalc-dims=\"1\" decoding=\"async\" src=\"https:\/\/i0.wp.com\/probiowellness.com.pe\/wp-content\/uploads\/2025\/07\/slide-1_COLICHON.jpg?w=768&#038;ssl=1\" alt=\"\" title=\"slide-1_COLICHON\"><\/noscript><\/sr7-bg>\n\t\t\t\t\t\t\t<sr7-txt id=\"SR7_2_1-4-1\" class=\"sr7-layer\">'<\/sr7-txt>\n\t\t\t\t\t\t\t<sr7-txt id=\"SR7_2_1-4-2\" class=\"sr7-layer\">65 A\u00d1OS CUIDANDO DE TU <span style=\"color: #5bffe6;\">FAMILIA<\/span>!<\/sr7-txt>\n\t\t\t\t\t\t\t<sr7-txt id=\"SR7_2_1-4-3\" class=\"sr7-layer\">COMPROMISO CON TU BIENESTAR<\/sr7-txt>\n\t\t\t\t\t\t\t<sr7-txt id=\"SR7_2_1-4-6\" class=\"sr7-layer\"><i class=\"fa-angle-left\"><\/i><\/sr7-txt>\n\t\t\t\t\t\t\t<sr7-txt id=\"SR7_2_1-4-7\" class=\"sr7-layer\"><i class=\"fa-angle-right\"><\/i><\/sr7-txt>\n\t\t\t\t\t\t<\/sr7-slide>\n\t\t\t\t\t\t<sr7-slide id=\"SR7_2_1-5\" data-key=\"5\">\n\t\t\t\t\t\t\t<sr7-bg id=\"SR7_2_1-5-12\" class=\"sr7-layer\"><noscript><img data-recalc-dims=\"1\" decoding=\"async\" src=\"https:\/\/i0.wp.com\/probiowellness.com.pe\/wp-content\/uploads\/2025\/07\/slide-2_BIOLACTOL.jpg?w=768&#038;ssl=1\" alt=\"\" title=\"slide-2_BIOLACTOL\"><\/noscript><\/sr7-bg>\n\t\t\t\t\t\t\t<sr7-txt id=\"SR7_2_1-5-1\" class=\"sr7-layer\">Cuidamos tu microbiota<\/sr7-txt>\n\t\t\t\t\t\t\t<sr7-txt id=\"SR7_2_1-5-2\" class=\"sr7-layer\">M\u00e1s all\u00e1 de lo <span class=\"accent-text-color\">digestivo<\/span>! <\/sr7-txt>\n\t\t\t\t\t\t\t<sr7-txt id=\"SR7_2_1-5-3\" class=\"sr7-layer\">BIOLACTOL <span class=\"plus-rojo\">PLUS<\/span>\n<\/sr7-txt>\n\t\t\t\t\t\t\t<sr7-txt id=\"SR7_2_1-5-6\" class=\"sr7-layer\"><i class=\"fa-angle-left\"><\/i><\/sr7-txt>\n\t\t\t\t\t\t\t<sr7-txt id=\"SR7_2_1-5-7\" class=\"sr7-layer\"><i class=\"fa-angle-right\"><\/i><\/sr7-txt>\n\t\t\t\t\t\t<\/sr7-slide>\n\t\t\t\t\t\t<sr7-slide id=\"SR7_2_1-10\" data-key=\"10\">\n\t\t\t\t\t\t\t<sr7-bg id=\"SR7_2_1-10-11\" class=\"sr7-layer\"><noscript><img data-recalc-dims=\"1\" decoding=\"async\" src=\"https:\/\/i0.wp.com\/probiowellness.com.pe\/wp-content\/uploads\/2025\/07\/slide-3_MICROBIOTA.jpg?w=768&#038;ssl=1\" alt=\"\" title=\"slide-3_MICROBIOTA\"><\/noscript><\/sr7-bg>\n\t\t\t\t\t\t\t<sr7-txt id=\"SR7_2_1-10-1\" class=\"sr7-layer\"><\/sr7-txt>\n\t\t\t\t\t\t\t<sr7-txt id=\"SR7_2_1-10-2\" class=\"sr7-layer\">Armoniza tu <span style=\"color: #ffb85b;\">cuerpo<\/span>!<\/sr7-txt>\n\t\t\t\t\t\t\t<sr7-txt id=\"SR7_2_1-10-3\" class=\"sr7-layer\">5 CEPAS DE PROBIOTICOS ACTIVOS Y VIVOS<\/sr7-txt>\n\t\t\t\t\t\t\t<sr7-txt id=\"SR7_2_1-10-6\" class=\"sr7-layer\"><i class=\"fa-angle-left\"><\/i><\/sr7-txt>\n\t\t\t\t\t\t\t<sr7-txt id=\"SR7_2_1-10-7\" class=\"sr7-layer\"><i class=\"fa-angle-right\"><\/i><\/sr7-txt>\n\t\t\t\t\t\t<\/sr7-slide>\n\t\t\t\t\t\t<sr7-slide id=\"SR7_2_1-6\" data-key=\"6\">\n\t\t\t\t\t\t<\/sr7-slide>\n\t\t\t\t\t<\/sr7-content>\n\t\t\t\t\t<image_lists style=\"display:none\">\n\t\t\t\t\t\t<img data-src=\"\/\/probiowellness.com.pe\/wp-content\/uploads\/2025\/07\/slide-1_COLICHON.jpg\" data-libid=\"6744\" data-lib=\"medialibrary\" title=\"slide-1_COLICHON\" width=\"0\" height=\"0\" data-dbsrc=\"Ly9wcm9iaW93ZWxsbmVzcy5jb20ucGUvd3AtY29udGVudC91cGxvYWRzLzIwMjUvMDcvc2xpZGUtMV9DT0xJQ0hPTi5qcGc=\"\/>\n\t\t\t\t\t\t<img data-src=\"\/\/probiowellness.com.pe\/wp-content\/uploads\/2025\/07\/slide-2_BIOLACTOL.jpg\" data-libid=\"6742\" data-lib=\"medialibrary\" title=\"slide-2_BIOLACTOL\" width=\"0\" height=\"0\" data-dbsrc=\"Ly9wcm9iaW93ZWxsbmVzcy5jb20ucGUvd3AtY29udGVudC91cGxvYWRzLzIwMjUvMDcvc2xpZGUtMl9CSU9MQUNUT0wuanBn\"\/>\n\t\t\t\t\t\t<img data-src=\"\/\/probiowellness.com.pe\/wp-content\/uploads\/2025\/07\/slide-3_MICROBIOTA.jpg\" data-libid=\"6745\" data-lib=\"medialibrary\" title=\"slide-3_MICROBIOTA\" width=\"0\" height=\"0\" data-dbsrc=\"Ly9wcm9iaW93ZWxsbmVzcy5jb20ucGUvd3AtY29udGVudC91cGxvYWRzLzIwMjUvMDcvc2xpZGUtM19NSUNST0JJT1RBLmpwZw==\"\/>\n\t\t\t\t\t<\/image_lists>\n\t\t\t\t<\/sr7-module>\n\t\t\t\t<script>\n\t\t\t\t\tSR7.PMH ??={}; SR7.PMH[\"SR7_2_1\"] = {cn:100,state:false,fn: function() { if (_tpt!==undefined && _tpt.prepareModuleHeight !== undefined) {  _tpt.prepareModuleHeight({id:\"SR7_2_1\",el:[800,800,768,750,650],type:'standard',shdw:'0',gh:[800,800,768,750,650],gw:[1200,1200,720,778,480],vpt:['-100px&#039;,&#039;-100px&#039;,&#039;-100px&#039;,&#039;-100px&#039;,&#039;-100px'],size:{fullWidth:true, fullHeight:false},mh:'0',onh:0,onw:0,bg:{color:'{\"orig\":\"transparent\",\"type\":\"solid\",\"string\":\"transparent\"}'},plType:'0',plColor:'#FFFFFF'});   SR7.PMH[\"SR7_2_1\"].state=true;} else if(SR7.PMH[\"SR7_2_1\"].cn-->0)\tsetTimeout( SR7.PMH[\"SR7_2_1\"].fn,19);}};SR7.PMH[\"SR7_2_1\" ].fn();\n\t\t\t\t<\/script>\n<\/div><\/div><\/div><\/div><div class=\"vc_row-full-width vc_clearfix\"><\/div><div data-g5element-full-width=\"true\" class=\"vc_row wpb_row vc_row-fluid vc_custom_1579143160093 vc_row-has-fill vc_row-o-content-middle vc_row-flex\"><div class=\"wpb_column vc_column_container vc_col-sm-12 vc_col-lg-7 vc_col-md-5\"><div class=\"vc_column-inner\"><div class=\"wpb_wrapper\">\n\t<div  class=\"wpb_single_image wpb_content_element vc_align_left\">\n\t\t\n\t\t<figure class=\"wpb_wrapper vc_figure\">\n\t\t\t<div class=\"vc_single_image-wrapper   vc_box_border_grey\"><img decoding=\"async\" width=\"697\" height=\"559\" src=\"https:\/\/i0.wp.com\/laboratorioscolichon.com\/wp-content\/uploads\/2025\/07\/PRODUCTO_02.png?fit=697%2C559&amp;ssl=1\" class=\"vc_single_image-img attachment-full\" alt=\"\" title=\"PRODUCTO_02\" srcset=\"https:\/\/i0.wp.com\/laboratorioscolichon.com\/wp-content\/uploads\/2025\/07\/PRODUCTO_02.png?w=697&amp;ssl=1 697w, https:\/\/i0.wp.com\/laboratorioscolichon.com\/wp-content\/uploads\/2025\/07\/PRODUCTO_02.png?resize=300%2C241&amp;ssl=1 300w, https:\/\/i0.wp.com\/laboratorioscolichon.com\/wp-content\/uploads\/2025\/07\/PRODUCTO_02.png?resize=192%2C154&amp;ssl=1 192w\" sizes=\"(max-width: 697px) 100vw, 697px\" \/><\/div>\n\t\t<\/figure>\n\t<\/div>\n<div class=\"gel-space gel-9dd746b6e2047ee61a774e7f1b4b789e\"><\/div><\/div><\/div><\/div><div class=\"wpb_column vc_column_container vc_col-sm-12 vc_col-lg-5 vc_col-md-7\"><div class=\"vc_column-inner\"><div class=\"wpb_wrapper\"><div class=\"gel-heading gel-heading-style-01  custom-heading-05 text-center-md text-left\">\n\t\t<h2 class=\"gel-heading-title gel-2f90108cf733f6390fe2b2d7c13c7970\">\n\t\tCiencia Natural para tu <mark>Salud \u00d3ptima <\/mark>\t<\/h2>\n\t<\/div><div class=\"gel-space gel-1ef0bd1b6c1530e8b73976370f611f48\"><\/div>\n\t<div class=\"wpb_text_column wpb_content_element vc_custom_1759504838394 text-left text-center-md fw-500\" >\n\t\t<div class=\"wpb_wrapper\">\n\t\t\t<p>En Laboratorios Colichon, nos dedicamos a mejorar tu salud desde el interior. Somos expertos en el desarrollo de probi\u00f3ticos, prebi\u00f3ticos y postbi\u00f3ticos de la m\u00e1s alta calidad, respaldados por m\u00e1s de 65 a\u00f1os de investigaci\u00f3n y experiencia. Producimos probi\u00f3ticos naturales en Per\u00fa, con compromiso en innovaci\u00f3n y excelencia cient\u00edfica.<\/p>\n\n\t\t<\/div>\n\t<\/div>\n<div class=\"gel-space gel-9eb979789bec23aa709d0b9d02547f8d\"><\/div><\/div><\/div><\/div><\/div><div class=\"vc_row-full-width vc_clearfix\"><\/div><div class=\"vc_row wpb_row vc_row-fluid vc-col-no-pt lg-col-pd-left-right-15 custom-col-xs-12\"><div class=\"wpb_animate_when_almost_visible wpb_bottom-to-top bottom-to-top wpb_column vc_column_container vc_col-sm-6 vc_col-md-3 vc_col-xs-6\"><div class=\"vc_column-inner vc_custom_1579166162810\"><div class=\"wpb_wrapper\"><div class=\"gel-image-box img-default gel-image-box-style-02 img-size-origin\">\n    \t\t<div class=\"image\">\n\t\t\t\t<img decoding=\"async\" width=\"60\" height=\"60\" src=\"https:\/\/i0.wp.com\/laboratorioscolichon.com\/wp-content\/uploads\/2025\/06\/Icono_01.png?fit=60%2C60&amp;ssl=1\" class=\"gel-effect-content\" alt=\"\" \/>\t\t\t\t\t<\/div>\n<div class=\"content-box\">\n            <h4 class=\"title\">\n                        Fortalece tu Microbiota                    <\/h4>\n                <div class=\"description\">\n\t        <p>Apoya tus defensas naturales para una mayor protecci\u00f3n y bienestar.<\/p>\n        <\/div>\n        <\/div><\/div><div class=\"gel-space gel-39f4ef2501daf19f51f6383ea7b5db12\"><\/div><\/div><\/div><\/div><div class=\"wpb_animate_when_almost_visible wpb_bottom-to-top bottom-to-top wpb_column vc_column_container vc_col-sm-6 vc_col-md-3 vc_col-xs-6 g5element-animation-8904d45ab60566a8dc83ccb8dedb50bc\"><div class=\"vc_column-inner vc_custom_1579167698884\"><div class=\"wpb_wrapper\"><div class=\"gel-image-box img-default gel-image-box-style-02 img-size-origin\">\n    \t\t<div class=\"image\">\n\t\t\t\t<img decoding=\"async\" width=\"60\" height=\"60\" src=\"https:\/\/i0.wp.com\/laboratorioscolichon.com\/wp-content\/uploads\/2025\/06\/Icono_02.png?fit=60%2C60&amp;ssl=1\" class=\"gel-effect-content\" alt=\"\" \/>\t\t\t\t\t<\/div>\n<div class=\"content-box\">\n            <h4 class=\"title\">\n                        Mejora tu digesti\u00f3n y absorci\u00f3n de nutrientes                    <\/h4>\n                <div class=\"description\">\n\t        <p>Optimiza tu digesti\u00f3n para una mejor absorci\u00f3n de nutrientes esenciales.<\/p>\n        <\/div>\n        <\/div><\/div><div class=\"gel-space gel-39f4ef2501daf19f51f6383ea7b5db12\"><\/div><\/div><\/div><\/div><div class=\"wpb_animate_when_almost_visible wpb_bottom-to-top bottom-to-top wpb_column vc_column_container vc_col-sm-6 vc_col-md-3 vc_col-xs-6 g5element-animation-3af57c5c9644a153f99b9c6bcebb8afc\"><div class=\"vc_column-inner vc_custom_1579167713557\"><div class=\"wpb_wrapper\"><div class=\"gel-image-box img-default gel-image-box-style-02 img-size-origin\">\n    \t\t<div class=\"image\">\n\t\t\t\t<img decoding=\"async\" width=\"60\" height=\"60\" src=\"https:\/\/i0.wp.com\/laboratorioscolichon.com\/wp-content\/uploads\/2025\/06\/Icono_03.png?fit=60%2C60&amp;ssl=1\" class=\"gel-effect-content\" alt=\"\" \/>\t\t\t\t\t<\/div>\n<div class=\"content-box\">\n            <h4 class=\"title\">\n                        Promueve un equilibrio intestinal saludable                    <\/h4>\n                <div class=\"description\">\n\t        <p>Armoniza tu microbiota para un bienestar digestivo e integral.<\/p>\n        <\/div>\n        <\/div><\/div><div class=\"gel-space gel-39f4ef2501daf19f51f6383ea7b5db12\"><\/div><\/div><\/div><\/div><div class=\"wpb_animate_when_almost_visible wpb_bottom-to-top bottom-to-top wpb_column vc_column_container vc_col-sm-6 vc_col-lg-3 vc_col-md-3 vc_col-xs-6 g5element-animation-05ef9a41fff69e3af35284f994cb49ae\"><div class=\"vc_column-inner vc_custom_1579167727483\"><div class=\"wpb_wrapper\"><div class=\"gel-image-box img-default gel-image-box-style-02 img-size-origin\">\n    \t\t<div class=\"image\">\n\t\t\t\t<img decoding=\"async\" width=\"60\" height=\"60\" src=\"https:\/\/i0.wp.com\/laboratorioscolichon.com\/wp-content\/uploads\/2025\/06\/Icono_04.png?fit=60%2C60&amp;ssl=1\" class=\"gel-effect-content\" alt=\"\" \/>\t\t\t\t\t<\/div>\n<div class=\"content-box\">\n            <h4 class=\"title\">\n                        Apoyo para la salud digestiva de toda la familia                    <\/h4>\n                <div class=\"description\">\n\t        <p>F\u00f3rmulas seguras y efectivas para el bienestar de cada miembro de la familia.<\/p>\n        <\/div>\n        <\/div><\/div><div class=\"gel-space gel-4dd4b8579e39e6d76bdb150baf880797\"><\/div><\/div><\/div><\/div><\/div><div class=\"vc_row wpb_row vc_row-fluid gel-banner-custom-01 vc-col-no-pt\"><div class=\"wpb_column vc_column_container vc_col-sm-12\"><div class=\"vc_column-inner\"><div class=\"wpb_wrapper\"><div class=\"gel-space gel-501aafccb713a23c9c363ecf4fc55628\"><\/div><\/div><\/div><\/div><div class=\"wpb_column vc_column_container vc_col-sm-12 vc_col-lg-8 vc_col-md-8\"><div class=\"vc_column-inner\"><div class=\"wpb_wrapper\">\t<div class=\"gel-banner gel-banner-style-03  custom-banner-02 gel-image-effectr-wrap gel-69ea2f001508a\">\n\t\t<div class=\"gel-effect-bg-image gel-image-effect flash-effect\">\n\t\t\t<div class=\"gel-banner-bg gel-effect-content\">\n\t\t\t\t\t\t\t<\/div>\n\t\t<\/div>\n\t\t\t\t\t<div class=\"gel-banner-content\">\n\t\t\t\t\t\t\t\t\t<h4 class=\"gel-banner-title gel-f29c7097dae9fc61c8e5229a455673b5\">\n\t\t\t\t\t\t<a href=\"https:\/\/probiowellness.com.pe\/product\/biolactol-plus\/\" title=\"BIOLACTOL PLUS\">\t\t\t\t\t\tSALUD<br \/>\nDIGESTIVA\t\t\t\t\t\t<\/a>\t\t\t\t\t<\/h4>\n\t\t\t\t\t\t\t\t\t\t\t\t\t\t\t\t\t<div class=\"gel-banner-action\">\n\t\t\t\t\t\t<div class=\"gel-btn gel-btn-inline\">\n\t<a href=\"https:\/\/probiowellness.com.pe\/product\/biolactol-plus\/\" title=\"BIOLACTOL PLUS\" class=\"btn btn-md btn-link gel-button-7beae01f2e659e359301585fb17f620f\">\tCOMPRAR\t<\/a><\/div>\n\t\t\t\t\t<\/div>\n\t\t\t\t\t\t\t<\/div>\n\t\t\t<\/div>\n<div class=\"gel-space gel-983cb3ff6b8bb88aa98c027e0b4d4a26\"><\/div>\t<div class=\"gel-banner gel-banner-style-01  custom-banner-02 gel-image-effectr-wrap gel-69ea2f0015489\">\n\t\t<div class=\"gel-effect-bg-image gel-image-effect flash-effect\">\n\t\t\t<div class=\"gel-banner-bg gel-effect-content\">\n\t\t\t\t\t\t\t<\/div>\n\t\t<\/div>\n\t\t\t\t\t<div class=\"gel-banner-content\">\n\t\t\t\t\t\t\t\t\t<h4 class=\"gel-banner-title gel-d1909bd3dd83e74f4cc514c368160099\">\n\t\t\t\t\t\t<a href=\"https:\/\/probiowellness.com.pe\/product\/bio-power-plus\/\" title=\"BIO POWER PLUS\">\t\t\t\t\t\tCUIDA A<br \/>\nTU PEQUE\u00d1O\t\t\t\t\t\t<\/a>\t\t\t\t\t<\/h4>\n\t\t\t\t\t\t\t\t\t\t\t\t\t\t\t\t\t<div class=\"gel-banner-action\">\n\t\t\t\t\t\t<div class=\"gel-btn gel-btn-inline\">\n\t<a href=\"https:\/\/probiowellness.com.pe\/product\/bio-power-plus\/\" title=\"BIO POWER PLUS\" class=\"btn btn-md btn-link gel-button-7beae01f2e659e359301585fb17f620f\">\tCOMPRAR\t<\/a><\/div>\n\t\t\t\t\t<\/div>\n\t\t\t\t\t\t\t<\/div>\n\t\t\t<\/div>\n<\/div><\/div><\/div><div class=\"wpb_column vc_column_container vc_col-sm-12 vc_col-lg-4 vc_col-md-4 vc_col-xs-12\"><div class=\"vc_column-inner\"><div class=\"wpb_wrapper\"><div class=\"gel-space gel-2e3ef62e6b26806669c9c201686824ba\"><\/div>\t<div class=\"gel-banner gel-banner-style-05  custom-banner-02 custom-banner-title-rotate custom-banner-size-xs-150 vc_custom_1755433400273 gel-image-effectr-wrap gel-69ea2f0015857\">\n\t\t<div class=\"gel-effect-bg-image gel-image-effect flash-effect\">\n\t\t\t<div class=\"gel-banner-bg gel-effect-content\">\n\t\t\t\t\t\t\t<\/div>\n\t\t<\/div>\n\t\t\t\t\t<div class=\"gel-banner-content\">\n\t\t\t\t\t\t\t\t\t<h4 class=\"gel-banner-title gel-2de7708aa37b8a36176b284b9a953b54\">\n\t\t\t\t\t\t<a href=\"https:\/\/probiowellness.com.pe\/productos\/\" title=\"Productos\">\t\t\t\t\t\tARMONIZA\t\t\t\t\t\t<\/a>\t\t\t\t\t<\/h4>\n\t\t\t\t\t\t\t\t\t\t\t\t\t\t\t\t\t<div class=\"gel-banner-action\">\n\t\t\t\t\t\t<div class=\"gel-btn gel-btn-inline\">\n\t<a href=\"https:\/\/probiowellness.com.pe\/productos\/\" title=\"Productos\" class=\"btn btn-md btn-outline btn-square gel-button-0bb3859abc1e09de6910b56a68448031\">\tVER AHORA\t<\/a><\/div>\n\t\t\t\t\t<\/div>\n\t\t\t\t\t\t\t<\/div>\n\t\t\t<\/div>\n<\/div><\/div><\/div><div class=\"wpb_column vc_column_container vc_col-sm-12 vc_col-xs-12\"><div class=\"vc_column-inner\"><div class=\"wpb_wrapper\"><div class=\"gel-space gel-d03812b2cd59c0c545008fd58e5ef7e1\"><\/div><\/div><\/div><\/div><\/div>\n<\/div>","protected":false},"excerpt":{"rendered":"' 65 A\u00d1OS CUIDANDO DE TU FAMILIA! COMPROMISO CON TU BIENESTAR Cuidamos tu microbiota M\u00e1s all\u00e1 de lo digestivo! BIOLACTOL PLUS Armoniza tu cuerpo! 5 CEPAS DE PROBIOTICOS ACTIVOS Y VIVOS Ciencia Natural para tu Salud \u00d3ptima En Laboratorios Colichon, nos dedicamos a mejorar tu salud desde el interior. Somos expertos en el desarrollo de [...]","protected":false},"author":1,"featured_media":0,"parent":0,"menu_order":0,"comment_status":"closed","ping_status":"closed","template":"","meta":{"nf_dc_page":"","om_disable_all_campaigns":false,"_monsterinsights_skip_tracking":false,"_monsterinsights_sitenote_active":false,"_monsterinsights_sitenote_note":"","_monsterinsights_sitenote_category":0,"footnotes":""},"class_list":["post-6559","page","type-page","status-publish","hentry"],"yoast_head":"<!-- This site is optimized with the Yoast SEO plugin v27.4 - https:\/\/yoast.com\/product\/yoast-seo-wordpress\/ -->\n<title>Home - LaboratorioColichon<\/title>\n<meta name=\"description\" content=\"Probi\u00f3ticos naturales en Per\u00fa con Laboratorios Colichon. Mejora tu microbiota y salud intestinal con productos 100% naturales y de calidad.\" \/>\n<meta name=\"robots\" content=\"index, follow, max-snippet:-1, max-image-preview:large, max-video-preview:-1\" \/>\n<link rel=\"canonical\" href=\"https:\/\/laboratorioscolichon.com\/en\/\" \/>\n<meta property=\"og:locale\" content=\"en_US\" \/>\n<meta property=\"og:type\" content=\"article\" \/>\n<meta property=\"og:title\" content=\"Home - LaboratorioColichon\" \/>\n<meta property=\"og:description\" content=\"Probi\u00f3ticos naturales en Per\u00fa con Laboratorios Colichon. Mejora tu microbiota y salud intestinal con productos 100% naturales y de calidad.\" \/>\n<meta property=\"og:url\" content=\"https:\/\/laboratorioscolichon.com\/en\/\" \/>\n<meta property=\"og:site_name\" content=\"LaboratorioColichon\" \/>\n<meta property=\"article:modified_time\" content=\"2025-10-03T16:18:54+00:00\" \/>\n<meta name=\"twitter:card\" content=\"summary_large_image\" \/>\n<meta name=\"twitter:label1\" content=\"Est. reading time\" \/>\n\t<meta name=\"twitter:data1\" content=\"2 minutes\" \/>\n<script type=\"application\/ld+json\" class=\"yoast-schema-graph\">{\"@context\":\"https:\\\/\\\/schema.org\",\"@graph\":[{\"@type\":\"WebPage\",\"@id\":\"https:\\\/\\\/laboratorioscolichon.com\\\/\",\"url\":\"https:\\\/\\\/laboratorioscolichon.com\\\/\",\"name\":\"Home - LaboratorioColichon\",\"isPartOf\":{\"@id\":\"https:\\\/\\\/laboratorioscolichon.com\\\/#website\"},\"datePublished\":\"2025-04-09T12:37:27+00:00\",\"dateModified\":\"2025-10-03T16:18:54+00:00\",\"description\":\"Probi\u00f3ticos naturales en Per\u00fa con Laboratorios Colichon. Mejora tu microbiota y salud intestinal con productos 100% naturales y de calidad.\",\"breadcrumb\":{\"@id\":\"https:\\\/\\\/laboratorioscolichon.com\\\/#breadcrumb\"},\"inLanguage\":\"en-US\",\"potentialAction\":[{\"@type\":\"ReadAction\",\"target\":[\"https:\\\/\\\/laboratorioscolichon.com\\\/\"]}]},{\"@type\":\"BreadcrumbList\",\"@id\":\"https:\\\/\\\/laboratorioscolichon.com\\\/#breadcrumb\",\"itemListElement\":[{\"@type\":\"ListItem\",\"position\":1,\"name\":\"Home\",\"item\":\"https:\\\/\\\/laboratorioscolichon.com\\\/\"},{\"@type\":\"ListItem\",\"position\":2,\"name\":\"Home\"}]},{\"@type\":\"WebSite\",\"@id\":\"https:\\\/\\\/laboratorioscolichon.com\\\/#website\",\"url\":\"https:\\\/\\\/laboratorioscolichon.com\\\/\",\"name\":\"LaboratorioColichon\",\"description\":\"Laboratorios Colich\u00f3n: m\u00e1s de 65 a\u00f1os desarrollando PROBI\u00d3TICOS NATURALES Y VIVOS en Per\u00fa. Cepas de alta calidad para la salud intestinal, \u00edntima y familiar, libres de lactosa y gluten.\",\"publisher\":{\"@id\":\"https:\\\/\\\/laboratorioscolichon.com\\\/#organization\"},\"potentialAction\":[{\"@type\":\"SearchAction\",\"target\":{\"@type\":\"EntryPoint\",\"urlTemplate\":\"https:\\\/\\\/laboratorioscolichon.com\\\/?s={search_term_string}\"},\"query-input\":{\"@type\":\"PropertyValueSpecification\",\"valueRequired\":true,\"valueName\":\"search_term_string\"}}],\"inLanguage\":\"en-US\"},{\"@type\":\"Organization\",\"@id\":\"https:\\\/\\\/laboratorioscolichon.com\\\/#organization\",\"name\":\"LaboratorioColichon\",\"url\":\"https:\\\/\\\/laboratorioscolichon.com\\\/\",\"logo\":{\"@type\":\"ImageObject\",\"inLanguage\":\"en-US\",\"@id\":\"https:\\\/\\\/laboratorioscolichon.com\\\/#\\\/schema\\\/logo\\\/image\\\/\",\"url\":\"\",\"contentUrl\":\"\",\"caption\":\"LaboratorioColichon\"},\"image\":{\"@id\":\"https:\\\/\\\/laboratorioscolichon.com\\\/#\\\/schema\\\/logo\\\/image\\\/\"}}]}<\/script>\n<!-- \/ Yoast SEO plugin. -->","yoast_head_json":{"title":"Home - Laboratorio Colichon","description":"Natural probiotics in Peru with Colichon Laboratories. Improve your gut microbiota and intestinal health with 100% natural, high-quality products.","robots":{"index":"index","follow":"follow","max-snippet":"max-snippet:-1","max-image-preview":"max-image-preview:large","max-video-preview":"max-video-preview:-1"},"canonical":"https:\/\/laboratorioscolichon.com\/en\/","og_locale":"en_US","og_type":"article","og_title":"Home - LaboratorioColichon","og_description":"Probi\u00f3ticos naturales en Per\u00fa con Laboratorios Colichon. Mejora tu microbiota y salud intestinal con productos 100% naturales y de calidad.","og_url":"https:\/\/laboratorioscolichon.com\/en\/","og_site_name":"LaboratorioColichon","article_modified_time":"2025-10-03T16:18:54+00:00","twitter_card":"summary_large_image","twitter_misc":{"Est. reading time":"2 minutes"},"schema":{"@context":"https:\/\/schema.org","@graph":[{"@type":"WebPage","@id":"https:\/\/laboratorioscolichon.com\/","url":"https:\/\/laboratorioscolichon.com\/","name":"Home - Laboratorio Colichon","isPartOf":{"@id":"https:\/\/laboratorioscolichon.com\/#website"},"datePublished":"2025-04-09T12:37:27+00:00","dateModified":"2025-10-03T16:18:54+00:00","description":"Natural probiotics in Peru with Colichon Laboratories. Improve your gut microbiota and intestinal health with 100% natural, high-quality products.","breadcrumb":{"@id":"https:\/\/laboratorioscolichon.com\/#breadcrumb"},"inLanguage":"en-US","potentialAction":[{"@type":"ReadAction","target":["https:\/\/laboratorioscolichon.com\/"]}]},{"@type":"BreadcrumbList","@id":"https:\/\/laboratorioscolichon.com\/#breadcrumb","itemListElement":[{"@type":"ListItem","position":1,"name":"Home","item":"https:\/\/laboratorioscolichon.com\/"},{"@type":"ListItem","position":2,"name":"Home"}]},{"@type":"WebSite","@id":"https:\/\/laboratorioscolichon.com\/#website","url":"https:\/\/laboratorioscolichon.com\/","name":"Laboratorio Colichon","description":"Colich\u00f3n Laboratories: Over 65 years developing natural, live probiotics in Peru. High-quality strains for intestinal, intimate, and family health, lactose and gluten free.","publisher":{"@id":"https:\/\/laboratorioscolichon.com\/#organization"},"potentialAction":[{"@type":"SearchAction","target":{"@type":"EntryPoint","urlTemplate":"https:\/\/laboratorioscolichon.com\/?s={search_term_string}"},"query-input":{"@type":"PropertyValueSpecification","valueRequired":true,"valueName":"search_term_string"}}],"inLanguage":"en-US"},{"@type":"Organization","@id":"https:\/\/laboratorioscolichon.com\/#organization","name":"Laboratorio Colichon","url":"https:\/\/laboratorioscolichon.com\/","logo":{"@type":"ImageObject","inLanguage":"en-US","@id":"https:\/\/laboratorioscolichon.com\/#\/schema\/logo\/image\/","url":"","contentUrl":"","caption":"LaboratorioColichon"},"image":{"@id":"https:\/\/laboratorioscolichon.com\/#\/schema\/logo\/image\/"}}]}},"jetpack_sharing_enabled":true,"_links":{"self":[{"href":"https:\/\/laboratorioscolichon.com\/en\/wp-json\/wp\/v2\/pages\/6559","targetHints":{"allow":["GET"]}}],"collection":[{"href":"https:\/\/laboratorioscolichon.com\/en\/wp-json\/wp\/v2\/pages"}],"about":[{"href":"https:\/\/laboratorioscolichon.com\/en\/wp-json\/wp\/v2\/types\/page"}],"author":[{"embeddable":true,"href":"https:\/\/laboratorioscolichon.com\/en\/wp-json\/wp\/v2\/users\/1"}],"replies":[{"embeddable":true,"href":"https:\/\/laboratorioscolichon.com\/en\/wp-json\/wp\/v2\/comments?post=6559"}],"version-history":[{"count":5,"href":"https:\/\/laboratorioscolichon.com\/en\/wp-json\/wp\/v2\/pages\/6559\/revisions"}],"predecessor-version":[{"id":7314,"href":"https:\/\/laboratorioscolichon.com\/en\/wp-json\/wp\/v2\/pages\/6559\/revisions\/7314"}],"wp:attachment":[{"href":"https:\/\/laboratorioscolichon.com\/en\/wp-json\/wp\/v2\/media?parent=6559"}],"curies":[{"name":"wp","href":"https:\/\/api.w.org\/{rel}","templated":true}]}}