{"id":6531,"date":"2025-04-09T01:51:54","date_gmt":"2025-04-09T01:51:54","guid":{"rendered":"https:\/\/probiowellness.com.pe\/?page_id=6531"},"modified":"2025-10-03T16:01:28","modified_gmt":"2025-10-03T16:01:28","slug":"nosotros","status":"publish","type":"page","link":"https:\/\/laboratorioscolichon.com\/en\/nosotros\/","title":{"rendered":"Us"},"content":{"rendered":"<div class=\"wpb-content-wrapper\"><div class=\"vc_row wpb_row vc_row-fluid\"><div class=\"wpb_column vc_column_container vc_col-sm-12\"><div class=\"vc_column-inner\"><div class=\"wpb_wrapper\"><div class=\"gel-space gel-6c3d59d67017bb965bb6ca87d1f6596c\"><\/div><\/div><\/div><\/div><div class=\"md-mg-bottom-40 wpb_column vc_column_container vc_col-sm-12 vc_col-md-6\"><div class=\"vc_column-inner\"><div class=\"wpb_wrapper\"><div class=\"gel-heading gel-heading-style-01 text-left\">\n\t\t\t<div class=\"gel-heading-subtitle gel-18568463838554d38844b0ef2ade83ba\">LABORATORIOS COLICH\u00d3N<\/div>\n\t\t<h2 class=\"gel-heading-title gel-184941ff3ec769c4aa35ebc4cf15dd16\">\n\t\tNuestra Historia y Compromiso con tu Salud\t<\/h2>\n\t<\/div><\/div><\/div><\/div><div class=\"wpb_column vc_column_container vc_col-sm-12 vc_col-md-6\"><div class=\"vc_column-inner\"><div class=\"wpb_wrapper\">\n\t<div class=\"wpb_text_column wpb_content_element vc_custom_1744302110701 fs-1rem\" >\n\t\t<div class=\"wpb_wrapper\">\n\t\t\t<p class=\"mg-bottom-30\" style=\"line-height: 28px;\">Desde nuestra fundaci\u00f3n, nos hemos dedicado a la investigaci\u00f3n y desarrollo de soluciones naturales para la salud. Nuestra pasi\u00f3n por la <span class=\"fw-600 accent-text-color\">ciencia y el bienestar <\/span>nos impulsa a ofrecer productos innovadores y de la m\u00e1s alta calidad.<\/p>\n<p class=\"mg-bottom-45 sm-mg-bottom-20\" style=\"line-height: 28px;\">Nuestros productos son elaborados con ingredientes naturales y sometidos a rigurosos controles de calidad para<span class=\"fw-600 accent-text-color\"> garantizar su eficacia y seguridad <\/span>.<\/p>\n\n\t\t<\/div>\n\t<\/div>\n<\/div><\/div><\/div><div class=\"wpb_column vc_column_container vc_col-sm-12\"><div class=\"vc_column-inner\"><div class=\"wpb_wrapper\"><div class=\"gel-space gel-1eb51b431dd2ed381b487193a10f0d14\"><\/div><\/div><\/div><\/div><\/div><div data-g5element-full-width=\"true\" data-g5element-stretch-content=\"true\" class=\"vc_row wpb_row vc_row-fluid vc_custom_1568772268859 vc_row-no-padding\"><div class=\"wpb_column vc_column_container vc_col-sm-12\"><div class=\"vc_column-inner\"><div class=\"wpb_wrapper\">\t<div class=\"gel-banner gel-banner-style-05 gel-image-effectr-wrap gel-69ea41a690355\">\n\t\t<div class=\"gel-effect-bg-image gel-image-effect flash-effect\">\n\t\t\t<div class=\"gel-banner-bg gel-effect-content\">\n\t\t\t\t\t\t\t<\/div>\n\t\t<\/div>\n\t\t\t\t\t<div class=\"gel-banner-content\">\n\t\t\t\t\t\t\t\t\t\t\t\t\t\t\t<\/div>\n\t\t\t<\/div>\n<\/div><\/div><\/div><\/div><div class=\"vc_row-full-width vc_clearfix\"><\/div><div class=\"vc_row wpb_row vc_row-fluid vc_row-o-content-middle vc_row-flex\"><div class=\"wpb_column vc_column_container vc_col-sm-12\"><div class=\"vc_column-inner\"><div class=\"wpb_wrapper\"><div class=\"gel-space gel-4b29f131ca706476dcebccf892cfc6ae\"><\/div><\/div><\/div><\/div><div class=\"wpb_column vc_column_container vc_col-sm-12 vc_col-lg-6 vc_col-md-6\"><div class=\"vc_column-inner\"><div class=\"wpb_wrapper\">\n\t<div  class=\"wpb_single_image wpb_content_element vc_align_left  vc_custom_1748619977710\">\n\t\t\n\t\t<figure class=\"wpb_wrapper vc_figure\">\n\t\t\t<div class=\"vc_single_image-wrapper   vc_box_border_grey\"><img decoding=\"async\" width=\"581\" height=\"623\" src=\"https:\/\/i0.wp.com\/laboratorioscolichon.com\/wp-content\/uploads\/2025\/05\/productor-single-01.png?fit=581%2C623&amp;ssl=1\" class=\"vc_single_image-img attachment-full\" alt=\"\" title=\"productor-single-01\" srcset=\"https:\/\/i0.wp.com\/laboratorioscolichon.com\/wp-content\/uploads\/2025\/05\/productor-single-01.png?w=581&amp;ssl=1 581w, https:\/\/i0.wp.com\/laboratorioscolichon.com\/wp-content\/uploads\/2025\/05\/productor-single-01.png?resize=280%2C300&amp;ssl=1 280w, https:\/\/i0.wp.com\/laboratorioscolichon.com\/wp-content\/uploads\/2025\/05\/productor-single-01.png?resize=144%2C154&amp;ssl=1 144w\" sizes=\"(max-width: 581px) 100vw, 581px\" \/><\/div>\n\t\t<\/figure>\n\t<\/div>\n<div class=\"gel-space gel-9dd746b6e2047ee61a774e7f1b4b789e\"><\/div><\/div><\/div><\/div><div class=\"wpb_column vc_column_container vc_col-sm-12 vc_col-lg-6 vc_col-md-6\"><div class=\"vc_column-inner\"><div class=\"wpb_wrapper\"><div class=\"gel-heading gel-heading-style-01 text-left\">\n\t\t\t<div class=\"gel-heading-subtitle\">M\u00e1s de 60 a\u00f1os de<\/div>\n\t\t<h2 class=\"gel-heading-title gel-ea80c221015317d4615e755efaf5671d\">\n\t\texperiencia\t<\/h2>\n\t<\/div><div class=\"gel-space gel-cb69012ece833321c2e9a93dd4859b46\"><\/div><div class=\"vc_separator wpb_content_element vc_separator_align_center vc_sep_width_10 vc_sep_border_width_4 vc_sep_pos_align_left vc_separator_no_text vc_custom_1578104314866 wpb_content_element  vc_custom_1578104314866 wpb_content_element\" ><span class=\"vc_sep_holder vc_sep_holder_l\"><span style=\"border-color:#000000;\" class=\"vc_sep_line\"><\/span><\/span><span class=\"vc_sep_holder vc_sep_holder_r\"><span style=\"border-color:#000000;\" class=\"vc_sep_line\"><\/span><\/span>\n<\/div><div class=\"gel-space gel-a76f311f612e853ff3b7721fdd43ce38\"><\/div>\n\t<div class=\"wpb_text_column wpb_content_element vc_custom_1744568569725\" >\n\t\t<div class=\"wpb_wrapper\">\n\t\t\t<p><span class=\"fw-600 accent-text-color\">Nuestra misi\u00f3n es mejorar la calidad de vida de las personas<\/span> a trav\u00e9s de productos naturales y eficaces. Nos guiamos por valores de integridad, calidad, innovaci\u00f3n y compromiso con nuestros clientes.<\/p>\n<p>Contamos con un equipo de cient\u00edficos y expertos en microbiolog\u00eda y nutrici\u00f3n, dedicados a la investigaci\u00f3n y desarrollo de nuestros productos.<\/p>\n\n\t\t<\/div>\n\t<\/div>\n<div class=\"gel-space gel-f70186917f43242fc0c466a7e9c24368\"><\/div><div class=\"gel-heading gel-heading-style-01 text-left has-line-separator gel-69ea41a6916d5\">\n\t\t<h2 class=\"gel-heading-title gel-91cc1e4461b2698344f328923e500f4a\">\n\t\tEstudios\t<\/h2>\n\t\t\t<div class=\"gel-heading-separate\">\n\t\t<\/div>\n\t<\/div><div class=\"gel-space gel-b761657d95c3878dcffef0049bbbdab1\"><\/div><div class=\"gel-btn gel-btn-left vc_custom_1758893476479\">\n\t<a href=\"https:\/\/laboratorioscolichon.com\/wp-content\/uploads\/2025\/09\/Estudio-clinico-BL-2010.pdf\" class=\"btn btn-md btn-square btn-block btn-accent\" title=\"Estudio Cl\u00ednico Biolactol\">\tEstudio Cl\u00ednico Biolactol\t<\/a><\/div>\n<div class=\"gel-btn gel-btn-left vc_custom_1758893585564\">\n\t<a href=\"https:\/\/laboratorioscolichon.com\/wp-content\/uploads\/2025\/09\/Estudio-clinico-NB-2011.pdf\" class=\"btn btn-md btn-outline btn-square btn-block btn-accent\" title=\"Estudio Clinico Gel NB\">\tEstudio Clinico Gel NB\t<\/a><\/div>\n<div class=\"gel-btn gel-btn-left\">\n\t<a href=\"#\" class=\"btn btn-md btn-square btn-3d btn-block btn-accent\" title=\"Lactobacillus Estudios A\">\tLactobacillus Estudios A\t<\/a><\/div>\n<div class=\"gel-btn gel-btn-left vc_custom_1755875327098\">\n\t<a href=\"#\" class=\"btn btn-md btn-outline btn-square btn-block btn-accent\" title=\"Lactobacillus Estudios B\">\tLactobacillus Estudios B\t<\/a><\/div>\n<div class=\"gel-space gel-c4319d0f068786d497ba4b4b4099567f\"><\/div><\/div><\/div><\/div><div class=\"wpb_column vc_column_container vc_col-sm-12\"><div class=\"vc_column-inner\"><div class=\"wpb_wrapper\"><div class=\"gel-space gel-5639b260649dbfeed9e05c6646f05a32\"><\/div><\/div><\/div><\/div><\/div><div data-g5element-full-width=\"true\" class=\"vc_row wpb_row vc_row-fluid vc-col-no-pt\"><div class=\"wpb_column vc_column_container vc_col-sm-12\"><div class=\"vc_column-inner\"><div class=\"wpb_wrapper\"><div class=\"gel-slider-container slick-slider\"\n     data-slick-init=\"false\"\n     data-slick-options=\"{&quot;vertical&quot;:false,&quot;slidesToShow&quot;:6,&quot;slidesToScroll&quot;:6,&quot;centerMode&quot;:false,&quot;centerPadding&quot;:&quot;50px&quot;,&quot;arrows&quot;:false,&quot;dots&quot;:false,&quot;infinite&quot;:true,&quot;adaptiveHeight&quot;:false,&quot;speed&quot;:300,&quot;autoplay&quot;:false,&quot;autoplaySpeed&quot;:3000,&quot;pauseOnHover&quot;:true,&quot;fade&quot;:false,&quot;rtl&quot;:false,&quot;responsive&quot;:[{&quot;breakpoint&quot;:992,&quot;settings&quot;:{&quot;slidesToShow&quot;:4,&quot;slidesToScroll&quot;:4}},{&quot;breakpoint&quot;:768,&quot;settings&quot;:{&quot;slidesToShow&quot;:3,&quot;slidesToScroll&quot;:3}},{&quot;breakpoint&quot;:576,&quot;settings&quot;:{&quot;slidesToShow&quot;:2,&quot;slidesToScroll&quot;:2}}],&quot;focusOnSelect&quot;:false,&quot;draggable&quot;:true}\">\n\t\n<div class=\"gel-client-logo  gel-client-logo-height gel-client-logo-faded-effect gel-69ea41a69224f\">\n\t<div class=\"gel-client-logo-inner\">\n\t\t<a href=\"#\">\t\t<div class=\"image\">\n\t\t\t<img decoding=\"async\" width=\"167\" height=\"58\" src=\"https:\/\/i0.wp.com\/laboratorioscolichon.com\/wp-content\/uploads\/2025\/04\/01_BIOPOWER_G.png?fit=167%2C58&amp;ssl=1\" class=\"attachment-full size-full\" alt=\"\" \/>\t\t<\/div>\n\t\t\t\t<\/a>\t<\/div>\n<\/div>\n<div class=\"gel-client-logo  gel-client-logo-height gel-client-logo-faded-effect gel-69ea41a6925e2\">\n\t<div class=\"gel-client-logo-inner\">\n\t\t<a href=\"#\">\t\t<div class=\"image\">\n\t\t\t<img decoding=\"async\" width=\"167\" height=\"58\" src=\"https:\/\/i0.wp.com\/laboratorioscolichon.com\/wp-content\/uploads\/2025\/04\/02_PROBIOW_G.png?fit=167%2C58&amp;ssl=1\" class=\"attachment-full size-full\" alt=\"\" \/>\t\t<\/div>\n\t\t\t\t<\/a>\t<\/div>\n<\/div>\n<div class=\"gel-client-logo  gel-client-logo-height gel-client-logo-faded-effect gel-69ea41a69290f\">\n\t<div class=\"gel-client-logo-inner\">\n\t\t<a href=\"#\">\t\t<div class=\"image\">\n\t\t\t<img decoding=\"async\" width=\"167\" height=\"58\" src=\"https:\/\/i0.wp.com\/laboratorioscolichon.com\/wp-content\/uploads\/2025\/04\/03_BIOLACTOL_G.png?fit=167%2C58&amp;ssl=1\" class=\"attachment-full size-full\" alt=\"\" \/>\t\t<\/div>\n\t\t\t\t<\/a>\t<\/div>\n<\/div>\n<div class=\"gel-client-logo  gel-client-logo-height gel-client-logo-faded-effect gel-69ea41a692bfc\">\n\t<div class=\"gel-client-logo-inner\">\n\t\t<a href=\"#\">\t\t<div class=\"image\">\n\t\t\t<img decoding=\"async\" width=\"167\" height=\"58\" src=\"https:\/\/i0.wp.com\/laboratorioscolichon.com\/wp-content\/uploads\/2025\/04\/04_BIOLACTOLPLUS_G.png?fit=167%2C58&amp;ssl=1\" class=\"attachment-full size-full\" alt=\"\" \/>\t\t<\/div>\n\t\t\t\t<\/a>\t<\/div>\n<\/div>\n<div class=\"gel-client-logo  gel-client-logo-height gel-client-logo-faded-effect gel-69ea41a692ece\">\n\t<div class=\"gel-client-logo-inner\">\n\t\t<a href=\"#\">\t\t<div class=\"image\">\n\t\t\t<img decoding=\"async\" width=\"167\" height=\"58\" src=\"https:\/\/i0.wp.com\/laboratorioscolichon.com\/wp-content\/uploads\/2025\/04\/05_GELNB_G.png?fit=167%2C58&amp;ssl=1\" class=\"attachment-full size-full\" alt=\"\" \/>\t\t<\/div>\n\t\t\t\t<\/a>\t<\/div>\n<\/div>\n<div class=\"gel-client-logo  gel-clien-logo-btn-center gel-client-logo-faded-effect gel-69ea41a693199\">\n\t<div class=\"gel-client-logo-inner\">\n\t\t<a href=\"#\">\t\t<div class=\"image\">\n\t\t\t<img decoding=\"async\" width=\"167\" height=\"58\" src=\"https:\/\/i0.wp.com\/laboratorioscolichon.com\/wp-content\/uploads\/2025\/04\/06_LACTO_G.png?fit=167%2C58&amp;ssl=1\" class=\"attachment-full size-full\" alt=\"\" \/>\t\t<\/div>\n\t\t\t\t<\/a>\t<\/div>\n<\/div><\/div><div class=\"gel-space gel-23888c582c688d06b755ec837551d066\"><\/div><\/div><\/div><\/div><\/div><div class=\"vc_row-full-width vc_clearfix\"><\/div>\n<\/div>","protected":false},"excerpt":{"rendered":"LABORATORIOS COLICH\u00d3N Nuestra Historia y Compromiso con tu Salud Desde nuestra fundaci\u00f3n, nos hemos dedicado a la investigaci\u00f3n y desarrollo de soluciones naturales para la salud. Nuestra pasi\u00f3n por la ciencia y el bienestar nos impulsa a ofrecer productos innovadores y de la m\u00e1s alta calidad. Nuestros productos son elaborados con ingredientes naturales y sometidos [...]","protected":false},"author":1,"featured_media":0,"parent":0,"menu_order":0,"comment_status":"closed","ping_status":"closed","template":"","meta":{"nf_dc_page":"","om_disable_all_campaigns":false,"_monsterinsights_skip_tracking":false,"_monsterinsights_sitenote_active":false,"_monsterinsights_sitenote_note":"","_monsterinsights_sitenote_category":0,"footnotes":""},"class_list":["post-6531","page","type-page","status-publish","hentry"],"yoast_head":"<!-- This site is optimized with the Yoast SEO plugin v27.4 - https:\/\/yoast.com\/product\/yoast-seo-wordpress\/ -->\n<title>Nosotros - LaboratorioColichon<\/title>\n<meta name=\"description\" content=\"Laboratorios Colichon Per\u00fa: ciencia y probi\u00f3ticos naturales al servicio de tu salud intestinal, equilibrio de la microbiota y bienestar familiar. %\" \/>\n<meta name=\"robots\" content=\"index, follow, max-snippet:-1, max-image-preview:large, max-video-preview:-1\" \/>\n<link rel=\"canonical\" href=\"https:\/\/laboratorioscolichon.com\/en\/nosotros\/\" \/>\n<meta property=\"og:locale\" content=\"en_US\" \/>\n<meta property=\"og:type\" content=\"article\" \/>\n<meta property=\"og:title\" content=\"Nosotros - LaboratorioColichon\" \/>\n<meta property=\"og:description\" content=\"Laboratorios Colichon Per\u00fa: ciencia y probi\u00f3ticos naturales al servicio de tu salud intestinal, equilibrio de la microbiota y bienestar familiar. %\" \/>\n<meta property=\"og:url\" content=\"https:\/\/laboratorioscolichon.com\/en\/nosotros\/\" \/>\n<meta property=\"og:site_name\" content=\"LaboratorioColichon\" \/>\n<meta property=\"article:modified_time\" content=\"2025-10-03T16:01:28+00:00\" \/>\n<meta name=\"twitter:card\" content=\"summary_large_image\" \/>\n<meta name=\"twitter:label1\" content=\"Est. reading time\" \/>\n\t<meta name=\"twitter:data1\" content=\"2 minutes\" \/>\n<script type=\"application\/ld+json\" class=\"yoast-schema-graph\">{\"@context\":\"https:\\\/\\\/schema.org\",\"@graph\":[{\"@type\":\"WebPage\",\"@id\":\"https:\\\/\\\/laboratorioscolichon.com\\\/nosotros\\\/\",\"url\":\"https:\\\/\\\/laboratorioscolichon.com\\\/nosotros\\\/\",\"name\":\"Nosotros - LaboratorioColichon\",\"isPartOf\":{\"@id\":\"https:\\\/\\\/laboratorioscolichon.com\\\/#website\"},\"datePublished\":\"2025-04-09T01:51:54+00:00\",\"dateModified\":\"2025-10-03T16:01:28+00:00\",\"description\":\"Laboratorios Colichon Per\u00fa: ciencia y probi\u00f3ticos naturales al servicio de tu salud intestinal, equilibrio de la microbiota y bienestar familiar. %\",\"breadcrumb\":{\"@id\":\"https:\\\/\\\/laboratorioscolichon.com\\\/nosotros\\\/#breadcrumb\"},\"inLanguage\":\"en-US\",\"potentialAction\":[{\"@type\":\"ReadAction\",\"target\":[\"https:\\\/\\\/laboratorioscolichon.com\\\/nosotros\\\/\"]}]},{\"@type\":\"BreadcrumbList\",\"@id\":\"https:\\\/\\\/laboratorioscolichon.com\\\/nosotros\\\/#breadcrumb\",\"itemListElement\":[{\"@type\":\"ListItem\",\"position\":1,\"name\":\"Home\",\"item\":\"https:\\\/\\\/laboratorioscolichon.com\\\/\"},{\"@type\":\"ListItem\",\"position\":2,\"name\":\"Nosotros\"}]},{\"@type\":\"WebSite\",\"@id\":\"https:\\\/\\\/laboratorioscolichon.com\\\/#website\",\"url\":\"https:\\\/\\\/laboratorioscolichon.com\\\/\",\"name\":\"LaboratorioColichon\",\"description\":\"Laboratorios Colich\u00f3n: m\u00e1s de 65 a\u00f1os desarrollando PROBI\u00d3TICOS NATURALES Y VIVOS en Per\u00fa. Cepas de alta calidad para la salud intestinal, \u00edntima y familiar, libres de lactosa y gluten.\",\"publisher\":{\"@id\":\"https:\\\/\\\/laboratorioscolichon.com\\\/#organization\"},\"potentialAction\":[{\"@type\":\"SearchAction\",\"target\":{\"@type\":\"EntryPoint\",\"urlTemplate\":\"https:\\\/\\\/laboratorioscolichon.com\\\/?s={search_term_string}\"},\"query-input\":{\"@type\":\"PropertyValueSpecification\",\"valueRequired\":true,\"valueName\":\"search_term_string\"}}],\"inLanguage\":\"en-US\"},{\"@type\":\"Organization\",\"@id\":\"https:\\\/\\\/laboratorioscolichon.com\\\/#organization\",\"name\":\"LaboratorioColichon\",\"url\":\"https:\\\/\\\/laboratorioscolichon.com\\\/\",\"logo\":{\"@type\":\"ImageObject\",\"inLanguage\":\"en-US\",\"@id\":\"https:\\\/\\\/laboratorioscolichon.com\\\/#\\\/schema\\\/logo\\\/image\\\/\",\"url\":\"\",\"contentUrl\":\"\",\"caption\":\"LaboratorioColichon\"},\"image\":{\"@id\":\"https:\\\/\\\/laboratorioscolichon.com\\\/#\\\/schema\\\/logo\\\/image\\\/\"}}]}<\/script>\n<!-- \/ Yoast SEO plugin. -->","yoast_head_json":{"title":"We - LaboratorioColichon","description":"Colichon Laboratories Peru: Science and natural probiotics at the service of your intestinal health, microbiota balance, and family well-being. %","robots":{"index":"index","follow":"follow","max-snippet":"max-snippet:-1","max-image-preview":"max-image-preview:large","max-video-preview":"max-video-preview:-1"},"canonical":"https:\/\/laboratorioscolichon.com\/en\/nosotros\/","og_locale":"en_US","og_type":"article","og_title":"Nosotros - LaboratorioColichon","og_description":"Laboratorios Colichon Per\u00fa: ciencia y probi\u00f3ticos naturales al servicio de tu salud intestinal, equilibrio de la microbiota y bienestar familiar. %","og_url":"https:\/\/laboratorioscolichon.com\/en\/nosotros\/","og_site_name":"LaboratorioColichon","article_modified_time":"2025-10-03T16:01:28+00:00","twitter_card":"summary_large_image","twitter_misc":{"Est. reading time":"2 minutes"},"schema":{"@context":"https:\/\/schema.org","@graph":[{"@type":"WebPage","@id":"https:\/\/laboratorioscolichon.com\/nosotros\/","url":"https:\/\/laboratorioscolichon.com\/nosotros\/","name":"We - LaboratorioColichon","isPartOf":{"@id":"https:\/\/laboratorioscolichon.com\/#website"},"datePublished":"2025-04-09T01:51:54+00:00","dateModified":"2025-10-03T16:01:28+00:00","description":"Colichon Laboratories Peru: Science and natural probiotics at the service of your intestinal health, microbiota balance, and family well-being. %","breadcrumb":{"@id":"https:\/\/laboratorioscolichon.com\/nosotros\/#breadcrumb"},"inLanguage":"en-US","potentialAction":[{"@type":"ReadAction","target":["https:\/\/laboratorioscolichon.com\/nosotros\/"]}]},{"@type":"BreadcrumbList","@id":"https:\/\/laboratorioscolichon.com\/nosotros\/#breadcrumb","itemListElement":[{"@type":"ListItem","position":1,"name":"Home","item":"https:\/\/laboratorioscolichon.com\/"},{"@type":"ListItem","position":2,"name":"Nosotros"}]},{"@type":"WebSite","@id":"https:\/\/laboratorioscolichon.com\/#website","url":"https:\/\/laboratorioscolichon.com\/","name":"Laboratorio Colichon","description":"Colich\u00f3n Laboratories: Over 65 years developing natural, live probiotics in Peru. High-quality strains for intestinal, intimate, and family health, lactose and gluten free.","publisher":{"@id":"https:\/\/laboratorioscolichon.com\/#organization"},"potentialAction":[{"@type":"SearchAction","target":{"@type":"EntryPoint","urlTemplate":"https:\/\/laboratorioscolichon.com\/?s={search_term_string}"},"query-input":{"@type":"PropertyValueSpecification","valueRequired":true,"valueName":"search_term_string"}}],"inLanguage":"en-US"},{"@type":"Organization","@id":"https:\/\/laboratorioscolichon.com\/#organization","name":"Laboratorio Colichon","url":"https:\/\/laboratorioscolichon.com\/","logo":{"@type":"ImageObject","inLanguage":"en-US","@id":"https:\/\/laboratorioscolichon.com\/#\/schema\/logo\/image\/","url":"","contentUrl":"","caption":"LaboratorioColichon"},"image":{"@id":"https:\/\/laboratorioscolichon.com\/#\/schema\/logo\/image\/"}}]}},"jetpack_sharing_enabled":true,"_links":{"self":[{"href":"https:\/\/laboratorioscolichon.com\/en\/wp-json\/wp\/v2\/pages\/6531","targetHints":{"allow":["GET"]}}],"collection":[{"href":"https:\/\/laboratorioscolichon.com\/en\/wp-json\/wp\/v2\/pages"}],"about":[{"href":"https:\/\/laboratorioscolichon.com\/en\/wp-json\/wp\/v2\/types\/page"}],"author":[{"embeddable":true,"href":"https:\/\/laboratorioscolichon.com\/en\/wp-json\/wp\/v2\/users\/1"}],"replies":[{"embeddable":true,"href":"https:\/\/laboratorioscolichon.com\/en\/wp-json\/wp\/v2\/comments?post=6531"}],"version-history":[{"count":6,"href":"https:\/\/laboratorioscolichon.com\/en\/wp-json\/wp\/v2\/pages\/6531\/revisions"}],"predecessor-version":[{"id":7277,"href":"https:\/\/laboratorioscolichon.com\/en\/wp-json\/wp\/v2\/pages\/6531\/revisions\/7277"}],"wp:attachment":[{"href":"https:\/\/laboratorioscolichon.com\/en\/wp-json\/wp\/v2\/media?parent=6531"}],"curies":[{"name":"wp","href":"https:\/\/api.w.org\/{rel}","templated":true}]}}