{"id":3319,"date":"2019-10-26T04:22:27","date_gmt":"2019-10-26T04:22:27","guid":{"rendered":"https:\/\/dukaken.g5plus.net\/main\/?page_id=3319"},"modified":"2025-07-24T20:09:46","modified_gmt":"2025-07-24T20:09:46","slug":"privacy-policy","status":"publish","type":"page","link":"https:\/\/laboratorioscolichon.com\/en\/privacy-policy\/","title":{"rendered":"Privacy Policy"},"content":{"rendered":"<div class=\"wpb-content-wrapper\"><div class=\"vc_row wpb_row vc_row-fluid\"><div class=\"wpb_column vc_column_container vc_col-sm-12\"><div class=\"vc_column-inner\"><div class=\"wpb_wrapper\">\n\t<div class=\"wpb_text_column wpb_content_element\" >\n\t\t<div class=\"wpb_wrapper\">\n\t\t\t<p class=\"\">Last updated: July 24, 2025<\/p>\n<p>&nbsp;<\/p>\n<h3 class=\"wp-block-heading\">1. Information we collect<\/h3>\n<p>&nbsp;<\/p>\n<p class=\"\">We collect personal information that you voluntarily provide to us through contact forms, online purchases, subscriptions, or inquiries. This data may include:<br \/>\u00bb Full name<br \/>\u00bb Identity document (DNI\/RUC)<br \/>\u00bb Email address<br \/>\u00bb Phone number<br \/>\u00bb Shipping address<br \/>\u00bb Payment information (processed securely by external gateways)<br \/>\u00bb Other information relevant to providing our services<\/p>\n<p>&nbsp;<\/p>\n<h3 class=\"wp-block-heading\">2. Purpose of data processing<\/h3>\n<p>&nbsp;<\/p>\n<p class=\"\">We use your data to:<br \/>\u2022 Improve your experience on our website<br \/>\u2022 Process orders and deliveries<br \/>\u2022 Respond to queries, suggestions or complaints<br \/>\u2022 Send information about our products, promotions or news (only if you authorize it)<br \/>\u2022 Comply with our legal and contractual obligations<\/p>\n<p>&nbsp;<\/p>\n<h3 class=\"wp-block-heading\">3. Confidentiality and security<\/h3>\n<p>&nbsp;<\/p>\n<p class=\"\">Your personal data is stored securely. We take all reasonable measures to prevent unauthorized access, loss, or alteration of your information.<\/p>\n<p>&nbsp;<\/p>\n<h3 class=\"wp-block-heading\">4. Data sharing<\/h3>\n<p>&nbsp;<\/p>\n<p class=\"\">We do not share your information with third parties, except:<br \/>\u2022 With your explicit consent<br \/>\u2022 Strictly necessary service providers (payment gateways, logistics)<br \/>\u2022 In compliance with legal obligations or judicial requirements<\/p>\n<p>&nbsp;<\/p>\n<h2 class=\"wp-block-heading\">5. Rights of the data subject<\/h2>\n<p>&nbsp;<\/p>\n<p class=\"\">You can exercise your rights of access, rectification, cancellation and opposition (ARCO) at any time by sending a request to the following email address:\u00a0<strong><a>contacto@laboratorioscolichon.com<\/a><\/strong>.<\/p>\n<p>&nbsp;<\/p>\n<h2 class=\"wp-block-heading\">6. Use of cookies<\/h2>\n<p>&nbsp;<\/p>\n<p class=\"\">This website may use\u00a0<strong>cookies<\/strong>\u00a0to improve user experience. You can change your browser settings to refuse their use if you prefer.<\/p>\n<p>&nbsp;<\/p>\n<h2 class=\"wp-block-heading\">7. Links to third parties<\/h2>\n<p>&nbsp;<\/p>\n<p class=\"\">This site may contain links to other websites. We are not responsible for the privacy practices of such external sites.<\/p>\n<p>&nbsp;<\/p>\n<h2 class=\"wp-block-heading\">8. Changes to this policy<\/h2>\n<p>&nbsp;<\/p>\n<p class=\"\">We reserve the right to modify this Privacy Policy at any time. We recommend that you review it periodically to stay informed of any updates.<\/p>\n<p>&nbsp;<\/p>\n<p class=\"\"><span style=\"font-size: 18pt;\"><strong><br \/>Colich\u00f3n Laboratories SAC<\/strong><\/span><br \/>Comprehensive well-being for the whole family.<br \/>\ud83d\udce7\u00a0<a>contacto@laboratorioscolichon.com<\/a><\/p>\n<p>&nbsp;<\/p>\n\n\t\t<\/div>\n\t<\/div>\n<\/div><\/div><\/div><\/div><\/div>","protected":false},"excerpt":{"rendered":"\u00daltima actualizaci\u00f3n: 24 de julio de 2025 &nbsp; 1. Informaci\u00f3n que recopilamos &nbsp; Recopilamos la informaci\u00f3n personal que t\u00fa nos proporcionas voluntariamente a trav\u00e9s de formularios de contacto, compras en l\u00ednea, suscripciones o consultas. Estos datos pueden incluir:\u00bb Nombre completo\u00bb Documento de identidad (DNI\/RUC)\u00bb Direcci\u00f3n de correo electr\u00f3nico\u00bb N\u00famero de tel\u00e9fono\u00bb Direcci\u00f3n de env\u00edo\u00bb Informaci\u00f3n [...]","protected":false},"author":1,"featured_media":0,"parent":0,"menu_order":0,"comment_status":"closed","ping_status":"closed","template":"","meta":{"nf_dc_page":"","om_disable_all_campaigns":false,"_monsterinsights_skip_tracking":false,"_monsterinsights_sitenote_active":false,"_monsterinsights_sitenote_note":"","_monsterinsights_sitenote_category":0,"footnotes":""},"class_list":["post-3319","page","type-page","status-publish","hentry"],"yoast_head":"<!-- This site is optimized with the Yoast SEO plugin v27.4 - https:\/\/yoast.com\/product\/yoast-seo-wordpress\/ -->\n<title>Pol\u00edtica de Privacidad - LaboratorioColichon<\/title>\n<meta name=\"robots\" content=\"index, follow, max-snippet:-1, max-image-preview:large, max-video-preview:-1\" \/>\n<link rel=\"canonical\" href=\"https:\/\/laboratorioscolichon.com\/en\/privacy-policy\/\" \/>\n<meta property=\"og:locale\" content=\"en_US\" \/>\n<meta property=\"og:type\" content=\"article\" \/>\n<meta property=\"og:title\" content=\"Pol\u00edtica de Privacidad - LaboratorioColichon\" \/>\n<meta property=\"og:url\" content=\"https:\/\/laboratorioscolichon.com\/en\/privacy-policy\/\" \/>\n<meta property=\"og:site_name\" content=\"LaboratorioColichon\" \/>\n<meta property=\"article:modified_time\" content=\"2025-07-24T20:09:46+00:00\" \/>\n<meta name=\"twitter:card\" content=\"summary_large_image\" \/>\n<meta name=\"twitter:label1\" content=\"Est. reading time\" \/>\n\t<meta name=\"twitter:data1\" content=\"2 minutes\" \/>\n<script type=\"application\/ld+json\" class=\"yoast-schema-graph\">{\"@context\":\"https:\\\/\\\/schema.org\",\"@graph\":[{\"@type\":\"WebPage\",\"@id\":\"https:\\\/\\\/laboratorioscolichon.com\\\/privacy-policy\\\/\",\"url\":\"https:\\\/\\\/laboratorioscolichon.com\\\/privacy-policy\\\/\",\"name\":\"Pol\u00edtica de Privacidad - LaboratorioColichon\",\"isPartOf\":{\"@id\":\"https:\\\/\\\/laboratorioscolichon.com\\\/#website\"},\"datePublished\":\"2019-10-26T04:22:27+00:00\",\"dateModified\":\"2025-07-24T20:09:46+00:00\",\"breadcrumb\":{\"@id\":\"https:\\\/\\\/laboratorioscolichon.com\\\/privacy-policy\\\/#breadcrumb\"},\"inLanguage\":\"en-US\",\"potentialAction\":[{\"@type\":\"ReadAction\",\"target\":[\"https:\\\/\\\/laboratorioscolichon.com\\\/privacy-policy\\\/\"]}]},{\"@type\":\"BreadcrumbList\",\"@id\":\"https:\\\/\\\/laboratorioscolichon.com\\\/privacy-policy\\\/#breadcrumb\",\"itemListElement\":[{\"@type\":\"ListItem\",\"position\":1,\"name\":\"Home\",\"item\":\"https:\\\/\\\/laboratorioscolichon.com\\\/\"},{\"@type\":\"ListItem\",\"position\":2,\"name\":\"Pol\u00edtica de Privacidad\"}]},{\"@type\":\"WebSite\",\"@id\":\"https:\\\/\\\/laboratorioscolichon.com\\\/#website\",\"url\":\"https:\\\/\\\/laboratorioscolichon.com\\\/\",\"name\":\"LaboratorioColichon\",\"description\":\"Laboratorios Colich\u00f3n: m\u00e1s de 65 a\u00f1os desarrollando PROBI\u00d3TICOS NATURALES Y VIVOS en Per\u00fa. Cepas de alta calidad para la salud intestinal, \u00edntima y familiar, libres de lactosa y gluten.\",\"publisher\":{\"@id\":\"https:\\\/\\\/laboratorioscolichon.com\\\/#organization\"},\"potentialAction\":[{\"@type\":\"SearchAction\",\"target\":{\"@type\":\"EntryPoint\",\"urlTemplate\":\"https:\\\/\\\/laboratorioscolichon.com\\\/?s={search_term_string}\"},\"query-input\":{\"@type\":\"PropertyValueSpecification\",\"valueRequired\":true,\"valueName\":\"search_term_string\"}}],\"inLanguage\":\"en-US\"},{\"@type\":\"Organization\",\"@id\":\"https:\\\/\\\/laboratorioscolichon.com\\\/#organization\",\"name\":\"LaboratorioColichon\",\"url\":\"https:\\\/\\\/laboratorioscolichon.com\\\/\",\"logo\":{\"@type\":\"ImageObject\",\"inLanguage\":\"en-US\",\"@id\":\"https:\\\/\\\/laboratorioscolichon.com\\\/#\\\/schema\\\/logo\\\/image\\\/\",\"url\":\"\",\"contentUrl\":\"\",\"caption\":\"LaboratorioColichon\"},\"image\":{\"@id\":\"https:\\\/\\\/laboratorioscolichon.com\\\/#\\\/schema\\\/logo\\\/image\\\/\"}}]}<\/script>\n<!-- \/ Yoast SEO plugin. -->","yoast_head_json":{"title":"Pol\u00edtica de Privacidad - LaboratorioColichon","robots":{"index":"index","follow":"follow","max-snippet":"max-snippet:-1","max-image-preview":"max-image-preview:large","max-video-preview":"max-video-preview:-1"},"canonical":"https:\/\/laboratorioscolichon.com\/en\/privacy-policy\/","og_locale":"en_US","og_type":"article","og_title":"Pol\u00edtica de Privacidad - LaboratorioColichon","og_url":"https:\/\/laboratorioscolichon.com\/en\/privacy-policy\/","og_site_name":"LaboratorioColichon","article_modified_time":"2025-07-24T20:09:46+00:00","twitter_card":"summary_large_image","twitter_misc":{"Est. reading time":"2 minutes"},"schema":{"@context":"https:\/\/schema.org","@graph":[{"@type":"WebPage","@id":"https:\/\/laboratorioscolichon.com\/privacy-policy\/","url":"https:\/\/laboratorioscolichon.com\/privacy-policy\/","name":"Pol\u00edtica de Privacidad - LaboratorioColichon","isPartOf":{"@id":"https:\/\/laboratorioscolichon.com\/#website"},"datePublished":"2019-10-26T04:22:27+00:00","dateModified":"2025-07-24T20:09:46+00:00","breadcrumb":{"@id":"https:\/\/laboratorioscolichon.com\/privacy-policy\/#breadcrumb"},"inLanguage":"en-US","potentialAction":[{"@type":"ReadAction","target":["https:\/\/laboratorioscolichon.com\/privacy-policy\/"]}]},{"@type":"BreadcrumbList","@id":"https:\/\/laboratorioscolichon.com\/privacy-policy\/#breadcrumb","itemListElement":[{"@type":"ListItem","position":1,"name":"Home","item":"https:\/\/laboratorioscolichon.com\/"},{"@type":"ListItem","position":2,"name":"Pol\u00edtica de Privacidad"}]},{"@type":"WebSite","@id":"https:\/\/laboratorioscolichon.com\/#website","url":"https:\/\/laboratorioscolichon.com\/","name":"Laboratorio Colichon","description":"Colich\u00f3n Laboratories: Over 65 years developing natural, live probiotics in Peru. High-quality strains for intestinal, intimate, and family health, lactose and gluten free.","publisher":{"@id":"https:\/\/laboratorioscolichon.com\/#organization"},"potentialAction":[{"@type":"SearchAction","target":{"@type":"EntryPoint","urlTemplate":"https:\/\/laboratorioscolichon.com\/?s={search_term_string}"},"query-input":{"@type":"PropertyValueSpecification","valueRequired":true,"valueName":"search_term_string"}}],"inLanguage":"en-US"},{"@type":"Organization","@id":"https:\/\/laboratorioscolichon.com\/#organization","name":"Laboratorio Colichon","url":"https:\/\/laboratorioscolichon.com\/","logo":{"@type":"ImageObject","inLanguage":"en-US","@id":"https:\/\/laboratorioscolichon.com\/#\/schema\/logo\/image\/","url":"","contentUrl":"","caption":"LaboratorioColichon"},"image":{"@id":"https:\/\/laboratorioscolichon.com\/#\/schema\/logo\/image\/"}}]}},"jetpack_sharing_enabled":true,"_links":{"self":[{"href":"https:\/\/laboratorioscolichon.com\/en\/wp-json\/wp\/v2\/pages\/3319","targetHints":{"allow":["GET"]}}],"collection":[{"href":"https:\/\/laboratorioscolichon.com\/en\/wp-json\/wp\/v2\/pages"}],"about":[{"href":"https:\/\/laboratorioscolichon.com\/en\/wp-json\/wp\/v2\/types\/page"}],"author":[{"embeddable":true,"href":"https:\/\/laboratorioscolichon.com\/en\/wp-json\/wp\/v2\/users\/1"}],"replies":[{"embeddable":true,"href":"https:\/\/laboratorioscolichon.com\/en\/wp-json\/wp\/v2\/comments?post=3319"}],"version-history":[{"count":3,"href":"https:\/\/laboratorioscolichon.com\/en\/wp-json\/wp\/v2\/pages\/3319\/revisions"}],"predecessor-version":[{"id":6712,"href":"https:\/\/laboratorioscolichon.com\/en\/wp-json\/wp\/v2\/pages\/3319\/revisions\/6712"}],"wp:attachment":[{"href":"https:\/\/laboratorioscolichon.com\/en\/wp-json\/wp\/v2\/media?parent=3319"}],"curies":[{"name":"wp","href":"https:\/\/api.w.org\/{rel}","templated":true}]}}