{"id":3123,"date":"2019-09-17T08:01:20","date_gmt":"2019-09-17T08:01:20","guid":{"rendered":"https:\/\/probiowellness.com.pe\/?page_id=3123"},"modified":"2025-10-03T16:13:49","modified_gmt":"2025-10-03T16:13:49","slug":"ventacepas","status":"publish","type":"page","link":"https:\/\/laboratorioscolichon.com\/en\/ventacepas\/","title":{"rendered":"Sale of probiotic strains"},"content":{"rendered":"<div class=\"wpb-content-wrapper\"><div data-g5element-full-width=\"true\" class=\"vc_row wpb_row vc_row-fluid vc_custom_1758904193026 vc_row-has-fill position-relative\"><div class=\"g5element-bg-overlay g5element-bg-full\" style=\"background-image: url(https:\/\/i0.wp.com\/laboratorioscolichon.com\/wp-content\/uploads\/2025\/08\/CEPAS-title.jpg?fit=1920%2C420&#038;ssl=1);opacity: 0.5\"><\/div><div class=\"wpb_column vc_column_container vc_col-sm-12\"><div class=\"vc_column-inner vc_custom_1562290634396\"><div class=\"wpb_wrapper\"><div class=\"gel-space gel-4f44d76032b31b7a32c2e3656ba11df9\"><\/div><div class=\"gel-page-title gel-page-title-style-01 vc_custom_1577441866636 vc_custom_1577441866636\">\n    <div class=\"page-title-wrap\">\n        <div class=\"page-title-content\">\n                            <h1 class=\"page-main-title gel-c30d9b50a96e433b5c17183cebba5084\"><\/h1>\n                                <\/div>\n    <\/div>\n<\/div>\n\n\n\n\n\n\n<div class=\"gel-space gel-aee86514dc71f0fd4297188594099ca9\"><\/div><\/div><\/div><\/div><\/div><div class=\"vc_row-full-width vc_clearfix\"><\/div><div class=\"vc_row wpb_row vc_row-fluid\"><div class=\"wpb_column vc_column_container vc_col-sm-12\"><div class=\"vc_column-inner\"><div class=\"wpb_wrapper\"><div class=\"gel-space gel-9bb2f241c2a32c9ee367454b24c2880a\"><\/div><\/div><\/div><\/div><div class=\"wpb_column vc_column_container vc_col-sm-12 vc_col-md-6\"><div class=\"vc_column-inner\"><div class=\"wpb_wrapper\">\t<div class=\"gel-banner gel-banner-style-04  custom-banner-size-xs-150 gel-image-effectr-wrap gel-69ea45e8273fd\">\n\t\t<div class=\"gel-effect-bg-image gel-image-effect flash-effect\">\n\t\t\t<div class=\"gel-banner-bg gel-effect-content\">\n\t\t\t\t\t\t\t<\/div>\n\t\t<\/div>\n\t\t\t\t\t<div class=\"gel-banner-content\">\n\t\t\t\t\t\t\t\t\t\t\t\t\t\t\t<\/div>\n\t\t\t<\/div>\n<\/div><\/div><\/div><div class=\"wpb_column vc_column_container vc_col-sm-12 vc_col-lg-offset-1 vc_col-lg-5 vc_col-md-6\"><div class=\"vc_column-inner\"><div class=\"wpb_wrapper\"><div class=\"gel-space gel-19314860204a14c831fa2d38c475b0c1\"><\/div><div class=\"gel-heading gel-heading-style-01  custom-heading-05 vc_custom_1755772085366 text-left\">\n\t\t<h2 class=\"gel-heading-title\">\n\t\tExperience and quality in <mark> each strain <\/mark>\t<\/h2>\n\t<\/div><div class=\"gel-space gel-81b9ac42c067310d8ee256522b6d4ab3\"><\/div>\n\t<div class=\"wpb_text_column wpb_content_element fs-1rem\" >\n\t\t<div class=\"wpb_wrapper\">\n\t\t\t<p><span style=\"font-size: 14pt;\">In <strong>Colich\u00f3n Laboratory<\/strong> We have extensive experience in the development of <strong>high-quality probiotics<\/strong>, designed to guarantee efficacy, safety, and scientific backing. Each of our strains is <strong>Viva<\/strong>, <strong>active<\/strong> and <strong>suitable for DIGESA<\/strong>, ensuring that your brand or company can offer products with confidence, innovation and excellence.<\/span><\/p>\n\n\t\t<\/div>\n\t<\/div>\n<\/div><\/div><\/div><\/div><div class=\"vc_row wpb_row vc_row-fluid\"><div class=\"wpb_column vc_column_container vc_col-sm-12\"><div class=\"vc_column-inner\"><div class=\"wpb_wrapper\"><div class=\"gel-space gel-efe2253b0183b4bb993d375149038e4a\"><\/div><\/div><\/div><\/div><\/div><div class=\"vc_row wpb_row vc_row-fluid\"><div class=\"wpb_column vc_column_container vc_col-sm-2\"><div class=\"vc_column-inner\"><div class=\"wpb_wrapper\"><\/div><\/div><\/div><div class=\"wpb_column vc_column_container vc_col-sm-8\"><div class=\"vc_column-inner\"><div class=\"wpb_wrapper\"><div class=\"gel-heading gel-heading-style-01  custom-heading-06 vc_custom_1755645265262 text-left has-line-separator\">\n\t\t<h3 class=\"gel-heading-title gel-67c27738856ff721ccbda8bec286e87d\">\n\t\t<mark>List of our <\/mark>PROBIOTIC STRAINS<br \/>\nALIVE <mark>and<\/mark> DEVELOPED ASSETS\t<\/h3>\n\t\t\t<div class=\"gel-heading-separate\">\n\t\t<\/div>\n\t<\/div><\/div><\/div><\/div><div class=\"wpb_column vc_column_container vc_col-sm-2\"><div class=\"vc_column-inner\"><div class=\"wpb_wrapper\"><\/div><\/div><\/div><\/div><div class=\"vc_row wpb_row vc_row-fluid\"><div class=\"wpb_column vc_column_container vc_col-sm-12\"><div class=\"vc_column-inner\"><div class=\"wpb_wrapper\"><div class=\"gel-space gel-9aae16a8e858dbb5d1592733777a5625\"><\/div><\/div><\/div><\/div><\/div><div class=\"vc_row wpb_row vc_row-fluid vc-col-no-pt\"><div class=\"wpb_column vc_column_container vc_col-sm-4\"><div class=\"vc_column-inner\"><div class=\"wpb_wrapper\"><div class=\"gel-space gel-cdc46baee2c59eda789ba5073a5a915e\"><\/div><div class=\"gel-list gel-list-style-01 gel-69ea45e8282fd\">\n    <ul class=\"content-list icon_list\">\n                                                            <li class=\"item-list gel-list-item gel-162a4967cc0fe2f5551ad3c5d1ab0a39\">\n                                            <span class=\"list-type\"><i class=\"fas fa-check-circle\"><\/i><\/span>\n                                                            Bacillus coagulans                                    <\/li>\n                                                                        <li class=\"item-list gel-list-item gel-162a4967cc0fe2f5551ad3c5d1ab0a39\">\n                                            <span class=\"list-type\"><i class=\"fas fa-check-circle\"><\/i><\/span>\n                                                            Bacillus subtilis                                    <\/li>\n                                                                        <li class=\"item-list gel-list-item gel-162a4967cc0fe2f5551ad3c5d1ab0a39\">\n                                            <span class=\"list-type\"><i class=\"fas fa-check-circle\"><\/i><\/span>\n                                                            Adolescent Bifidobacterium                                    <\/li>\n                                                                        <li class=\"item-list gel-list-item gel-162a4967cc0fe2f5551ad3c5d1ab0a39\">\n                                            <span class=\"list-type\"><i class=\"fas fa-check-circle\"><\/i><\/span>\n                                                            Bifidobacterium animalis                                    <\/li>\n                                                                        <li class=\"item-list gel-list-item gel-162a4967cc0fe2f5551ad3c5d1ab0a39\">\n                                            <span class=\"list-type\"><i class=\"fas fa-check-circle\"><\/i><\/span>\n                                                            Bifidobacterium bifidum                                    <\/li>\n                                                                        <li class=\"item-list gel-list-item gel-162a4967cc0fe2f5551ad3c5d1ab0a39\">\n                                            <span class=\"list-type\"><i class=\"fas fa-check-circle\"><\/i><\/span>\n                                                            Bifidobacterium breve                                    <\/li>\n                                                                        <li class=\"item-list gel-list-item gel-162a4967cc0fe2f5551ad3c5d1ab0a39\">\n                                            <span class=\"list-type\"><i class=\"fas fa-check-circle\"><\/i><\/span>\n                                                            Bifidobacterium infantis                                    <\/li>\n                                                                        <li class=\"item-list gel-list-item gel-162a4967cc0fe2f5551ad3c5d1ab0a39\">\n                                            <span class=\"list-type\"><i class=\"fas fa-check-circle\"><\/i><\/span>\n                                                            Bifidobacterium lactis                                    <\/li>\n                        <\/ul>\n<\/div>\n<div class=\"gel-space gel-411baeac26f1ff2741d5def0342d43cb\"><\/div><\/div><\/div><\/div><div class=\"wpb_column vc_column_container vc_col-sm-4\"><div class=\"vc_column-inner\"><div class=\"wpb_wrapper\"><div class=\"gel-space gel-cdc46baee2c59eda789ba5073a5a915e\"><\/div><div class=\"gel-list gel-list-style-01 gel-69ea45e828585\">\n    <ul class=\"content-list icon_list\">\n                                                            <li class=\"item-list gel-list-item gel-162a4967cc0fe2f5551ad3c5d1ab0a39\">\n                                            <span class=\"list-type\"><i class=\"fas fa-check-circle\"><\/i><\/span>\n                                                            Bifidobacterium longum                                    <\/li>\n                                                                        <li class=\"item-list gel-list-item gel-162a4967cc0fe2f5551ad3c5d1ab0a39\">\n                                            <span class=\"list-type\"><i class=\"fas fa-check-circle\"><\/i><\/span>\n                                                            Lactobacillus acidophilus                                    <\/li>\n                                                                        <li class=\"item-list gel-list-item gel-162a4967cc0fe2f5551ad3c5d1ab0a39\">\n                                            <span class=\"list-type\"><i class=\"fas fa-check-circle\"><\/i><\/span>\n                                                            Lactobacillus casei                                    <\/li>\n                                                                        <li class=\"item-list gel-list-item gel-162a4967cc0fe2f5551ad3c5d1ab0a39\">\n                                            <span class=\"list-type\"><i class=\"fas fa-check-circle\"><\/i><\/span>\n                                                            Lactobacillus crispatus                                    <\/li>\n                                                                        <li class=\"item-list gel-list-item gel-162a4967cc0fe2f5551ad3c5d1ab0a39\">\n                                            <span class=\"list-type\"><i class=\"fas fa-check-circle\"><\/i><\/span>\n                                                            Lactobacillus gasseri                                    <\/li>\n                                                                        <li class=\"item-list gel-list-item gel-162a4967cc0fe2f5551ad3c5d1ab0a39\">\n                                            <span class=\"list-type\"><i class=\"fas fa-check-circle\"><\/i><\/span>\n                                                            Lactobacillus helveticus                                    <\/li>\n                                                                        <li class=\"item-list gel-list-item gel-162a4967cc0fe2f5551ad3c5d1ab0a39\">\n                                            <span class=\"list-type\"><i class=\"fas fa-check-circle\"><\/i><\/span>\n                                                            Lactobacillus plantarum                                    <\/li>\n                                                                        <li class=\"item-list gel-list-item gel-162a4967cc0fe2f5551ad3c5d1ab0a39\">\n                                            <span class=\"list-type\"><i class=\"fas fa-check-circle\"><\/i><\/span>\n                                                            Lactobacillus rhamnosus                                    <\/li>\n                        <\/ul>\n<\/div>\n<div class=\"gel-space gel-411baeac26f1ff2741d5def0342d43cb\"><\/div><\/div><\/div><\/div><div class=\"wpb_column vc_column_container vc_col-sm-4\"><div class=\"vc_column-inner\"><div class=\"wpb_wrapper\"><div class=\"gel-space gel-cdc46baee2c59eda789ba5073a5a915e\"><\/div><div class=\"gel-list gel-list-style-01 gel-69ea45e8287e1\">\n    <ul class=\"content-list icon_list\">\n                                                            <li class=\"item-list gel-list-item gel-162a4967cc0fe2f5551ad3c5d1ab0a39\">\n                                            <span class=\"list-type\"><i class=\"fas fa-check-circle\"><\/i><\/span>\n                                                            Lactobacillus reuteri                                    <\/li>\n                                                                        <li class=\"item-list gel-list-item gel-162a4967cc0fe2f5551ad3c5d1ab0a39\">\n                                            <span class=\"list-type\"><i class=\"fas fa-check-circle\"><\/i><\/span>\n                                                            Lacticaseibacillus paracasei                                    <\/li>\n                                                                        <li class=\"item-list gel-list-item gel-162a4967cc0fe2f5551ad3c5d1ab0a39\">\n                                            <span class=\"list-type\"><i class=\"fas fa-check-circle\"><\/i><\/span>\n                                                            Ligilactobacillus salivarius                                    <\/li>\n                                                                        <li class=\"item-list gel-list-item gel-162a4967cc0fe2f5551ad3c5d1ab0a39\">\n                                            <span class=\"list-type\"><i class=\"fas fa-check-circle\"><\/i><\/span>\n                                                            Lactobacillus bulgaricus                                    <\/li>\n                                                                        <li class=\"item-list gel-list-item gel-162a4967cc0fe2f5551ad3c5d1ab0a39\">\n                                            <span class=\"list-type\"><i class=\"fas fa-check-circle\"><\/i><\/span>\n                                                            Limosilactobacillus fermentum                                    <\/li>\n                                                                        <li class=\"item-list gel-list-item gel-162a4967cc0fe2f5551ad3c5d1ab0a39\">\n                                            <span class=\"list-type\"><i class=\"fas fa-check-circle\"><\/i><\/span>\n                                                            Pediococcus acidilactisi                                    <\/li>\n                                                                        <li class=\"item-list gel-list-item gel-162a4967cc0fe2f5551ad3c5d1ab0a39\">\n                                            <span class=\"list-type\"><i class=\"fas fa-check-circle\"><\/i><\/span>\n                                                            Streptococcus thermophilus                                    <\/li>\n                        <\/ul>\n<\/div>\n<div class=\"gel-space gel-411baeac26f1ff2741d5def0342d43cb\"><\/div><\/div><\/div><\/div><\/div><div class=\"vc_row wpb_row vc_row-fluid\"><div class=\"wpb_column vc_column_container vc_col-sm-12\"><div class=\"vc_column-inner\"><div class=\"wpb_wrapper\"><div class=\"gel-space gel-cdaed1973416e5b9c2563d0d36aaa266\"><\/div><\/div><\/div><\/div><\/div><div data-g5element-full-width=\"true\" class=\"vc_row wpb_row vc_row-fluid vc-col-no-pt vc_custom_1758904926136 vc_row-has-fill position-relative\"><div style=\"background-size: cover;background-repeat: no-repeat;background-attachment: fixed\" class=\"g5element-bg-parallax g5element-bg-full\"><\/div><div class=\"g5element-bg-overlay g5element-bg-full\" style=\"background-color: #E4EEF0;opacity: 0.5\"><\/div><div class=\"custom-mailchimp-02 wpb_column vc_column_container vc_col-sm-12 vc_col-has-fill\"><div class=\"vc_column-inner vc_custom_1755644530922\"><div class=\"wpb_wrapper\"><div class=\"gel-space gel-d03812b2cd59c0c545008fd58e5ef7e1\"><\/div>\n\t<div class=\"wpb_text_column wpb_content_element vc_custom_1755645020523\" >\n\t\t<div class=\"wpb_wrapper\">\n\t\t\t<h3 class=\"mailchimp-heading\">Develop with our <span class=\"btn btn-link black-text-color\">PROBIOTIC STRAINS<\/span><\/h3>\n\n\t\t<\/div>\n\t<\/div>\n\n\t<div class=\"wpb_text_column wpb_content_element md-text\" >\n\t\t<div class=\"wpb_wrapper\">\n\t\t\t<p><span style=\"font-size: 12pt;\"><strong>Probiotic Strains<\/strong> suitable for DIGESA and ready for your brand.<\/span><\/p>\n\n\t\t<\/div>\n\t<\/div>\n<div class=\"vc_row wpb_row vc_inner vc_row-fluid\"><div class=\"wpb_column vc_column_container vc_col-sm-8 vc_col-sm-offset-2\"><div class=\"vc_column-inner\"><div class=\"wpb_wrapper\">\n\t<div class=\"wpb_text_column wpb_content_element\" >\n\t\t<div class=\"wpb_wrapper\">\n\t\t\t<script>(function() {\n\twindow.mc4wp = window.mc4wp || {\n\t\tlisteners: [],\n\t\tforms: {\n\t\t\ton: function(evt, cb) {\n\t\t\t\twindow.mc4wp.listeners.push(\n\t\t\t\t\t{\n\t\t\t\t\t\tevent   : evt,\n\t\t\t\t\t\tcallback: cb\n\t\t\t\t\t}\n\t\t\t\t);\n\t\t\t}\n\t\t}\n\t}\n})();\n<\/script><!-- Mailchimp for WordPress v4.12.2 - https:\/\/wordpress.org\/plugins\/mailchimp-for-wp\/ --><form id=\"mc4wp-form-1\" class=\"mc4wp-form mc4wp-form-845\" method=\"post\" data-id=\"845\" data-name=\"Newsletter\" action=\"\" ><div class=\"mc4wp-form-fields\">    <div class=\"gel-mailchimp\">\r\n      <input class=\"form-email\" type=\"email\" name=\"EMAIL\" placeholder=\"Enter your email here\" requerido \/>\r\n      <button class=\"mailchimp-subscibe\" type=\"submit\"><\/button>\r\n  <\/div>\r\n<\/div><label style=\"display: none !important;\">Leave this field empty if you&#039;re human: <input type=\"text\" name=\"_mc4wp_honeypot\" value=\"\" tabindex=\"-1\" autocomplete=\"off\" \/><\/label><input type=\"hidden\" name=\"_mc4wp_timestamp\" value=\"1776961000\" \/><input type=\"hidden\" name=\"_mc4wp_form_id\" value=\"845\" \/><input type=\"hidden\" name=\"_mc4wp_form_element_id\" value=\"mc4wp-form-1\" \/><div class=\"mc4wp-response\"><\/div><input type=\"hidden\" name=\"trp-form-language\" value=\"en\"\/><\/form><!-- \/ Mailchimp for WordPress Plugin -->\n\n\t\t<\/div>\n\t<\/div>\n<\/div><\/div><\/div><\/div><div class=\"gel-space gel-03185f19d3737f4c77552efd81b04924\"><\/div><\/div><\/div><\/div><\/div><div class=\"vc_row-full-width vc_clearfix\"><\/div>\n<\/div>","protected":false},"excerpt":{"rendered":"Experiencia y calidad en cada cepa En Laboratorio Colich\u00f3n contamos con una amplia trayectoria en el desarrollo de probi\u00f3ticos de alta calidad, dise\u00f1ados para garantizar eficacia, seguridad y respaldo cient\u00edfico. Cada una de nuestras cepas es viva, activa y apta para DIGESA, asegurando que tu marca o empresa pueda ofrecer productos con confianza, innovaci\u00f3n y [...]","protected":false},"author":1,"featured_media":0,"parent":0,"menu_order":0,"comment_status":"closed","ping_status":"closed","template":"","meta":{"nf_dc_page":"","om_disable_all_campaigns":false,"_monsterinsights_skip_tracking":false,"_monsterinsights_sitenote_active":false,"_monsterinsights_sitenote_note":"","_monsterinsights_sitenote_category":0,"footnotes":""},"class_list":["post-3123","page","type-page","status-publish","hentry"],"yoast_head":"<!-- This site is optimized with the Yoast SEO plugin v27.4 - https:\/\/yoast.com\/product\/yoast-seo-wordpress\/ -->\n<title>Venta de cepas probi\u00f3ticas - LaboratorioColichon<\/title>\n<meta name=\"description\" content=\"Venta de cepas probi\u00f3ticas en Per\u00fa con garant\u00eda de calidad y pureza. Laboratorios Colich\u00f3n ofrece soluciones para salud intestinal y microbiota.\" \/>\n<meta name=\"robots\" content=\"index, follow, max-snippet:-1, max-image-preview:large, max-video-preview:-1\" \/>\n<link rel=\"canonical\" href=\"https:\/\/laboratorioscolichon.com\/en\/ventacepas\/\" \/>\n<meta property=\"og:locale\" content=\"en_US\" \/>\n<meta property=\"og:type\" content=\"article\" \/>\n<meta property=\"og:title\" content=\"Venta de cepas probi\u00f3ticas - LaboratorioColichon\" \/>\n<meta property=\"og:description\" content=\"Venta de cepas probi\u00f3ticas en Per\u00fa con garant\u00eda de calidad y pureza. Laboratorios Colich\u00f3n ofrece soluciones para salud intestinal y microbiota.\" \/>\n<meta property=\"og:url\" content=\"https:\/\/laboratorioscolichon.com\/en\/ventacepas\/\" \/>\n<meta property=\"og:site_name\" content=\"LaboratorioColichon\" \/>\n<meta property=\"article:modified_time\" content=\"2025-10-03T16:13:49+00:00\" \/>\n<meta name=\"twitter:card\" content=\"summary_large_image\" \/>\n<meta name=\"twitter:label1\" content=\"Est. reading time\" \/>\n\t<meta name=\"twitter:data1\" content=\"2 minutes\" \/>\n<script type=\"application\/ld+json\" class=\"yoast-schema-graph\">{\"@context\":\"https:\\\/\\\/schema.org\",\"@graph\":[{\"@type\":\"WebPage\",\"@id\":\"https:\\\/\\\/laboratorioscolichon.com\\\/ventacepas\\\/\",\"url\":\"https:\\\/\\\/laboratorioscolichon.com\\\/ventacepas\\\/\",\"name\":\"Venta de cepas probi\u00f3ticas - LaboratorioColichon\",\"isPartOf\":{\"@id\":\"https:\\\/\\\/laboratorioscolichon.com\\\/#website\"},\"datePublished\":\"2019-09-17T08:01:20+00:00\",\"dateModified\":\"2025-10-03T16:13:49+00:00\",\"description\":\"Venta de cepas probi\u00f3ticas en Per\u00fa con garant\u00eda de calidad y pureza. Laboratorios Colich\u00f3n ofrece soluciones para salud intestinal y microbiota.\",\"breadcrumb\":{\"@id\":\"https:\\\/\\\/laboratorioscolichon.com\\\/ventacepas\\\/#breadcrumb\"},\"inLanguage\":\"en-US\",\"potentialAction\":[{\"@type\":\"ReadAction\",\"target\":[\"https:\\\/\\\/laboratorioscolichon.com\\\/ventacepas\\\/\"]}]},{\"@type\":\"BreadcrumbList\",\"@id\":\"https:\\\/\\\/laboratorioscolichon.com\\\/ventacepas\\\/#breadcrumb\",\"itemListElement\":[{\"@type\":\"ListItem\",\"position\":1,\"name\":\"Home\",\"item\":\"https:\\\/\\\/laboratorioscolichon.com\\\/\"},{\"@type\":\"ListItem\",\"position\":2,\"name\":\"Venta de cepas probi\u00f3ticas\"}]},{\"@type\":\"WebSite\",\"@id\":\"https:\\\/\\\/laboratorioscolichon.com\\\/#website\",\"url\":\"https:\\\/\\\/laboratorioscolichon.com\\\/\",\"name\":\"LaboratorioColichon\",\"description\":\"Laboratorios Colich\u00f3n: m\u00e1s de 65 a\u00f1os desarrollando PROBI\u00d3TICOS NATURALES Y VIVOS en Per\u00fa. Cepas de alta calidad para la salud intestinal, \u00edntima y familiar, libres de lactosa y gluten.\",\"publisher\":{\"@id\":\"https:\\\/\\\/laboratorioscolichon.com\\\/#organization\"},\"potentialAction\":[{\"@type\":\"SearchAction\",\"target\":{\"@type\":\"EntryPoint\",\"urlTemplate\":\"https:\\\/\\\/laboratorioscolichon.com\\\/?s={search_term_string}\"},\"query-input\":{\"@type\":\"PropertyValueSpecification\",\"valueRequired\":true,\"valueName\":\"search_term_string\"}}],\"inLanguage\":\"en-US\"},{\"@type\":\"Organization\",\"@id\":\"https:\\\/\\\/laboratorioscolichon.com\\\/#organization\",\"name\":\"LaboratorioColichon\",\"url\":\"https:\\\/\\\/laboratorioscolichon.com\\\/\",\"logo\":{\"@type\":\"ImageObject\",\"inLanguage\":\"en-US\",\"@id\":\"https:\\\/\\\/laboratorioscolichon.com\\\/#\\\/schema\\\/logo\\\/image\\\/\",\"url\":\"\",\"contentUrl\":\"\",\"caption\":\"LaboratorioColichon\"},\"image\":{\"@id\":\"https:\\\/\\\/laboratorioscolichon.com\\\/#\\\/schema\\\/logo\\\/image\\\/\"}}]}<\/script>\n<!-- \/ Yoast SEO plugin. -->","yoast_head_json":{"title":"Sale of probiotic strains - LaboratorioColichon","description":"Sale of probiotic strains in Peru with guaranteed quality and purity. Colich\u00f3n Laboratories offers solutions for gut health and microbiota.","robots":{"index":"index","follow":"follow","max-snippet":"max-snippet:-1","max-image-preview":"max-image-preview:large","max-video-preview":"max-video-preview:-1"},"canonical":"https:\/\/laboratorioscolichon.com\/en\/ventacepas\/","og_locale":"en_US","og_type":"article","og_title":"Venta de cepas probi\u00f3ticas - LaboratorioColichon","og_description":"Venta de cepas probi\u00f3ticas en Per\u00fa con garant\u00eda de calidad y pureza. Laboratorios Colich\u00f3n ofrece soluciones para salud intestinal y microbiota.","og_url":"https:\/\/laboratorioscolichon.com\/en\/ventacepas\/","og_site_name":"LaboratorioColichon","article_modified_time":"2025-10-03T16:13:49+00:00","twitter_card":"summary_large_image","twitter_misc":{"Est. reading time":"2 minutes"},"schema":{"@context":"https:\/\/schema.org","@graph":[{"@type":"WebPage","@id":"https:\/\/laboratorioscolichon.com\/ventacepas\/","url":"https:\/\/laboratorioscolichon.com\/ventacepas\/","name":"Sale of probiotic strains - LaboratorioColichon","isPartOf":{"@id":"https:\/\/laboratorioscolichon.com\/#website"},"datePublished":"2019-09-17T08:01:20+00:00","dateModified":"2025-10-03T16:13:49+00:00","description":"Sale of probiotic strains in Peru with guaranteed quality and purity. Colich\u00f3n Laboratories offers solutions for gut health and microbiota.","breadcrumb":{"@id":"https:\/\/laboratorioscolichon.com\/ventacepas\/#breadcrumb"},"inLanguage":"en-US","potentialAction":[{"@type":"ReadAction","target":["https:\/\/laboratorioscolichon.com\/ventacepas\/"]}]},{"@type":"BreadcrumbList","@id":"https:\/\/laboratorioscolichon.com\/ventacepas\/#breadcrumb","itemListElement":[{"@type":"ListItem","position":1,"name":"Home","item":"https:\/\/laboratorioscolichon.com\/"},{"@type":"ListItem","position":2,"name":"Venta de cepas probi\u00f3ticas"}]},{"@type":"WebSite","@id":"https:\/\/laboratorioscolichon.com\/#website","url":"https:\/\/laboratorioscolichon.com\/","name":"Laboratorio Colichon","description":"Colich\u00f3n Laboratories: Over 65 years developing natural, live probiotics in Peru. High-quality strains for intestinal, intimate, and family health, lactose and gluten free.","publisher":{"@id":"https:\/\/laboratorioscolichon.com\/#organization"},"potentialAction":[{"@type":"SearchAction","target":{"@type":"EntryPoint","urlTemplate":"https:\/\/laboratorioscolichon.com\/?s={search_term_string}"},"query-input":{"@type":"PropertyValueSpecification","valueRequired":true,"valueName":"search_term_string"}}],"inLanguage":"en-US"},{"@type":"Organization","@id":"https:\/\/laboratorioscolichon.com\/#organization","name":"Laboratorio Colichon","url":"https:\/\/laboratorioscolichon.com\/","logo":{"@type":"ImageObject","inLanguage":"en-US","@id":"https:\/\/laboratorioscolichon.com\/#\/schema\/logo\/image\/","url":"","contentUrl":"","caption":"LaboratorioColichon"},"image":{"@id":"https:\/\/laboratorioscolichon.com\/#\/schema\/logo\/image\/"}}]}},"jetpack_sharing_enabled":true,"_links":{"self":[{"href":"https:\/\/laboratorioscolichon.com\/en\/wp-json\/wp\/v2\/pages\/3123","targetHints":{"allow":["GET"]}}],"collection":[{"href":"https:\/\/laboratorioscolichon.com\/en\/wp-json\/wp\/v2\/pages"}],"about":[{"href":"https:\/\/laboratorioscolichon.com\/en\/wp-json\/wp\/v2\/types\/page"}],"author":[{"embeddable":true,"href":"https:\/\/laboratorioscolichon.com\/en\/wp-json\/wp\/v2\/users\/1"}],"replies":[{"embeddable":true,"href":"https:\/\/laboratorioscolichon.com\/en\/wp-json\/wp\/v2\/comments?post=3123"}],"version-history":[{"count":5,"href":"https:\/\/laboratorioscolichon.com\/en\/wp-json\/wp\/v2\/pages\/3123\/revisions"}],"predecessor-version":[{"id":7287,"href":"https:\/\/laboratorioscolichon.com\/en\/wp-json\/wp\/v2\/pages\/3123\/revisions\/7287"}],"wp:attachment":[{"href":"https:\/\/laboratorioscolichon.com\/en\/wp-json\/wp\/v2\/media?parent=3123"}],"curies":[{"name":"wp","href":"https:\/\/api.w.org\/{rel}","templated":true}]}}